{"id":2325,"date":"2022-04-22T14:10:32","date_gmt":"2022-04-22T12:10:32","guid":{"rendered":"https:\/\/www.moulindelagassotte.fr\/2022\/?page_id=2325"},"modified":"2025-06-13T10:25:49","modified_gmt":"2025-06-13T08:25:49","slug":"mentions-legales","status":"publish","type":"page","link":"https:\/\/www.moulindelagassotte.fr\/nl\/mentions-legales\/","title":{"rendered":"Wettelijke vermeldingen"},"content":{"rendered":"<div class=\"wp-block-cover alignfull is-light\" style=\"min-height:400px;aspect-ratio:unset;\"><span aria-hidden=\"true\" class=\"wp-block-cover__background has-background-dim-40 has-background-dim\"><\/span><img loading=\"lazy\" decoding=\"async\" width=\"1920\" height=\"1440\" class=\"wp-block-cover__image-background wp-image-1930\" alt=\"\" src=\"https:\/\/www.moulindelagassotte.fr\/2022\/wp-content\/uploads\/2020\/11\/vue-lodge.jpg\" style=\"object-position:49% 28%\" data-object-fit=\"cover\" data-object-position=\"49% 28%\" srcset=\"https:\/\/www.moulindelagassotte.fr\/2022\/wp-content\/uploads\/2020\/11\/vue-lodge.jpg 1920w, https:\/\/www.moulindelagassotte.fr\/2022\/wp-content\/uploads\/2020\/11\/vue-lodge-300x225.jpg 300w, https:\/\/www.moulindelagassotte.fr\/2022\/wp-content\/uploads\/2020\/11\/vue-lodge-1024x768.jpg 1024w, https:\/\/www.moulindelagassotte.fr\/2022\/wp-content\/uploads\/2020\/11\/vue-lodge-768x576.jpg 768w, https:\/\/www.moulindelagassotte.fr\/2022\/wp-content\/uploads\/2020\/11\/vue-lodge-1536x1152.jpg 1536w\" sizes=\"auto, (max-width: 1920px) 100vw, 1920px\" \/><div class=\"wp-block-cover__inner-container is-layout-flow wp-block-cover-is-layout-flow\">\n<div style=\"height:60px\" aria-hidden=\"true\" class=\"wp-block-spacer\"><\/div>\n\n\n\n<h2 class=\"wp-block-heading has-text-align-center has-central-palette-6-color has-text-color\">Wettelijke vermeldingen<\/h2>\n<\/div><\/div>\n\n\n\n<h3 class=\"wp-block-heading\">Publicatie van de website<\/h3>\n\n\n\n<p>Camping du Moulin de la Gassotte<br>10, rue du 8 mei 1945<br>86310 Saint-Savin (gemeente)Vienne)<br>Telefoon: 05 49 48 18 02<br>E-mail: camping@moulindelagassotte.fr<br>SIRET: 821 322 138 00016<\/p>\n\n\n\n<h3 class=\"wp-block-heading\">ONTWERP VAN DE WEBSITE<\/h3>\n\n\n\n<p>Oprichting van de website:\u00a0<a href=\"http:\/\/milaweissweiler.com\/\" target=\"_blank\" rel=\"noreferrer noopener\">Mila Weissweiler<\/a><br>Verantwoordelijk voor de inhoud: Luc Oomen &amp; Monique Niehof<br>Voorbereiding van de inhoud en redactie: Laetitia Sardet,\u00a0<a href=\"http:\/\/www.ls-com.fr\/\" target=\"_blank\" rel=\"noreferrer noopener\">LS Com\u201d<\/a><br>Foto's: Mila Weissweiler, R\u00e9my Berthon<br>Foto's Toerisme pagina's: van de websites van toeristische sites (V\u00e9loRail Chauvigny, Futuroscope, enz.)<br>Kaart: Googlemaps<br>Accommodatie: OVH<\/p>\n\n\n\n<h3 class=\"wp-block-heading\">ALGEMENE GEBRUIKSVOORWAARDEN<\/h3>\n\n\n\n<p>De raadpleging van deze website is toegestaan voor priv\u00e9gebruik door de gebruiker. De voorgestelde informatie wordt ter informatie aan het publiek ter beschikking gesteld en is niet gegarandeerd foutloos. Als u een afwijking op deze site opmerkt, nodigen wij u uit om dit te melden door een e-mail te sturen naar het volgende adres: camping@moulindelagassotte.fr.<br>Door toegang te krijgen tot deze dienst, wordt u ervan op de hoogte gebracht dat het gebruik van het internet naleving vereist van een reeks wetten die u zich ertoe verbindt geen inbreuk te maken, en met name met betrekking tot auteursrecht, computerfraude, de Data Protection Act, de bescherming van de mens, evenals privacy en respect voor privacy.<\/p>\n\n\n\n<p>De links op de pagina's van deze site kunnen de gebruiker naar sites leiden die niet afhankelijk zijn van de site. Moulin de la Gassotte. De Camping wijst alle verantwoordelijkheid af voor de inhoud van sites waarvoor zij niet de uitgever is en die toegankelijk zijn via hypertekstlinks. Elke site die zijn hypertekstverwijzingen wil verbieden of beperken, kan de Camping du Moulin de la Gassotte om alle of een deel van de links die aan hem zijn gemaakt te verwijderen door zijn verzoek per e-mail (camping@moulindelagassotte.fr) of per post te sturen.<\/p>\n\n\n\n<h3 class=\"wp-block-heading\">PERSOONSGEGEVENS EN NOMINATIEVE INFORMATIE<\/h3>\n\n\n\n<p>De Camping du Moulin de la Gassotte eerbiedigt de bepalingen ter bescherming van de rechten van de mens en de fundamentele vrijheden, de bescherming van persoonsgegevens en het vrije verkeer daarvan, alsmede de communautaire richtlijn nr. 95\/46 en wet nr. 78-17 van 6 januari 1978 betreffende gegevensverwerking, bestanden en vrijheden.<br>De declaratoire procedures met betrekking tot de uitvoering van de geautomatiseerde verwerking van persoonsgegevens bij de Commission Nationale Informatique et Libert\u00e9s (CNIL) lopen nog.<br>De gebruiker wordt er met name van in kennis gesteld dat hij overeenkomstig de artikelen 38, 39 en 40 van wet nr. 78-17 van 6 januari 1978 betreffende de gegevensverwerking, de bestanden en de vrijheden, een individueel recht heeft op toegang, rectificatie en verwijdering van de hem betreffende persoonsgegevens. Schriftelijke verzoeken moeten worden gericht aan het volgende adres:<br>De Camping du Moulin de la Gassotte \/ 10, rue du 8 mei 1945 \/ 86310 Saint-Savin (Vienne) \/ Tel.: 05 49 48 18 02 \/ camping@moulindelagassotte.fr<\/p>\n\n\n\n<h3 class=\"wp-block-heading\">INTELLECTUELE EIGENDOM<\/h3>\n\n\n\n<p>Deze website wordt beschermd door de Franse wetgeving die momenteel van kracht is, opgenomen in het Wetboek van Intellectuele Eigendom.<br>In toepassing van de bepalingen van deze Code is elke ongeoorloofde reproductie, weergave of distributie van alle of een deel van de elementen en informatie van deze site verboden, tenzij uitdrukkelijk toegestaan door de eigenaar van de rechten.<br>Reproductie en weergave op elk elektronisch medium is ten strengste verboden, tenzij uitdrukkelijk toegestaan door de rechthebbende.<br>Tenzij uitdrukkelijk toegestaan door de eigenaar van de rechten, is het in het bijzonder verboden om foto's op deze site te kopi\u00ebren, te verspreiden, te extraheren, te hergebruiken, op te slaan, te reproduceren, weer te geven of te bewaren, direct of indirect, op welk medium, op welke manier en in welke vorm dan ook. Een schriftelijk verzoek voor het gebruik van foto's kan echter naar de Camping du Moulin de la Gassotte \/ 10, rue du 8 mei 1945 \/ 86310 Saint-Savin (Vienne) \/ Tel.: 05 49 48 18 02 \/ camping@moulindelagassotte.fr.<\/p>\n\n\n\n<p>De reproductie en weergave van de teksten op deze site op papier is toegestaan onder de volgende drie voorwaarden:<br>\u2013 gratis uitreiking;<br>\u2013 Eerbiediging van de integriteit van de gereproduceerde documenten;<br>\u2013 Duidelijk en leesbaar citaat uit de bron in de volgende vorm: \u201cDit document is afkomstig van de website \u201cwww.moulindelagassotte.fr\u201d. De rechten van reproductie en vertegenwoordiging zijn voorbehouden en strikt beperkt.<\/p>","protected":false},"excerpt":{"rendered":"<p>EDITEUR DU SITE Camping du Moulin de la Gassotte10, rue du 8 Mai 194586310 Saint-Savin (Vienne)T\u00e9l : 05 49 48 18 02Email : camping@moulindelagassotte.frSIRET : 821 322 138&hellip;<\/p>","protected":false},"author":2,"featured_media":0,"parent":0,"menu_order":0,"comment_status":"closed","ping_status":"closed","template":"template-full-width-cover.php","meta":{"footnotes":""},"class_list":["post-2325","page","type-page","status-publish","has-post-thumbnail","hentry"],"yoast_head":"<!-- This site is optimized with the Yoast SEO plugin v27.5 - https:\/\/yoast.com\/product\/yoast-seo-wordpress\/ -->\n<title>Mentions l\u00e9gales - Le Moulin de la Gassotte<\/title>\n<meta name=\"robots\" content=\"index, follow, max-snippet:-1, max-image-preview:large, max-video-preview:-1\" \/>\n<link rel=\"canonical\" href=\"https:\/\/www.moulindelagassotte.fr\/nl\/mentions-legales\/\" \/>\n<meta property=\"og:locale\" content=\"nl_NL\" \/>\n<meta property=\"og:type\" content=\"article\" \/>\n<meta property=\"og:title\" content=\"Mentions l\u00e9gales - Le Moulin de la Gassotte\" \/>\n<meta property=\"og:description\" content=\"EDITEUR DU SITE Camping du Moulin de la Gassotte10, rue du 8 Mai 194586310 Saint-Savin (Vienne)T\u00e9l : 05 49 48 18 02Email : camping@moulindelagassotte.frSIRET : 821 322 138&hellip;\" \/>\n<meta property=\"og:url\" content=\"https:\/\/www.moulindelagassotte.fr\/nl\/mentions-legales\/\" \/>\n<meta property=\"og:site_name\" content=\"Le Moulin de la Gassotte\" \/>\n<meta property=\"article:modified_time\" content=\"2025-06-13T08:25:49+00:00\" \/>\n<meta property=\"og:image\" content=\"https:\/\/www.moulindelagassotte.fr\/2022\/wp-content\/uploads\/2020\/11\/vue-lodge.jpg\" \/>\n\t<meta property=\"og:image:width\" content=\"1920\" \/>\n\t<meta property=\"og:image:height\" content=\"1440\" \/>\n\t<meta property=\"og:image:type\" content=\"image\/jpeg\" \/>\n<meta name=\"twitter:card\" content=\"summary_large_image\" \/>\n<meta name=\"twitter:label1\" content=\"Geschatte leestijd\" \/>\n\t<meta name=\"twitter:data1\" content=\"4 minuten\" \/>\n<script type=\"application\/ld+json\" class=\"yoast-schema-graph\">{\"@context\":\"https:\\\/\\\/schema.org\",\"@graph\":[{\"@type\":\"WebPage\",\"@id\":\"https:\\\/\\\/www.moulindelagassotte.fr\\\/mentions-legales\\\/\",\"url\":\"https:\\\/\\\/www.moulindelagassotte.fr\\\/mentions-legales\\\/\",\"name\":\"Mentions l\u00e9gales - Le Moulin de la Gassotte\",\"isPartOf\":{\"@id\":\"https:\\\/\\\/www.moulindelagassotte.fr\\\/#website\"},\"primaryImageOfPage\":{\"@id\":\"https:\\\/\\\/www.moulindelagassotte.fr\\\/mentions-legales\\\/#primaryimage\"},\"image\":{\"@id\":\"https:\\\/\\\/www.moulindelagassotte.fr\\\/mentions-legales\\\/#primaryimage\"},\"thumbnailUrl\":\"https:\\\/\\\/www.moulindelagassotte.fr\\\/2022\\\/wp-content\\\/uploads\\\/2020\\\/11\\\/vue-lodge.jpg\",\"datePublished\":\"2022-04-22T12:10:32+00:00\",\"dateModified\":\"2025-06-13T08:25:49+00:00\",\"breadcrumb\":{\"@id\":\"https:\\\/\\\/www.moulindelagassotte.fr\\\/mentions-legales\\\/#breadcrumb\"},\"inLanguage\":\"nl-NL\",\"potentialAction\":[{\"@type\":\"ReadAction\",\"target\":[\"https:\\\/\\\/www.moulindelagassotte.fr\\\/mentions-legales\\\/\"]}]},{\"@type\":\"ImageObject\",\"inLanguage\":\"nl-NL\",\"@id\":\"https:\\\/\\\/www.moulindelagassotte.fr\\\/mentions-legales\\\/#primaryimage\",\"url\":\"https:\\\/\\\/www.moulindelagassotte.fr\\\/2022\\\/wp-content\\\/uploads\\\/2020\\\/11\\\/vue-lodge.jpg\",\"contentUrl\":\"https:\\\/\\\/www.moulindelagassotte.fr\\\/2022\\\/wp-content\\\/uploads\\\/2020\\\/11\\\/vue-lodge.jpg\"},{\"@type\":\"BreadcrumbList\",\"@id\":\"https:\\\/\\\/www.moulindelagassotte.fr\\\/mentions-legales\\\/#breadcrumb\",\"itemListElement\":[{\"@type\":\"ListItem\",\"position\":1,\"name\":\"Accueil\",\"item\":\"https:\\\/\\\/www.moulindelagassotte.fr\\\/\"},{\"@type\":\"ListItem\",\"position\":2,\"name\":\"Mentions l\u00e9gales\"}]},{\"@type\":\"WebSite\",\"@id\":\"https:\\\/\\\/www.moulindelagassotte.fr\\\/#website\",\"url\":\"https:\\\/\\\/www.moulindelagassotte.fr\\\/\",\"name\":\"Le Moulin de la Gassotte\",\"description\":\"Camping - G\u00eetes - G\u00eete d&#039;\u00c9tape \u00e0 Saint-Savin (86)\",\"publisher\":{\"@id\":\"https:\\\/\\\/www.moulindelagassotte.fr\\\/#organization\"},\"potentialAction\":[{\"@type\":\"SearchAction\",\"target\":{\"@type\":\"EntryPoint\",\"urlTemplate\":\"https:\\\/\\\/www.moulindelagassotte.fr\\\/?s={search_term_string}\"},\"query-input\":{\"@type\":\"PropertyValueSpecification\",\"valueRequired\":true,\"valueName\":\"search_term_string\"}}],\"inLanguage\":\"nl-NL\"},{\"@type\":\"Organization\",\"@id\":\"https:\\\/\\\/www.moulindelagassotte.fr\\\/#organization\",\"name\":\"Le Moulin de la Gassotte\",\"url\":\"https:\\\/\\\/www.moulindelagassotte.fr\\\/\",\"logo\":{\"@type\":\"ImageObject\",\"inLanguage\":\"nl-NL\",\"@id\":\"https:\\\/\\\/www.moulindelagassotte.fr\\\/#\\\/schema\\\/logo\\\/image\\\/\",\"url\":\"https:\\\/\\\/www.moulindelagassotte.fr\\\/2022\\\/wp-content\\\/uploads\\\/2022\\\/04\\\/logo-gassotte-gris.png\",\"contentUrl\":\"https:\\\/\\\/www.moulindelagassotte.fr\\\/2022\\\/wp-content\\\/uploads\\\/2022\\\/04\\\/logo-gassotte-gris.png\",\"width\":300,\"height\":112,\"caption\":\"Le Moulin de la Gassotte\"},\"image\":{\"@id\":\"https:\\\/\\\/www.moulindelagassotte.fr\\\/#\\\/schema\\\/logo\\\/image\\\/\"}}]}<\/script>\n<!-- \/ Yoast SEO plugin. -->","yoast_head_json":{"title":"Mentions l\u00e9gales - Le Moulin de la Gassotte","robots":{"index":"index","follow":"follow","max-snippet":"max-snippet:-1","max-image-preview":"max-image-preview:large","max-video-preview":"max-video-preview:-1"},"canonical":"https:\/\/www.moulindelagassotte.fr\/nl\/mentions-legales\/","og_locale":"nl_NL","og_type":"article","og_title":"Mentions l\u00e9gales - Le Moulin de la Gassotte","og_description":"EDITEUR DU SITE Camping du Moulin de la Gassotte10, rue du 8 Mai 194586310 Saint-Savin (Vienne)T\u00e9l : 05 49 48 18 02Email : camping@moulindelagassotte.frSIRET : 821 322 138&hellip;","og_url":"https:\/\/www.moulindelagassotte.fr\/nl\/mentions-legales\/","og_site_name":"Le Moulin de la Gassotte","article_modified_time":"2025-06-13T08:25:49+00:00","og_image":[{"width":1920,"height":1440,"url":"https:\/\/www.moulindelagassotte.fr\/2022\/wp-content\/uploads\/2020\/11\/vue-lodge.jpg","type":"image\/jpeg"}],"twitter_card":"summary_large_image","twitter_misc":{"Geschatte leestijd":"4 minuten"},"schema":{"@context":"https:\/\/schema.org","@graph":[{"@type":"WebPage","@id":"https:\/\/www.moulindelagassotte.fr\/mentions-legales\/","url":"https:\/\/www.moulindelagassotte.fr\/mentions-legales\/","name":"Mentions l\u00e9gales - Le Moulin de la Gassotte","isPartOf":{"@id":"https:\/\/www.moulindelagassotte.fr\/#website"},"primaryImageOfPage":{"@id":"https:\/\/www.moulindelagassotte.fr\/mentions-legales\/#primaryimage"},"image":{"@id":"https:\/\/www.moulindelagassotte.fr\/mentions-legales\/#primaryimage"},"thumbnailUrl":"https:\/\/www.moulindelagassotte.fr\/2022\/wp-content\/uploads\/2020\/11\/vue-lodge.jpg","datePublished":"2022-04-22T12:10:32+00:00","dateModified":"2025-06-13T08:25:49+00:00","breadcrumb":{"@id":"https:\/\/www.moulindelagassotte.fr\/mentions-legales\/#breadcrumb"},"inLanguage":"nl-NL","potentialAction":[{"@type":"ReadAction","target":["https:\/\/www.moulindelagassotte.fr\/mentions-legales\/"]}]},{"@type":"ImageObject","inLanguage":"nl-NL","@id":"https:\/\/www.moulindelagassotte.fr\/mentions-legales\/#primaryimage","url":"https:\/\/www.moulindelagassotte.fr\/2022\/wp-content\/uploads\/2020\/11\/vue-lodge.jpg","contentUrl":"https:\/\/www.moulindelagassotte.fr\/2022\/wp-content\/uploads\/2020\/11\/vue-lodge.jpg"},{"@type":"BreadcrumbList","@id":"https:\/\/www.moulindelagassotte.fr\/mentions-legales\/#breadcrumb","itemListElement":[{"@type":"ListItem","position":1,"name":"Accueil","item":"https:\/\/www.moulindelagassotte.fr\/"},{"@type":"ListItem","position":2,"name":"Mentions l\u00e9gales"}]},{"@type":"WebSite","@id":"https:\/\/www.moulindelagassotte.fr\/#website","url":"https:\/\/www.moulindelagassotte.fr\/","name":"Le Moulin de la Gassotte","description":"Camping - G\u00eetes - G\u00eete d&#039;\u00c9tape \u00e0 Saint-Savin (86)","publisher":{"@id":"https:\/\/www.moulindelagassotte.fr\/#organization"},"potentialAction":[{"@type":"SearchAction","target":{"@type":"EntryPoint","urlTemplate":"https:\/\/www.moulindelagassotte.fr\/?s={search_term_string}"},"query-input":{"@type":"PropertyValueSpecification","valueRequired":true,"valueName":"search_term_string"}}],"inLanguage":"nl-NL"},{"@type":"Organization","@id":"https:\/\/www.moulindelagassotte.fr\/#organization","name":"Le Moulin de la Gassotte","url":"https:\/\/www.moulindelagassotte.fr\/","logo":{"@type":"ImageObject","inLanguage":"nl-NL","@id":"https:\/\/www.moulindelagassotte.fr\/#\/schema\/logo\/image\/","url":"https:\/\/www.moulindelagassotte.fr\/2022\/wp-content\/uploads\/2022\/04\/logo-gassotte-gris.png","contentUrl":"https:\/\/www.moulindelagassotte.fr\/2022\/wp-content\/uploads\/2022\/04\/logo-gassotte-gris.png","width":300,"height":112,"caption":"Le Moulin de la Gassotte"},"image":{"@id":"https:\/\/www.moulindelagassotte.fr\/#\/schema\/logo\/image\/"}}]}},"_links":{"self":[{"href":"https:\/\/www.moulindelagassotte.fr\/nl\/wp-json\/wp\/v2\/pages\/2325","targetHints":{"allow":["GET"]}}],"collection":[{"href":"https:\/\/www.moulindelagassotte.fr\/nl\/wp-json\/wp\/v2\/pages"}],"about":[{"href":"https:\/\/www.moulindelagassotte.fr\/nl\/wp-json\/wp\/v2\/types\/page"}],"author":[{"embeddable":true,"href":"https:\/\/www.moulindelagassotte.fr\/nl\/wp-json\/wp\/v2\/users\/2"}],"replies":[{"embeddable":true,"href":"https:\/\/www.moulindelagassotte.fr\/nl\/wp-json\/wp\/v2\/comments?post=2325"}],"version-history":[{"count":3,"href":"https:\/\/www.moulindelagassotte.fr\/nl\/wp-json\/wp\/v2\/pages\/2325\/revisions"}],"predecessor-version":[{"id":2703,"href":"https:\/\/www.moulindelagassotte.fr\/nl\/wp-json\/wp\/v2\/pages\/2325\/revisions\/2703"}],"wp:attachment":[{"href":"https:\/\/www.moulindelagassotte.fr\/nl\/wp-json\/wp\/v2\/media?parent=2325"}],"curies":[{"name":"wp","href":"https:\/\/api.w.org\/{rel}","templated":true}]}}