{"id":2149,"date":"2022-03-17T12:18:46","date_gmt":"2022-03-17T11:18:46","guid":{"rendered":"https:\/\/www.moulindelagassotte.fr\/2022\/?page_id=2149"},"modified":"2026-03-13T11:08:23","modified_gmt":"2026-03-13T10:08:23","slug":"tarifs","status":"publish","type":"page","link":"https:\/\/www.moulindelagassotte.fr\/nl\/tarifs\/","title":{"rendered":"Tarieven"},"content":{"rendered":"<div class=\"wp-block-cover alignfull\" style=\"min-height:400px;aspect-ratio:unset;\"><img loading=\"lazy\" decoding=\"async\" width=\"2000\" height=\"1400\" class=\"wp-block-cover__image-background wp-image-1477\" alt=\"\" src=\"https:\/\/www.moulindelagassotte.fr\/2022\/wp-content\/uploads\/2018\/02\/accueil-groupes.jpg\" style=\"object-position:51% 57%\" data-object-fit=\"cover\" data-object-position=\"51% 57%\" srcset=\"https:\/\/www.moulindelagassotte.fr\/2022\/wp-content\/uploads\/2018\/02\/accueil-groupes.jpg 2000w, https:\/\/www.moulindelagassotte.fr\/2022\/wp-content\/uploads\/2018\/02\/accueil-groupes-300x210.jpg 300w, https:\/\/www.moulindelagassotte.fr\/2022\/wp-content\/uploads\/2018\/02\/accueil-groupes-1024x717.jpg 1024w, https:\/\/www.moulindelagassotte.fr\/2022\/wp-content\/uploads\/2018\/02\/accueil-groupes-768x538.jpg 768w, https:\/\/www.moulindelagassotte.fr\/2022\/wp-content\/uploads\/2018\/02\/accueil-groupes-1536x1075.jpg 1536w\" sizes=\"auto, (max-width: 2000px) 100vw, 2000px\" \/><span aria-hidden=\"true\" class=\"wp-block-cover__background has-background-dim-40 has-background-dim\"><\/span><div class=\"wp-block-cover__inner-container is-layout-flow wp-block-cover-is-layout-flow\">\n<div style=\"height:60px\" aria-hidden=\"true\" class=\"wp-block-spacer\"><\/div>\n\n\n\n<h2 class=\"wp-block-heading has-text-align-center has-central-palette-6-color has-text-color\">Onze tarieven<\/h2>\n\n\n\n<p class=\"has-text-align-center monter25 has-central-palette-6-color has-text-color has-large-font-size\">Tarieven voor staanplaatsen, lodges, stacaravans en g\u00eetes<\/p>\n<\/div><\/div>\n\n\n\n<h2 class=\"wp-block-heading has-text-align-center\">Locatie tarieven 2026<\/h2>\n\n\n\n<p class=\"has-text-align-center\">Geopend van 13 maart tot 11 oktober<\/p>\n\n\n\n<div class=\"wp-block-columns is-layout-flex wp-container-core-columns-is-layout-9d6595d7 wp-block-columns-is-layout-flex\">\n<div class=\"wp-block-column is-layout-flow wp-block-column-is-layout-flow\" style=\"flex-basis:100%\">\n<div class=\"wp-block-columns is-layout-flex wp-container-core-columns-is-layout-9d6595d7 wp-block-columns-is-layout-flex\">\n<div class=\"wp-block-column is-layout-flow wp-block-column-is-layout-flow\" style=\"flex-basis:100%\">\n<div class=\"wp-block-columns is-layout-flex wp-container-core-columns-is-layout-9d6595d7 wp-block-columns-is-layout-flex\">\n<div class=\"wp-block-column is-layout-flow wp-block-column-is-layout-flow\" style=\"flex-basis:100%\">\n<figure class=\"wp-block-table alignwide monter50 is-style-stripes\"><table><thead><tr><th><\/th><th class=\"has-text-align-center\" data-align=\"center\"><\/th><th class=\"has-text-align-center\" data-align=\"center\"><\/th><\/tr><\/thead><tbody><tr><td><strong><em>Tarieven per nacht<\/em><\/strong><\/td><td class=\"has-text-align-center\" data-align=\"center\"><strong><em>laagseizoen<\/em><\/strong><br><\/td><td class=\"has-text-align-center\" data-align=\"center\"><em><strong>hoogseizoen**<br><\/strong><\/em><\/td><\/tr><tr><td>Locatie , 2 pers <br>(1 tent, 1 caravan of kampeerauto, 1 auto, elektriciteit)<\/td><td class=\"has-text-align-center\" data-align=\"center\">20 \u20ac<\/td><td class=\"has-text-align-center\" data-align=\"center\">26 \u20ac<\/td><\/tr><tr><td>Zonder elektriciteit<\/td><td class=\"has-text-align-center\" data-align=\"center\">-\/- 4 \u20ac<\/td><td class=\"has-text-align-center\" data-align=\"center\">-\/- 4 \u20ac<\/td><\/tr><tr><td>Extra persoon<br>(vanaf 4 jaar)<\/td><td class=\"has-text-align-center\" data-align=\"center\">5 \u20ac<\/td><td class=\"has-text-align-center\" data-align=\"center\">5 \u20ac<\/td><\/tr><tr><td>Dier<\/td><td class=\"has-text-align-center\" data-align=\"center\">1,75 \u20ac<\/td><td class=\"has-text-align-center\" data-align=\"center\">1,75 \u20ac<\/td><\/tr><tr><td>Extra voertuig<\/td><td class=\"has-text-align-center\" data-align=\"center\">5 \u20ac<\/td><td class=\"has-text-align-center\" data-align=\"center\">5 \u20ac<\/td><\/tr><tr><td>Toeristenbelasting (+ 18 jaar); per persoon<\/td><td class=\"has-text-align-center\" data-align=\"center\">0,22 \u20ac<br><\/td><td class=\"has-text-align-center\" data-align=\"center\">0,22  \u20ac<\/td><\/tr><\/tbody><\/table><\/figure>\n<\/div>\n<\/div>\n<\/div>\n<\/div>\n<\/div>\n<\/div>\n\n\n\n<p>** De hoogseizoen tarieven gelden tijdens het Pinksterweekend en in de zomer: 10\/07\/2026 t\/m 27\/09\/2026<\/p>\n\n\n\n<p>?? ??? <br>Sanitaire gebouwen zijn geopend van begin april tot begin oktober, buiten deze periode zijn toiletten en een douche beschikbaar in het molengebouw.<\/p>\n\n\n\n<p><\/p>\n\n\n\n<p>?? ??? <br>Dieren worden geaccepteerd met hun vaccinatieboekje up-to-date, het is verplicht om ze aan de lijn te houden en hun uitwerpselen op te halen.<\/p>\n\n\n\n<div class=\"wp-block-buttons is-layout-flex wp-block-buttons-is-layout-flex\">\n<div class=\"wp-block-button has-custom-width wp-block-button__width-100\"><a class=\"wp-block-button__link wp-element-button\" href=\"https:\/\/www.moulindelagassotte.fr\/nl\/reserver-emplacement\/\">Boek een locatie<\/a><\/div>\n<\/div>\n\n\n\n<div class=\"wp-block-cover alignfull has-parallax\" style=\"min-height:400px;aspect-ratio:unset;\"><div class=\"wp-block-cover__image-background wp-image-749 has-parallax\" style=\"background-position:50% 50%;background-image:url(https:\/\/www.moulindelagassotte.fr\/2022\/wp-content\/uploads\/2017\/12\/lodge-2pers-ext.jpg)\"><\/div><span aria-hidden=\"true\" class=\"wp-block-cover__background has-background-dim-10 has-background-dim\"><\/span><div class=\"wp-block-cover__inner-container is-layout-flow wp-block-cover-is-layout-flow\">\n<p class=\"has-text-align-center has-large-font-size\"><\/p>\n<\/div><\/div>\n\n\n\n<h2 class=\"wp-block-heading has-text-align-center\">Tarieven voor lodges en mobiele tenten 2026<\/h2>\n\n\n\n<p class=\"has-text-align-center\"><\/p>\n\n\n\n<figure class=\"wp-block-table alignwide is-style-stripes monter50\"><table class=\"has-fixed-layout\"><thead><tr><th>Tarieven per nacht voor 2 personen<br><strong>Hoogseizoen**(Lage doorverwijzing)<\/strong><\/th><th class=\"has-text-align-center\" data-align=\"center\">1 of 2 nachten<\/th><th class=\"has-text-align-center\" data-align=\"center\">3 tot 6 nachten<\/th><th class=\"has-text-align-center\" data-align=\"center\">7 nachten en meer<\/th><\/tr><\/thead><tbody><tr><td>Lodge \"baroudeur\", 2 personen, 7 m2<\/td><td class=\"has-text-align-center\" data-align=\"center\">40 \u20ac (35 \u20ac)<\/td><td class=\"has-text-align-center\" data-align=\"center\">37,50 \u20ac (32,50 \u20ac)<\/td><td class=\"has-text-align-center\" data-align=\"center\">35 \u20ac (30 \u20ac)<\/td><\/tr><tr><td>Lodge \"Loutre\", max 4 personen, 30 m2<\/td><td class=\"has-text-align-center\" data-align=\"center\">60 \u20ac (50 \u20ac)<\/td><td class=\"has-text-align-center\" data-align=\"center\">57,50 \u20ac (47,50 \u20ac)<\/td><td class=\"has-text-align-center\" data-align=\"center\">55 \u20ac (45 \u20ac)<\/td><\/tr><tr><td>Mobiele tent, \"Castor\" 4 personen, 30 m2, sdb *<\/td><td class=\"has-text-align-center\" data-align=\"center\">75 \u20ac (65 \u20ac)<\/td><td class=\"has-text-align-center\" data-align=\"center\">70 \u20ac (60 \u20ac)<\/td><td class=\"has-text-align-center\" data-align=\"center\">65 \u20ac (55 \u20ac)<\/td><\/tr><tr><td>Mobiele tent, \"Blaireau\" 4 personen 30 m2, sdb*<\/td><td class=\"has-text-align-center\" data-align=\"center\">75 \u20ac (65 \u20ac)<\/td><td class=\"has-text-align-center\" data-align=\"center\">70 \u20ac (60 \u20ac)<\/td><td class=\"has-text-align-center\" data-align=\"center\">65 \u20ac (55 \u20ac)<\/td><\/tr><\/tbody><\/table><\/figure>\n\n\n\n<p>*Mobiele tent schoonmaakkosten: 25 \u20ac per verblijf<br> (Lodges Otter en Baroudeur optionele schoonmaak)<\/p>\n\n\n\n<p>** De hoogseizoen tarieven gelden tijdens het Pinksterweekend en in de zomer: 10\/07\/2026 t\/m 27\/09\/2026<\/p>\n\n\n\n<p>Bedlinnen: 7,50 \u20ac per persoon optioneel<\/p>\n\n\n\n<p>Extra persoon 10 \u20ac per nacht<\/p>\n\n\n\n<p>Toeristenbelasting (+ 18 jaar): 0.22 \u20ac per nacht per persoon <\/p>\n\n\n\n<div class=\"wp-block-buttons is-layout-flex wp-block-buttons-is-layout-flex\">\n<div class=\"wp-block-button\"><a class=\"wp-block-button__link wp-element-button\" href=\"https:\/\/www.moulindelagassotte.fr\/nl\/reserver-une-lodge-ou-mobiltente\/\">Reserveren lodge of mobil-tent<\/a><\/div>\n<\/div>\n\n\n\n<p><br>Beschikbaar voor verhuur van eind april tot begin oktober, afhankelijk van het weer.<\/p>\n\n\n\n<div style=\"height:100px\" aria-hidden=\"true\" class=\"wp-block-spacer\"><\/div>\n\n\n\n<div class=\"wp-block-cover alignfull has-parallax\" style=\"min-height:402px;aspect-ratio:unset;\"><div class=\"wp-block-cover__image-background wp-image-2761 size-large has-parallax\" style=\"background-position:50% 50%;background-image:url(https:\/\/www.moulindelagassotte.fr\/2022\/wp-content\/uploads\/2025\/04\/g3-2-1-1024x768.jpg)\"><\/div><span aria-hidden=\"true\" class=\"wp-block-cover__background has-background-dim-0 has-background-dim\" style=\"background-color:#81736e\"><\/span><div class=\"wp-block-cover__inner-container is-layout-flow wp-block-cover-is-layout-flow\">\n<p class=\"has-text-align-center has-large-font-size\" id=\"tarifsgites\"><\/p>\n<\/div><\/div>\n\n\n\n<h2 class=\"wp-block-heading has-text-align-center\">Tarieven van gites 2026<\/h2>\n\n\n\n<figure class=\"wp-block-table alignwide is-style-stripes monter50\"><table><thead><tr><th><br><br>Tarieven per nacht<br>(2 personen)<br><strong>Hoogseizoen**(Lage doorverwijzing)<\/strong><\/th><th class=\"has-text-align-center\" data-align=\"center\">1 of 2 nachten<\/th><th class=\"has-text-align-center\" data-align=\"center\">1 of 2 nachten<\/th><th class=\"has-text-align-center\" data-align=\"center\">3 tot 6 nachten<\/th><th class=\"has-text-align-center\" data-align=\"center\">7 nachten en meer<\/th><th class=\"has-text-align-center\" data-align=\"center\">Niemand <br>bijkomend*<\/th><\/tr><\/thead><tbody><tr><td>2 personen<br><\/td><td class=\"has-text-align-center\" data-align=\"center\">65 \u20ac<\/td><td class=\"has-text-align-center\" data-align=\"center\">60 \u20ac<\/td><td class=\"has-text-align-center\" data-align=\"center\">60 \u20ac (55 \u20ac)<\/td><td class=\"has-text-align-center\" data-align=\"center\">55 \u20ac (50 \u20ac)<\/td><td class=\"has-text-align-center\" data-align=\"center\">maximaal 2<br>&gt;3 jaar 10 \u20ac <br> &lt;3 jaar 0 \u20ac<\/td><\/tr><\/tbody><\/table><\/figure>\n\n\n\n<p>** De hoogseizoen tarieven gelden tijdens het Pinksterweekend en in de zomer: 10\/07\/2026 t\/m 27\/09\/2026<\/p>\n\n\n\n<p>Toeristenbelasting 5% huurprijs<\/p>\n\n\n\n<p>Schoonmaakkosten 25 \u20ac per verblijf<\/p>\n\n\n\n<p>Beddengoed en handdoeken: 7,50 \u20ac per persoon optioneel<\/p>\n\n\n\n<p><strong>Gite 1<\/strong> \"Le Lis\": 2* personen, begane grond, tweepersoonsbed en slaapbank<\/p>\n\n\n\n<p><strong>Gite 2<\/strong> \"De Roos\": 2* personen, begane grond, tweepersoonsbed en twee eenpersoonsslaapbanken<\/p>\n\n\n\n<p><strong>Gite 3<\/strong> \"De tulp\": 2* personen, eerste verdieping, tweepersoonsbed en twee eenpersoons slaapbanken<\/p>\n\n\n\n<p>*Als u wenst te verblijven in een huisje met meer dan 2 personen, stuur dan een e-mail.<\/p>\n\n\n\n<div class=\"wp-block-buttons is-layout-flex wp-block-buttons-is-layout-flex\">\n<div class=\"wp-block-button has-custom-width wp-block-button__width-100\" id=\"giteetape\"><a class=\"wp-block-button__link wp-element-button\" href=\"https:\/\/www.moulindelagassotte.fr\/nl\/reserver-une-gite\/\">Boek een cottage<\/a><\/div>\n<\/div>\n\n\n\n<p><\/p>\n\n\n\n<p class=\"has-text-align-center has-large-font-size\"><strong>Tarieven van de G\u00eete d\u2019step \/ <strong>Familie huisje<\/strong><\/strong> <strong>2026<\/strong><\/p>\n\n\n\n<figure class=\"wp-block-table alignwide is-style-stripes monter50\"><table class=\"has-fixed-layout\"><thead><tr><th><strong>G\u00eete d'\u00e9tape (stapelbedden)<\/strong><\/th><th class=\"has-text-align-left\" data-align=\"left\">De nacht<\/th><\/tr><\/thead><tbody><tr><td>\u2013 Persoon (bed)<\/td><td class=\"has-text-align-left\" data-align=\"left\">30 \u20ac<\/td><\/tr><tr><td>\u2013 Groep max. 10 personen<\/td><td class=\"has-text-align-left\" data-align=\"left\">200 \u20ac*<\/td><\/tr><tr><td>\u2013 Bedlinnen \u20ac 7,5 facultatief<\/td><td class=\"has-text-align-left\" data-align=\"left\"><\/td><\/tr><tr><td>\u2013 Toeristenbelasting 5% huurprijs<\/td><td class=\"has-text-align-left\" data-align=\"left\"><\/td><\/tr><tr><td>* Schoonmaak 35 \u20ac per verblijf vereist<\/td><td class=\"has-text-align-left\" data-align=\"left\"><\/td><\/tr><\/tbody><\/table><\/figure>\n\n\n\n<p>U kunt ook de hele G\u00eete d'Etape met de grote kamer huren. Ideaal voor groepsactiviteiten en lessen voor meerdere dagen. Stuur ons een e-mail voor meer informatie<\/p>\n\n\n\n<div class=\"wp-block-buttons is-layout-flex wp-block-buttons-is-layout-flex\">\n<div class=\"wp-block-button has-custom-width wp-block-button__width-100\"><a class=\"wp-block-button__link wp-element-button\" href=\"https:\/\/www.moulindelagassotte.fr\/nl\/reserver-un-lit\/\">Boek een bed<\/a><\/div>\n<\/div>\n\n\n\n<p><\/p>\n\n\n\n<div class=\"wp-block-cover alignfull has-parallax\" style=\"min-height:400px;aspect-ratio:unset;\"><div class=\"wp-block-cover__image-background wp-image-749 has-parallax\" style=\"background-position:50% 50%;background-image:url(https:\/\/www.moulindelagassotte.fr\/2022\/wp-content\/uploads\/2017\/12\/lodge-2pers-ext.jpg)\"><\/div><span aria-hidden=\"true\" class=\"wp-block-cover__background has-background-dim-10 has-background-dim\"><\/span><div class=\"wp-block-cover__inner-container is-layout-flow wp-block-cover-is-layout-flow\">\n<p class=\"has-text-align-center has-large-font-size\"><\/p>\n<\/div><\/div>\n\n\n\n<p class=\"has-text-align-center has-large-font-size\"><\/p>\n\n\n\n<p><\/p>","protected":false},"excerpt":{"rendered":"<p>Tarifs des emplacements 2026 Ouvert de 13 mars &#8211; 11 octobre Tarifs \u00e0 la nuit\u00e9e basse saison haute saison** Emplacement , 2 pers (1 tente, 1 caravanne ou&hellip;<\/p>","protected":false},"author":2,"featured_media":0,"parent":0,"menu_order":0,"comment_status":"closed","ping_status":"closed","template":"template-full-width-cover.php","meta":{"footnotes":""},"class_list":["post-2149","page","type-page","status-publish","has-post-thumbnail","hentry"],"yoast_head":"<!-- This site is optimized with the Yoast SEO plugin v27.4 - https:\/\/yoast.com\/product\/yoast-seo-wordpress\/ -->\n<title>Tarifs - Le Moulin de la Gassotte<\/title>\n<meta name=\"robots\" content=\"index, follow, max-snippet:-1, max-image-preview:large, max-video-preview:-1\" \/>\n<link rel=\"canonical\" href=\"https:\/\/www.moulindelagassotte.fr\/nl\/tarifs\/\" \/>\n<meta property=\"og:locale\" content=\"nl_NL\" \/>\n<meta property=\"og:type\" content=\"article\" \/>\n<meta property=\"og:title\" content=\"Tarifs - Le Moulin de la Gassotte\" \/>\n<meta property=\"og:description\" content=\"Tarifs des emplacements 2026 Ouvert de 13 mars &#8211; 11 octobre Tarifs \u00e0 la nuit\u00e9e basse saison haute saison** Emplacement , 2 pers (1 tente, 1 caravanne ou&hellip;\" \/>\n<meta property=\"og:url\" content=\"https:\/\/www.moulindelagassotte.fr\/nl\/tarifs\/\" \/>\n<meta property=\"og:site_name\" content=\"Le Moulin de la Gassotte\" \/>\n<meta property=\"article:modified_time\" content=\"2026-03-13T10:08:23+00:00\" \/>\n<meta property=\"og:image\" content=\"https:\/\/www.moulindelagassotte.fr\/2022\/wp-content\/uploads\/2018\/02\/accueil-groupes.jpg\" \/>\n\t<meta property=\"og:image:width\" content=\"2000\" \/>\n\t<meta property=\"og:image:height\" content=\"1400\" \/>\n\t<meta property=\"og:image:type\" content=\"image\/jpeg\" \/>\n<meta name=\"twitter:card\" content=\"summary_large_image\" \/>\n<meta name=\"twitter:label1\" content=\"Geschatte leestijd\" \/>\n\t<meta name=\"twitter:data1\" content=\"4 minuten\" \/>\n<script type=\"application\/ld+json\" class=\"yoast-schema-graph\">{\"@context\":\"https:\\\/\\\/schema.org\",\"@graph\":[{\"@type\":\"WebPage\",\"@id\":\"https:\\\/\\\/www.moulindelagassotte.fr\\\/tarifs\\\/\",\"url\":\"https:\\\/\\\/www.moulindelagassotte.fr\\\/tarifs\\\/\",\"name\":\"Tarifs - Le Moulin de la Gassotte\",\"isPartOf\":{\"@id\":\"https:\\\/\\\/www.moulindelagassotte.fr\\\/#website\"},\"primaryImageOfPage\":{\"@id\":\"https:\\\/\\\/www.moulindelagassotte.fr\\\/tarifs\\\/#primaryimage\"},\"image\":{\"@id\":\"https:\\\/\\\/www.moulindelagassotte.fr\\\/tarifs\\\/#primaryimage\"},\"thumbnailUrl\":\"https:\\\/\\\/www.moulindelagassotte.fr\\\/2022\\\/wp-content\\\/uploads\\\/2018\\\/02\\\/accueil-groupes.jpg\",\"datePublished\":\"2022-03-17T11:18:46+00:00\",\"dateModified\":\"2026-03-13T10:08:23+00:00\",\"breadcrumb\":{\"@id\":\"https:\\\/\\\/www.moulindelagassotte.fr\\\/tarifs\\\/#breadcrumb\"},\"inLanguage\":\"nl-NL\",\"potentialAction\":[{\"@type\":\"ReadAction\",\"target\":[\"https:\\\/\\\/www.moulindelagassotte.fr\\\/tarifs\\\/\"]}]},{\"@type\":\"ImageObject\",\"inLanguage\":\"nl-NL\",\"@id\":\"https:\\\/\\\/www.moulindelagassotte.fr\\\/tarifs\\\/#primaryimage\",\"url\":\"https:\\\/\\\/www.moulindelagassotte.fr\\\/2022\\\/wp-content\\\/uploads\\\/2018\\\/02\\\/accueil-groupes.jpg\",\"contentUrl\":\"https:\\\/\\\/www.moulindelagassotte.fr\\\/2022\\\/wp-content\\\/uploads\\\/2018\\\/02\\\/accueil-groupes.jpg\"},{\"@type\":\"BreadcrumbList\",\"@id\":\"https:\\\/\\\/www.moulindelagassotte.fr\\\/tarifs\\\/#breadcrumb\",\"itemListElement\":[{\"@type\":\"ListItem\",\"position\":1,\"name\":\"Accueil\",\"item\":\"https:\\\/\\\/www.moulindelagassotte.fr\\\/\"},{\"@type\":\"ListItem\",\"position\":2,\"name\":\"Tarifs\"}]},{\"@type\":\"WebSite\",\"@id\":\"https:\\\/\\\/www.moulindelagassotte.fr\\\/#website\",\"url\":\"https:\\\/\\\/www.moulindelagassotte.fr\\\/\",\"name\":\"Le Moulin de la Gassotte\",\"description\":\"Camping - G\u00eetes - G\u00eete d&#039;\u00c9tape \u00e0 Saint-Savin (86)\",\"publisher\":{\"@id\":\"https:\\\/\\\/www.moulindelagassotte.fr\\\/#organization\"},\"potentialAction\":[{\"@type\":\"SearchAction\",\"target\":{\"@type\":\"EntryPoint\",\"urlTemplate\":\"https:\\\/\\\/www.moulindelagassotte.fr\\\/?s={search_term_string}\"},\"query-input\":{\"@type\":\"PropertyValueSpecification\",\"valueRequired\":true,\"valueName\":\"search_term_string\"}}],\"inLanguage\":\"nl-NL\"},{\"@type\":\"Organization\",\"@id\":\"https:\\\/\\\/www.moulindelagassotte.fr\\\/#organization\",\"name\":\"Le Moulin de la Gassotte\",\"url\":\"https:\\\/\\\/www.moulindelagassotte.fr\\\/\",\"logo\":{\"@type\":\"ImageObject\",\"inLanguage\":\"nl-NL\",\"@id\":\"https:\\\/\\\/www.moulindelagassotte.fr\\\/#\\\/schema\\\/logo\\\/image\\\/\",\"url\":\"https:\\\/\\\/www.moulindelagassotte.fr\\\/2022\\\/wp-content\\\/uploads\\\/2022\\\/04\\\/logo-gassotte-gris.png\",\"contentUrl\":\"https:\\\/\\\/www.moulindelagassotte.fr\\\/2022\\\/wp-content\\\/uploads\\\/2022\\\/04\\\/logo-gassotte-gris.png\",\"width\":300,\"height\":112,\"caption\":\"Le Moulin de la Gassotte\"},\"image\":{\"@id\":\"https:\\\/\\\/www.moulindelagassotte.fr\\\/#\\\/schema\\\/logo\\\/image\\\/\"}}]}<\/script>\n<!-- \/ Yoast SEO plugin. -->","yoast_head_json":{"title":"Tarifs - Le Moulin de la Gassotte","robots":{"index":"index","follow":"follow","max-snippet":"max-snippet:-1","max-image-preview":"max-image-preview:large","max-video-preview":"max-video-preview:-1"},"canonical":"https:\/\/www.moulindelagassotte.fr\/nl\/tarifs\/","og_locale":"nl_NL","og_type":"article","og_title":"Tarifs - Le Moulin de la Gassotte","og_description":"Tarifs des emplacements 2026 Ouvert de 13 mars &#8211; 11 octobre Tarifs \u00e0 la nuit\u00e9e basse saison haute saison** Emplacement , 2 pers (1 tente, 1 caravanne ou&hellip;","og_url":"https:\/\/www.moulindelagassotte.fr\/nl\/tarifs\/","og_site_name":"Le Moulin de la Gassotte","article_modified_time":"2026-03-13T10:08:23+00:00","og_image":[{"width":2000,"height":1400,"url":"https:\/\/www.moulindelagassotte.fr\/2022\/wp-content\/uploads\/2018\/02\/accueil-groupes.jpg","type":"image\/jpeg"}],"twitter_card":"summary_large_image","twitter_misc":{"Geschatte leestijd":"4 minuten"},"schema":{"@context":"https:\/\/schema.org","@graph":[{"@type":"WebPage","@id":"https:\/\/www.moulindelagassotte.fr\/tarifs\/","url":"https:\/\/www.moulindelagassotte.fr\/tarifs\/","name":"Tarifs - Le Moulin de la Gassotte","isPartOf":{"@id":"https:\/\/www.moulindelagassotte.fr\/#website"},"primaryImageOfPage":{"@id":"https:\/\/www.moulindelagassotte.fr\/tarifs\/#primaryimage"},"image":{"@id":"https:\/\/www.moulindelagassotte.fr\/tarifs\/#primaryimage"},"thumbnailUrl":"https:\/\/www.moulindelagassotte.fr\/2022\/wp-content\/uploads\/2018\/02\/accueil-groupes.jpg","datePublished":"2022-03-17T11:18:46+00:00","dateModified":"2026-03-13T10:08:23+00:00","breadcrumb":{"@id":"https:\/\/www.moulindelagassotte.fr\/tarifs\/#breadcrumb"},"inLanguage":"nl-NL","potentialAction":[{"@type":"ReadAction","target":["https:\/\/www.moulindelagassotte.fr\/tarifs\/"]}]},{"@type":"ImageObject","inLanguage":"nl-NL","@id":"https:\/\/www.moulindelagassotte.fr\/tarifs\/#primaryimage","url":"https:\/\/www.moulindelagassotte.fr\/2022\/wp-content\/uploads\/2018\/02\/accueil-groupes.jpg","contentUrl":"https:\/\/www.moulindelagassotte.fr\/2022\/wp-content\/uploads\/2018\/02\/accueil-groupes.jpg"},{"@type":"BreadcrumbList","@id":"https:\/\/www.moulindelagassotte.fr\/tarifs\/#breadcrumb","itemListElement":[{"@type":"ListItem","position":1,"name":"Accueil","item":"https:\/\/www.moulindelagassotte.fr\/"},{"@type":"ListItem","position":2,"name":"Tarifs"}]},{"@type":"WebSite","@id":"https:\/\/www.moulindelagassotte.fr\/#website","url":"https:\/\/www.moulindelagassotte.fr\/","name":"Le Moulin de la Gassotte","description":"Camping - G\u00eetes - G\u00eete d&#039;\u00c9tape \u00e0 Saint-Savin (86)","publisher":{"@id":"https:\/\/www.moulindelagassotte.fr\/#organization"},"potentialAction":[{"@type":"SearchAction","target":{"@type":"EntryPoint","urlTemplate":"https:\/\/www.moulindelagassotte.fr\/?s={search_term_string}"},"query-input":{"@type":"PropertyValueSpecification","valueRequired":true,"valueName":"search_term_string"}}],"inLanguage":"nl-NL"},{"@type":"Organization","@id":"https:\/\/www.moulindelagassotte.fr\/#organization","name":"Le Moulin de la Gassotte","url":"https:\/\/www.moulindelagassotte.fr\/","logo":{"@type":"ImageObject","inLanguage":"nl-NL","@id":"https:\/\/www.moulindelagassotte.fr\/#\/schema\/logo\/image\/","url":"https:\/\/www.moulindelagassotte.fr\/2022\/wp-content\/uploads\/2022\/04\/logo-gassotte-gris.png","contentUrl":"https:\/\/www.moulindelagassotte.fr\/2022\/wp-content\/uploads\/2022\/04\/logo-gassotte-gris.png","width":300,"height":112,"caption":"Le Moulin de la Gassotte"},"image":{"@id":"https:\/\/www.moulindelagassotte.fr\/#\/schema\/logo\/image\/"}}]}},"_links":{"self":[{"href":"https:\/\/www.moulindelagassotte.fr\/nl\/wp-json\/wp\/v2\/pages\/2149","targetHints":{"allow":["GET"]}}],"collection":[{"href":"https:\/\/www.moulindelagassotte.fr\/nl\/wp-json\/wp\/v2\/pages"}],"about":[{"href":"https:\/\/www.moulindelagassotte.fr\/nl\/wp-json\/wp\/v2\/types\/page"}],"author":[{"embeddable":true,"href":"https:\/\/www.moulindelagassotte.fr\/nl\/wp-json\/wp\/v2\/users\/2"}],"replies":[{"embeddable":true,"href":"https:\/\/www.moulindelagassotte.fr\/nl\/wp-json\/wp\/v2\/comments?post=2149"}],"version-history":[{"count":82,"href":"https:\/\/www.moulindelagassotte.fr\/nl\/wp-json\/wp\/v2\/pages\/2149\/revisions"}],"predecessor-version":[{"id":3346,"href":"https:\/\/www.moulindelagassotte.fr\/nl\/wp-json\/wp\/v2\/pages\/2149\/revisions\/3346"}],"wp:attachment":[{"href":"https:\/\/www.moulindelagassotte.fr\/nl\/wp-json\/wp\/v2\/media?parent=2149"}],"curies":[{"name":"wp","href":"https:\/\/api.w.org\/{rel}","templated":true}]}}