{"id":2143,"date":"2022-03-17T12:11:58","date_gmt":"2022-03-17T11:11:58","guid":{"rendered":"https:\/\/www.moulindelagassotte.fr\/2022\/?page_id=2143"},"modified":"2025-06-13T10:29:20","modified_gmt":"2025-06-13T08:29:20","slug":"situation","status":"publish","type":"page","link":"https:\/\/www.moulindelagassotte.fr\/nl\/situation\/","title":{"rendered":"Situatie"},"content":{"rendered":"<div class=\"wp-block-cover alignfull\" style=\"min-height:400px;aspect-ratio:unset;\"><span aria-hidden=\"true\" class=\"wp-block-cover__gradient-background has-background-dim\"><\/span><img loading=\"lazy\" decoding=\"async\" width=\"1000\" height=\"675\" class=\"wp-block-cover__image-background wp-image-807\" alt=\"\" src=\"https:\/\/www.moulindelagassotte.fr\/2022\/wp-content\/uploads\/2017\/12\/centre-ville-vue-ciel.jpg\" style=\"object-position:52% 12%\" data-object-fit=\"cover\" data-object-position=\"52% 12%\" srcset=\"https:\/\/www.moulindelagassotte.fr\/2022\/wp-content\/uploads\/2017\/12\/centre-ville-vue-ciel.jpg 1000w, https:\/\/www.moulindelagassotte.fr\/2022\/wp-content\/uploads\/2017\/12\/centre-ville-vue-ciel-300x203.jpg 300w, https:\/\/www.moulindelagassotte.fr\/2022\/wp-content\/uploads\/2017\/12\/centre-ville-vue-ciel-768x518.jpg 768w\" sizes=\"auto, (max-width: 1000px) 100vw, 1000px\" \/><div class=\"wp-block-cover__inner-container is-layout-flow wp-block-cover-is-layout-flow\">\n<div style=\"height:60px\" aria-hidden=\"true\" class=\"wp-block-spacer\"><\/div>\n\n\n\n<h2 class=\"has-text-align-center has-central-palette-6-color has-text-color wp-block-heading\">Situatie<\/h2>\n\n\n\n<p class=\"has-text-align-center monter25 has-central-palette-6-color has-text-color has-large-font-size\">Een camping aan de rivier en dicht bij het centrum van de stad<\/p>\n<\/div><\/div>\n\n\n\n<div class=\"wp-block-columns alignwide is-layout-flex wp-container-core-columns-is-layout-9d6595d7 wp-block-columns-is-layout-flex\">\n<div class=\"wp-block-column is-layout-flow wp-block-column-is-layout-flow\" style=\"flex-basis:66.66%\">\n<div class=\"wp-block-group\"><div class=\"wp-block-group__inner-container is-layout-flow wp-block-group-is-layout-flow\">\n<p class=\"has-large-font-size\">Blijf bij Moulin de la Gassotte, het betekent de tijd nemen en het plezier van het reizen te voet of met de fiets herontdekken. Alle voorzieningen zijn direct toegankelijk.<\/p>\n\n\n\n<style>\n\t#hotspot-2291 .hotspots-image-container,\n\t#hotspot-2291 .leaflet-container {\n\t\tbackground: #efefef\t}\n\n\t#hotspot-2291 .hotspots-placeholder {\n\t\tbackground: #000000;\n\t\tborder: 0 #000000 solid;\n\t\tcolor: #ffffff;\n\t}\n\n\t#hotspot-2291 .hotspot-title {\n\t\tcolor: #ffffff;\n\t}\n\n\t\t\t#hotspot-2291 .hotspot-default {\n\t\t\tstroke-width: 1;\n\t\t\tfill: #ffffff;\n\t\t\tfill-opacity: 0;\n\t\t\tstroke: #ffffff;\n\t\t\tstroke-opacity: 0;\n\t\t}\n\t\t#hotspot-2291 .hotspot-default:hover,\n\t\t#hotspot-2291 .hotspot-default:focus-visible,\n\t\t#hotspot-2291 .hotspot-default.hotspot-active {\n\t\t\tfill: #cc9696;\n\t\t\tfill-opacity: 0.46;\n\t\t\tstroke: #ffffff;\n\t\t\tstroke-opacity: 0.81;\n\t\t}\n\t\t#hotspot-2291 .leaflet-tooltip,\n\t#hotspot-2291 .leaflet-rrose-content-wrapper {\n\t\tbackground: #000000;\n\t\tborder-color: #000000;\n\t\tcolor: #ffffff;\n\t}\n\n\t#hotspot-2291 a.leaflet-rrose-close-button {\n\t\tcolor: #ffffff;\n\t}\n\n\t#hotspot-2291 .leaflet-rrose-tip {\n\t\tbackground: #000000;\n\t}\n\n\t#hotspot-2291 .leaflet-popup-scrolled {\n\t\tborder-bottom-color: #ffffff;\n\t\tborder-top-color: #ffffff;\n\t}\n\n\t#hotspot-2291 .leaflet-tooltip-top:before {\n\t\tborder-top-color: #000000;\n\t}\n\n\t#hotspot-2291 .leaflet-tooltip-bottom:before {\n\t\tborder-bottom-color: #000000;\n\t}\n\t#hotspot-2291 .leaflet-tooltip-left:before {\n\t\tborder-left-color: #000000;\n\t}\n\t#hotspot-2291 .leaflet-tooltip-right:before {\n\t\tborder-right-color: #000000;\n\t}\n<\/style>\n\n\t\n\t<div class=\"hotspots-container  layout-left event-click\" id=\"hotspot-2291\" data-layout=\"left\" data-trigger=\"click\">\n\t\t<div class=\"hotspots-interaction\">\n\t\t\t\t<div class=\"hotspots-placeholder\" id=\"content-hotspot-2291\">\n\t\t<div class=\"hotspot-initial\">\n\t\t\t\t\t\t\t\t\t<h2 class=\"hotspot-title\">\n\t\t\t\tSaint-Savin\t\t\t<\/h2>\n\t\t\t\t\t\t<div class=\"hotspot-content\">\n\t\t\t\t\t\t\t<\/div>\n\t\t<\/div>\n\t<\/div>\n<div class=\"hotspots-image-container\">\n\t<img\n\t\twidth=\"912\"\n\t\theight=\"1227\"\n\t\tsrc=\"https:\/\/www.moulindelagassotte.fr\/2022\/wp-content\/uploads\/2022\/04\/carte-saint-savin2.jpg\"\n\t\talt=\"Saint-Savin\"\n\t\tclass=\"hotspots-image skip-lazy\"\n\t\tusemap=\"#hotspots-image-2291\"\n\t\tdata-image-title=\"Saint-Savin\"\n\t\tdata-image-description=\"\"\n\t\tdata-event-trigger=\"click\"\n\t\tdata-always-visible=\"false\"\n\t\tdata-id=\"2291\"\n\t\tdata-no-lazy=\"1\"\n\t\tdata-lazy-src=\"\"\n\t\tdata-lazy=\"false\"\n\t\tloading=\"eager\"\n\t\tdata-skip-lazy=\"1\"\n\t\t>\n<\/div>\t\t<\/div>\n\t\t<map name=\"hotspots-image-2291\" class=\"hotspots-map\">\n\t\t\t\t\t\t\t\t\t\t\t<area\n\t\t\t\t\tshape=\"polygon\"\n\t\t\t\t\tcoords=\"527,337,579,324,650,451,712,543,659,552,595,493,451,451,449,436,505,428,508,367\"\n\t\t\t\t\thref=\"#hotspot-hotspot-2291-0\"\n\t\t\t\t\trel=\"\"\n\t\t\t\t\ttitle=\"Kamperen\"\n\t\t\t\t\talt=\"Camping\"\n\t\t\t\t\tdata-action=\"\"\n\t\t\t\t\tdata-color-scheme=\"\"\n\t\t\t\t\ttarget=\"\"\n\t\t\t\t\tclass=\"more-info-area\"\n\t\t\t\t\t>\n\t\t\t\t\t\t\t\t\t\t\t<area\n\t\t\t\t\tshape=\"polygon\"\n\t\t\t\t\tcoords=\"413,22,353,51,375,114,443,100\"\n\t\t\t\t\thref=\"#hotspot-hotspot-2291-1\"\n\t\t\t\t\trel=\"\"\n\t\t\t\t\ttitle=\"Gemeentelijk zwembad\"\n\t\t\t\t\talt=\"Piscine municipale\"\n\t\t\t\t\tdata-action=\"\"\n\t\t\t\t\tdata-color-scheme=\"\"\n\t\t\t\t\ttarget=\"\"\n\t\t\t\t\tclass=\"more-info-area\"\n\t\t\t\t\t>\n\t\t\t\t\t\t\t\t\t\t\t<area\n\t\t\t\t\tshape=\"polygon\"\n\t\t\t\t\tcoords=\"317,1077,355,1012,376,958,244,942,230,990,216,1062,256,1092\"\n\t\t\t\t\thref=\"#hotspot-hotspot-2291-2\"\n\t\t\t\t\trel=\"\"\n\t\t\t\t\ttitle=\"Abdij van Saint-Savin\"\n\t\t\t\t\talt=\"Abbaye de Saint-Savin\"\n\t\t\t\t\tdata-action=\"\"\n\t\t\t\t\tdata-color-scheme=\"\"\n\t\t\t\t\ttarget=\"\"\n\t\t\t\t\tclass=\"more-info-area\"\n\t\t\t\t\t>\n\t\t\t\t\t\t\t\t\t\t\t<area\n\t\t\t\t\tshape=\"polygon\"\n\t\t\t\t\tcoords=\"309,725,428,759,485,803,409,870,340,885,242,891,196,1121,93,1116,104,903,154,784\"\n\t\t\t\t\thref=\"#hotspot-hotspot-2291-3\"\n\t\t\t\t\trel=\"\"\n\t\t\t\t\ttitle=\"Stadscentrum van Saint-Savin\"\n\t\t\t\t\talt=\"Centre ville de Saint-Savin\"\n\t\t\t\t\tdata-action=\"\"\n\t\t\t\t\tdata-color-scheme=\"\"\n\t\t\t\t\ttarget=\"\"\n\t\t\t\t\tclass=\"more-info-area\"\n\t\t\t\t\t>\n\t\t\t\t\t<\/map>\n\n\t\t\n\t\t\t\t\t\n\t\t\t\t\t\t<div class=\"hotspot-info\" id=\"hotspot-hotspot-2291-0\">\n\t\t\t\t\n\t\t\t\t<h2 class=\"hotspot-title\">Kamperen<\/h2>\t\t\t\t\t\t\t\t<div class=\"hotspot-content\">\n\t\t\t\t\t\t\t\t\t<\/div>\n\t\t\t<\/div>\n\t\t\t\t\t\n\t\t\t\t\t\t<div class=\"hotspot-info\" id=\"hotspot-hotspot-2291-1\">\n\t\t\t\t\n\t\t\t\t<h2 class=\"hotspot-title\">Gemeentelijk zwembad<\/h2>\t\t\t\t\t\t\t\t<div class=\"hotspot-content\">\n\t\t\t\t\t\t\t\t\t<\/div>\n\t\t\t<\/div>\n\t\t\t\t\t\n\t\t\t\t\t\t<div class=\"hotspot-info\" id=\"hotspot-hotspot-2291-2\">\n\t\t\t\t\n\t\t\t\t<h2 class=\"hotspot-title\">Abdij van Saint-Savin<\/h2>\t\t\t\t\t\t\t\t<div class=\"hotspot-content\">\n\t\t\t\t\t\t\t\t\t<\/div>\n\t\t\t<\/div>\n\t\t\t\t\t\n\t\t\t\t\t\t<div class=\"hotspot-info\" id=\"hotspot-hotspot-2291-3\">\n\t\t\t\t\n\t\t\t\t<h2 class=\"hotspot-title\">Stadscentrum van Saint-Savin<\/h2>\t\t\t\t\t\t\t\t<div class=\"hotspot-content\">\n\t\t\t\t\t\t\t\t\t<\/div>\n\t\t\t<\/div>\n\t\t\t<\/div>\n\n\n\n\n\n<p>De molen is ideaal gelegen, langs de rivier, maar stelt u ook in staat om andere plaatsen van het leven en \/ of vrije tijd te bereiken in een paar minuten:<\/p>\n\n\n\n<ul class=\"wp-block-list\"><li>het zwembad ligt op ongeveer 400 m afstand<\/li><li>Het centrum van de stad en de kleine winkels zijn 600 m<\/li><li>de greenway (ideaal voor wandelingen of fietstochten) op 350 m<\/li><li>Kano-instapdock ter plaatse<\/li><\/ul>\n\n\n\n<p>Voor uw reizen met betrekking tot uw voedsel, weet dat een biologische tuinman ligt op 50 meter van de Moulin de la Gassotte. En als u meerdere dagen wilt gaan winkelen, heeft Saint-Savin een paar supermarktborden.<\/p>\n<\/div><\/div>\n<\/div>\n\n\n\n<div class=\"wp-block-column is-layout-flow wp-block-column-is-layout-flow\" style=\"flex-basis:33.33%\">\n<div class=\"wp-block-group has-central-palette-7-background-color has-background\"><div class=\"wp-block-group__inner-container is-layout-flow wp-block-group-is-layout-flow\">\n<h4 class=\"wp-block-heading\">De camping<\/h4>\n\n\n\n<ul class=\"wp-block-list\">\n<li><a href=\"https:\/\/www.moulindelagassotte.fr\/nl\/les-emplacements\/\" data-type=\"page\" data-id=\"2125\">Locaties<\/a><\/li>\n\n\n\n<li><a href=\"https:\/\/www.moulindelagassotte.fr\/nl\/lodges\/\" data-type=\"page\" data-id=\"2127\">De lodges<\/a><\/li>\n<\/ul>\n\n\n\n<h4 class=\"wp-block-heading\">De G\u00eetes<\/h4>\n\n\n\n<ul class=\"wp-block-list\">\n<li><a href=\"https:\/\/www.moulindelagassotte.fr\/nl\/les-gistes-de-moulin-de-la-gassotte-saint-savin\/\">De huisjes<\/a><\/li>\n\n\n\n<li><a href=\"https:\/\/www.moulindelagassotte.fr\/nl\/le-gite-detape\/\" data-type=\"page\" data-id=\"2131\">De g\u00eete d\u2019\u00e9tape<\/a><\/li>\n\n\n\n<li><a href=\"https:\/\/www.moulindelagassotte.fr\/nl\/logement-pour-les-groups\/\">Groepsaccommodatie<\/a><\/li>\n<\/ul>\n\n\n\n<h4 class=\"wp-block-heading\">Praktische informatie<\/h4>\n\n\n\n<ul class=\"wp-block-list\">\n<li><a href=\"https:\/\/www.moulindelagassotte.fr\/nl\/situation\/\">Situatie<\/a><\/li>\n\n\n\n<li><a href=\"https:\/\/www.moulindelagassotte.fr\/nl\/plan-du-camping\/\">Kaart van de camping<\/a><\/li>\n\n\n\n<li><a href=\"https:\/\/www.moulindelagassotte.fr\/nl\/location-de-salle\/\">Gemeenschappelijke ruimte<\/a><\/li>\n\n\n\n<li><a href=\"https:\/\/www.moulindelagassotte.fr\/nl\/contact-et-reservation\/\">Contact<\/a><\/li>\n\n\n\n<li><a href=\"https:\/\/www.moulindelagassotte.fr\/nl\/tarifs\/\">Tarieven<\/a><\/li>\n\n\n\n<li><a href=\"https:\/\/www.moulindelagassotte.fr\/nl\/reservation\/\">Voorbehoud<\/a><\/li>\n<\/ul>\n<\/div><\/div>\n<\/div>\n<\/div>\n\n\n\n<p><\/p>","protected":false},"excerpt":{"rendered":"<p>Blijf op Moulin de la Gassotte, het betekent de tijd nemen en het plezier van wandelen of fietsen herontdekken. Alle voorzieningen zijn direct toegankelijk....<\/p>","protected":false},"author":2,"featured_media":0,"parent":0,"menu_order":0,"comment_status":"closed","ping_status":"closed","template":"template-full-width-cover.php","meta":{"footnotes":""},"class_list":["post-2143","page","type-page","status-publish","has-post-thumbnail","hentry"],"yoast_head":"<!-- This site is optimized with the Yoast SEO plugin v27.5 - https:\/\/yoast.com\/product\/yoast-seo-wordpress\/ -->\n<title>Situation - Le Moulin de la Gassotte<\/title>\n<meta name=\"robots\" content=\"index, follow, max-snippet:-1, max-image-preview:large, max-video-preview:-1\" \/>\n<link rel=\"canonical\" href=\"https:\/\/www.moulindelagassotte.fr\/nl\/situation\/\" \/>\n<meta property=\"og:locale\" content=\"nl_NL\" \/>\n<meta property=\"og:type\" content=\"article\" \/>\n<meta property=\"og:title\" content=\"Situation - Le Moulin de la Gassotte\" \/>\n<meta property=\"og:description\" content=\"S\u00e9journer au Moulin de la Gassotte, c\u2019est prendre le temps et retrouver le plaisir de se d\u00e9placer \u00e0 pied ou en v\u00e9lo. Toutes les commodit\u00e9s sont imm\u00e9diatement accessibles.&hellip;\" \/>\n<meta property=\"og:url\" content=\"https:\/\/www.moulindelagassotte.fr\/nl\/situation\/\" \/>\n<meta property=\"og:site_name\" content=\"Le Moulin de la Gassotte\" \/>\n<meta property=\"article:modified_time\" content=\"2025-06-13T08:29:20+00:00\" \/>\n<meta property=\"og:image\" content=\"https:\/\/www.moulindelagassotte.fr\/2022\/wp-content\/uploads\/2017\/12\/centre-ville-vue-ciel.jpg\" \/>\n\t<meta property=\"og:image:width\" content=\"1000\" \/>\n\t<meta property=\"og:image:height\" content=\"675\" \/>\n\t<meta property=\"og:image:type\" content=\"image\/jpeg\" \/>\n<meta name=\"twitter:card\" content=\"summary_large_image\" \/>\n<meta name=\"twitter:label1\" content=\"Geschatte leestijd\" \/>\n\t<meta name=\"twitter:data1\" content=\"2 minuten\" \/>\n<script type=\"application\/ld+json\" class=\"yoast-schema-graph\">{\"@context\":\"https:\\\/\\\/schema.org\",\"@graph\":[{\"@type\":\"WebPage\",\"@id\":\"https:\\\/\\\/www.moulindelagassotte.fr\\\/situation\\\/\",\"url\":\"https:\\\/\\\/www.moulindelagassotte.fr\\\/situation\\\/\",\"name\":\"Situation - Le Moulin de la Gassotte\",\"isPartOf\":{\"@id\":\"https:\\\/\\\/www.moulindelagassotte.fr\\\/#website\"},\"primaryImageOfPage\":{\"@id\":\"https:\\\/\\\/www.moulindelagassotte.fr\\\/situation\\\/#primaryimage\"},\"image\":{\"@id\":\"https:\\\/\\\/www.moulindelagassotte.fr\\\/situation\\\/#primaryimage\"},\"thumbnailUrl\":\"https:\\\/\\\/www.moulindelagassotte.fr\\\/2022\\\/wp-content\\\/uploads\\\/2017\\\/12\\\/centre-ville-vue-ciel.jpg\",\"datePublished\":\"2022-03-17T11:11:58+00:00\",\"dateModified\":\"2025-06-13T08:29:20+00:00\",\"breadcrumb\":{\"@id\":\"https:\\\/\\\/www.moulindelagassotte.fr\\\/situation\\\/#breadcrumb\"},\"inLanguage\":\"nl-NL\",\"potentialAction\":[{\"@type\":\"ReadAction\",\"target\":[\"https:\\\/\\\/www.moulindelagassotte.fr\\\/situation\\\/\"]}]},{\"@type\":\"ImageObject\",\"inLanguage\":\"nl-NL\",\"@id\":\"https:\\\/\\\/www.moulindelagassotte.fr\\\/situation\\\/#primaryimage\",\"url\":\"https:\\\/\\\/www.moulindelagassotte.fr\\\/2022\\\/wp-content\\\/uploads\\\/2017\\\/12\\\/centre-ville-vue-ciel.jpg\",\"contentUrl\":\"https:\\\/\\\/www.moulindelagassotte.fr\\\/2022\\\/wp-content\\\/uploads\\\/2017\\\/12\\\/centre-ville-vue-ciel.jpg\"},{\"@type\":\"BreadcrumbList\",\"@id\":\"https:\\\/\\\/www.moulindelagassotte.fr\\\/situation\\\/#breadcrumb\",\"itemListElement\":[{\"@type\":\"ListItem\",\"position\":1,\"name\":\"Accueil\",\"item\":\"https:\\\/\\\/www.moulindelagassotte.fr\\\/\"},{\"@type\":\"ListItem\",\"position\":2,\"name\":\"Situation\"}]},{\"@type\":\"WebSite\",\"@id\":\"https:\\\/\\\/www.moulindelagassotte.fr\\\/#website\",\"url\":\"https:\\\/\\\/www.moulindelagassotte.fr\\\/\",\"name\":\"Le Moulin de la Gassotte\",\"description\":\"Camping - G\u00eetes - G\u00eete d&#039;\u00c9tape \u00e0 Saint-Savin (86)\",\"publisher\":{\"@id\":\"https:\\\/\\\/www.moulindelagassotte.fr\\\/#organization\"},\"potentialAction\":[{\"@type\":\"SearchAction\",\"target\":{\"@type\":\"EntryPoint\",\"urlTemplate\":\"https:\\\/\\\/www.moulindelagassotte.fr\\\/?s={search_term_string}\"},\"query-input\":{\"@type\":\"PropertyValueSpecification\",\"valueRequired\":true,\"valueName\":\"search_term_string\"}}],\"inLanguage\":\"nl-NL\"},{\"@type\":\"Organization\",\"@id\":\"https:\\\/\\\/www.moulindelagassotte.fr\\\/#organization\",\"name\":\"Le Moulin de la Gassotte\",\"url\":\"https:\\\/\\\/www.moulindelagassotte.fr\\\/\",\"logo\":{\"@type\":\"ImageObject\",\"inLanguage\":\"nl-NL\",\"@id\":\"https:\\\/\\\/www.moulindelagassotte.fr\\\/#\\\/schema\\\/logo\\\/image\\\/\",\"url\":\"https:\\\/\\\/www.moulindelagassotte.fr\\\/2022\\\/wp-content\\\/uploads\\\/2022\\\/04\\\/logo-gassotte-gris.png\",\"contentUrl\":\"https:\\\/\\\/www.moulindelagassotte.fr\\\/2022\\\/wp-content\\\/uploads\\\/2022\\\/04\\\/logo-gassotte-gris.png\",\"width\":300,\"height\":112,\"caption\":\"Le Moulin de la Gassotte\"},\"image\":{\"@id\":\"https:\\\/\\\/www.moulindelagassotte.fr\\\/#\\\/schema\\\/logo\\\/image\\\/\"}}]}<\/script>\n<!-- \/ Yoast SEO plugin. -->","yoast_head_json":{"title":"Situation - Le Moulin de la Gassotte","robots":{"index":"index","follow":"follow","max-snippet":"max-snippet:-1","max-image-preview":"max-image-preview:large","max-video-preview":"max-video-preview:-1"},"canonical":"https:\/\/www.moulindelagassotte.fr\/nl\/situation\/","og_locale":"nl_NL","og_type":"article","og_title":"Situation - Le Moulin de la Gassotte","og_description":"S\u00e9journer au Moulin de la Gassotte, c\u2019est prendre le temps et retrouver le plaisir de se d\u00e9placer \u00e0 pied ou en v\u00e9lo. Toutes les commodit\u00e9s sont imm\u00e9diatement accessibles.&hellip;","og_url":"https:\/\/www.moulindelagassotte.fr\/nl\/situation\/","og_site_name":"Le Moulin de la Gassotte","article_modified_time":"2025-06-13T08:29:20+00:00","og_image":[{"width":1000,"height":675,"url":"https:\/\/www.moulindelagassotte.fr\/2022\/wp-content\/uploads\/2017\/12\/centre-ville-vue-ciel.jpg","type":"image\/jpeg"}],"twitter_card":"summary_large_image","twitter_misc":{"Geschatte leestijd":"2 minuten"},"schema":{"@context":"https:\/\/schema.org","@graph":[{"@type":"WebPage","@id":"https:\/\/www.moulindelagassotte.fr\/situation\/","url":"https:\/\/www.moulindelagassotte.fr\/situation\/","name":"Situation - Le Moulin de la Gassotte","isPartOf":{"@id":"https:\/\/www.moulindelagassotte.fr\/#website"},"primaryImageOfPage":{"@id":"https:\/\/www.moulindelagassotte.fr\/situation\/#primaryimage"},"image":{"@id":"https:\/\/www.moulindelagassotte.fr\/situation\/#primaryimage"},"thumbnailUrl":"https:\/\/www.moulindelagassotte.fr\/2022\/wp-content\/uploads\/2017\/12\/centre-ville-vue-ciel.jpg","datePublished":"2022-03-17T11:11:58+00:00","dateModified":"2025-06-13T08:29:20+00:00","breadcrumb":{"@id":"https:\/\/www.moulindelagassotte.fr\/situation\/#breadcrumb"},"inLanguage":"nl-NL","potentialAction":[{"@type":"ReadAction","target":["https:\/\/www.moulindelagassotte.fr\/situation\/"]}]},{"@type":"ImageObject","inLanguage":"nl-NL","@id":"https:\/\/www.moulindelagassotte.fr\/situation\/#primaryimage","url":"https:\/\/www.moulindelagassotte.fr\/2022\/wp-content\/uploads\/2017\/12\/centre-ville-vue-ciel.jpg","contentUrl":"https:\/\/www.moulindelagassotte.fr\/2022\/wp-content\/uploads\/2017\/12\/centre-ville-vue-ciel.jpg"},{"@type":"BreadcrumbList","@id":"https:\/\/www.moulindelagassotte.fr\/situation\/#breadcrumb","itemListElement":[{"@type":"ListItem","position":1,"name":"Accueil","item":"https:\/\/www.moulindelagassotte.fr\/"},{"@type":"ListItem","position":2,"name":"Situation"}]},{"@type":"WebSite","@id":"https:\/\/www.moulindelagassotte.fr\/#website","url":"https:\/\/www.moulindelagassotte.fr\/","name":"Le Moulin de la Gassotte","description":"Camping - G\u00eetes - G\u00eete d&#039;\u00c9tape \u00e0 Saint-Savin (86)","publisher":{"@id":"https:\/\/www.moulindelagassotte.fr\/#organization"},"potentialAction":[{"@type":"SearchAction","target":{"@type":"EntryPoint","urlTemplate":"https:\/\/www.moulindelagassotte.fr\/?s={search_term_string}"},"query-input":{"@type":"PropertyValueSpecification","valueRequired":true,"valueName":"search_term_string"}}],"inLanguage":"nl-NL"},{"@type":"Organization","@id":"https:\/\/www.moulindelagassotte.fr\/#organization","name":"Le Moulin de la Gassotte","url":"https:\/\/www.moulindelagassotte.fr\/","logo":{"@type":"ImageObject","inLanguage":"nl-NL","@id":"https:\/\/www.moulindelagassotte.fr\/#\/schema\/logo\/image\/","url":"https:\/\/www.moulindelagassotte.fr\/2022\/wp-content\/uploads\/2022\/04\/logo-gassotte-gris.png","contentUrl":"https:\/\/www.moulindelagassotte.fr\/2022\/wp-content\/uploads\/2022\/04\/logo-gassotte-gris.png","width":300,"height":112,"caption":"Le Moulin de la Gassotte"},"image":{"@id":"https:\/\/www.moulindelagassotte.fr\/#\/schema\/logo\/image\/"}}]}},"_links":{"self":[{"href":"https:\/\/www.moulindelagassotte.fr\/nl\/wp-json\/wp\/v2\/pages\/2143","targetHints":{"allow":["GET"]}}],"collection":[{"href":"https:\/\/www.moulindelagassotte.fr\/nl\/wp-json\/wp\/v2\/pages"}],"about":[{"href":"https:\/\/www.moulindelagassotte.fr\/nl\/wp-json\/wp\/v2\/types\/page"}],"author":[{"embeddable":true,"href":"https:\/\/www.moulindelagassotte.fr\/nl\/wp-json\/wp\/v2\/users\/2"}],"replies":[{"embeddable":true,"href":"https:\/\/www.moulindelagassotte.fr\/nl\/wp-json\/wp\/v2\/comments?post=2143"}],"version-history":[{"count":5,"href":"https:\/\/www.moulindelagassotte.fr\/nl\/wp-json\/wp\/v2\/pages\/2143\/revisions"}],"predecessor-version":[{"id":2549,"href":"https:\/\/www.moulindelagassotte.fr\/nl\/wp-json\/wp\/v2\/pages\/2143\/revisions\/2549"}],"wp:attachment":[{"href":"https:\/\/www.moulindelagassotte.fr\/nl\/wp-json\/wp\/v2\/media?parent=2143"}],"curies":[{"name":"wp","href":"https:\/\/api.w.org\/{rel}","templated":true}]}}