{"id":2125,"date":"2022-03-17T12:05:50","date_gmt":"2022-03-17T11:05:50","guid":{"rendered":"https:\/\/www.moulindelagassotte.fr\/2022\/?page_id=2125"},"modified":"2026-05-05T08:09:57","modified_gmt":"2026-05-05T06:09:57","slug":"les-emplacements-de-camping-saint-savin-moulin-de-la-gassotte","status":"publish","type":"page","link":"https:\/\/www.moulindelagassotte.fr\/nl\/les-emplacements-de-camping-saint-savin-moulin-de-la-gassotte\/","title":{"rendered":"Locaties"},"content":{"rendered":"<div class=\"wp-block-cover alignfull\" style=\"min-height:400px;aspect-ratio:unset;\"><img loading=\"lazy\" decoding=\"async\" width=\"1920\" height=\"1440\" class=\"wp-block-cover__image-background wp-image-1930\" alt=\"\" src=\"https:\/\/www.moulindelagassotte.fr\/2022\/wp-content\/uploads\/2020\/11\/vue-lodge.jpg\" style=\"object-position:49% 28%\" data-object-fit=\"cover\" data-object-position=\"49% 28%\" srcset=\"https:\/\/www.moulindelagassotte.fr\/2022\/wp-content\/uploads\/2020\/11\/vue-lodge.jpg 1920w, https:\/\/www.moulindelagassotte.fr\/2022\/wp-content\/uploads\/2020\/11\/vue-lodge-300x225.jpg 300w, https:\/\/www.moulindelagassotte.fr\/2022\/wp-content\/uploads\/2020\/11\/vue-lodge-1024x768.jpg 1024w, https:\/\/www.moulindelagassotte.fr\/2022\/wp-content\/uploads\/2020\/11\/vue-lodge-768x576.jpg 768w, https:\/\/www.moulindelagassotte.fr\/2022\/wp-content\/uploads\/2020\/11\/vue-lodge-1536x1152.jpg 1536w\" sizes=\"auto, (max-width: 1920px) 100vw, 1920px\" \/><span aria-hidden=\"true\" class=\"wp-block-cover__background has-central-palette-5-background-color has-background-dim-30 has-background-dim\"><\/span><div class=\"wp-block-cover__inner-container is-layout-flow wp-block-cover-is-layout-flow\">\n<div style=\"height:60px\" aria-hidden=\"true\" class=\"wp-block-spacer\"><\/div>\n\n\n\n<h2 class=\"wp-block-heading has-text-align-center has-central-palette-6-color has-text-color\">Locaties<\/h2>\n\n\n\n<p class=\"has-text-align-center monter25 has-central-palette-6-color has-text-color has-large-font-size\">In een schaduwrijk en aangelegd park ...<\/p>\n<\/div><\/div>\n\n\n\n<div class=\"wp-block-columns alignwide is-layout-flex wp-container-core-columns-is-layout-9d6595d7 wp-block-columns-is-layout-flex\">\n<div class=\"wp-block-column is-layout-flow wp-block-column-is-layout-flow\" style=\"flex-basis:66.66%\">\n<div class=\"wp-block-group\"><div class=\"wp-block-group__inner-container is-layout-flow wp-block-group-is-layout-flow\">\n<p class=\"has-large-font-size\">43 standplaatsen van minimaal 100 m<sup>2<\/sup>&nbsp;zijn afgebakend en open voor kampeerders. In tenten, lodges, caravans of campers, het schaduwrijke park stelt iedereen in staat om hun verblijf te leven zoals zij dat willen. Mooi gelegen in de directe omgeving van de rivier de Gartempe, is de camping uiteraard gesloten en veilig voor de rust van iedereen.<\/p>\n\n\n\n<figure class=\"wp-block-image size-full is-resized\"><img loading=\"lazy\" decoding=\"async\" width=\"640\" height=\"480\" src=\"https:\/\/www.moulindelagassotte.fr\/2022\/wp-content\/uploads\/2025\/06\/img-6481.jpg\" alt=\"\" class=\"wp-image-2999\" style=\"width:722px\" srcset=\"https:\/\/www.moulindelagassotte.fr\/2022\/wp-content\/uploads\/2025\/06\/img-6481.jpg 640w, https:\/\/www.moulindelagassotte.fr\/2022\/wp-content\/uploads\/2025\/06\/img-6481-300x225.jpg 300w, https:\/\/www.moulindelagassotte.fr\/2022\/wp-content\/uploads\/2025\/06\/img-6481-50x38.jpg 50w, https:\/\/www.moulindelagassotte.fr\/2022\/wp-content\/uploads\/2025\/06\/img-6481-16x12.jpg 16w, https:\/\/www.moulindelagassotte.fr\/2022\/wp-content\/uploads\/2025\/06\/img-6481-540x405.jpg 540w\" sizes=\"auto, (max-width: 640px) 100vw, 640px\" \/><\/figure>\n\n\n\n<p>Je projecteert een&nbsp;<strong>Verblijf in de tent&nbsp;<\/strong>? Wij adviseren u om voor het vallen van de avond aan te komen, zodat u de ideale locatie kunt kiezen en rustig de tijd kunt nemen om u te vestigen.<\/p>\n\n\n\n<figure class=\"wp-block-image size-full\"><img loading=\"lazy\" decoding=\"async\" width=\"1000\" height=\"550\" src=\"https:\/\/www.moulindelagassotte.fr\/2022\/wp-content\/uploads\/2017\/12\/emplacements-ete2.jpg\" alt=\"\" class=\"wp-image-741\" srcset=\"https:\/\/www.moulindelagassotte.fr\/2022\/wp-content\/uploads\/2017\/12\/emplacements-ete2.jpg 1000w, https:\/\/www.moulindelagassotte.fr\/2022\/wp-content\/uploads\/2017\/12\/emplacements-ete2-300x165.jpg 300w, https:\/\/www.moulindelagassotte.fr\/2022\/wp-content\/uploads\/2017\/12\/emplacements-ete2-768x422.jpg 768w\" sizes=\"auto, (max-width: 1000px) 100vw, 1000px\" \/><\/figure>\n\n\n\n<p>Je bent eerder&nbsp;<strong>caravaning<\/strong>&nbsp;? De Moulin de la Gassotte heeft locaties die speciaal voor u zijn gekozen en geregeld. Het enige wat u hoeft te doen is inpluggen om te genieten van uw verblijf.<br>En, voor de winter receptie van campers, vijf plaatsen in semi-gestabiliseerde (gravillonn\u00e9) zijn beschikbaar.<\/p>\n\n\n\n<figure class=\"wp-block-image size-full is-resized\"><img loading=\"lazy\" decoding=\"async\" width=\"640\" height=\"480\" src=\"https:\/\/www.moulindelagassotte.fr\/2022\/wp-content\/uploads\/2025\/06\/image0-9.jpeg\" alt=\"\" class=\"wp-image-3001\" style=\"width:722px\" srcset=\"https:\/\/www.moulindelagassotte.fr\/2022\/wp-content\/uploads\/2025\/06\/image0-9.jpeg 640w, https:\/\/www.moulindelagassotte.fr\/2022\/wp-content\/uploads\/2025\/06\/image0-9-300x225.jpeg 300w, https:\/\/www.moulindelagassotte.fr\/2022\/wp-content\/uploads\/2025\/06\/image0-9-50x38.jpeg 50w, https:\/\/www.moulindelagassotte.fr\/2022\/wp-content\/uploads\/2025\/06\/image0-9-16x12.jpeg 16w, https:\/\/www.moulindelagassotte.fr\/2022\/wp-content\/uploads\/2025\/06\/image0-9-540x405.jpeg 540w\" sizes=\"auto, (max-width: 640px) 100vw, 640px\" \/><\/figure>\n\n\n\n<p>Campers van de Moulin de la Gassotte, net als de bewoners van de huisjes, hebben gratis toegang tot wifi en&nbsp;<a href=\"https:\/\/www.moulindelagassotte.fr\/nl\/location-de-salle\/\">gemeenschappelijke ruimte<\/a>&nbsp;(Bibliotheek en TV). Bij slecht weer zijn er ook tafels en stoelen beschikbaar voor een droge maaltijd.<br><em><br><strong>Onze locaties zijn volledig toegankelijk voor PMR<\/strong><\/em><\/p>\n\n\n\n<p>En als je een&nbsp;<strong>Recreatiecentrum<\/strong>&nbsp;Of gewoon door&nbsp;<strong>Groepsvakanties<\/strong>, een specifieke locatie is aan u gewijd, een beetje uit de weg.<\/p>\n\n\n\n<figure class=\"wp-block-image size-full is-resized\"><img loading=\"lazy\" decoding=\"async\" width=\"640\" height=\"480\" src=\"https:\/\/www.moulindelagassotte.fr\/2022\/wp-content\/uploads\/2025\/06\/image0-8.jpeg\" alt=\"\" class=\"wp-image-2997\" style=\"width:722px\" srcset=\"https:\/\/www.moulindelagassotte.fr\/2022\/wp-content\/uploads\/2025\/06\/image0-8.jpeg 640w, https:\/\/www.moulindelagassotte.fr\/2022\/wp-content\/uploads\/2025\/06\/image0-8-300x225.jpeg 300w, https:\/\/www.moulindelagassotte.fr\/2022\/wp-content\/uploads\/2025\/06\/image0-8-50x38.jpeg 50w, https:\/\/www.moulindelagassotte.fr\/2022\/wp-content\/uploads\/2025\/06\/image0-8-16x12.jpeg 16w, https:\/\/www.moulindelagassotte.fr\/2022\/wp-content\/uploads\/2025\/06\/image0-8-540x405.jpeg 540w\" sizes=\"auto, (max-width: 640px) 100vw, 640px\" \/><\/figure>\n\n\n\n<p>Het sanitairgebouw werd volledig gerenoveerd en op 1 juni 2025 geopend.<\/p>\n\n\n\n<div class=\"wp-block-buttons is-layout-flex wp-block-buttons-is-layout-flex\">\n<div class=\"wp-block-button\"><a class=\"wp-block-button__link wp-element-button\" href=\"https:\/\/www.moulindelagassotte.fr\/nl\/2022\/tarifs\/\">Tarieven<\/a><\/div>\n\n\n\n<div class=\"wp-block-button has-custom-width wp-block-button__width-75\"><a class=\"wp-block-button__link wp-element-button\" href=\"https:\/\/www.moulindelagassotte.fr\/nl\/reserver-emplacement\/\">BOEK<\/a><\/div>\n<\/div>\n<\/div><\/div>\n<\/div>\n\n\n\n<div class=\"wp-block-column hideonmobile is-layout-flow wp-block-column-is-layout-flow\" style=\"flex-basis:33.33%\">\n<div class=\"wp-block-group has-central-palette-7-background-color has-background\"><div class=\"wp-block-group__inner-container is-layout-flow wp-block-group-is-layout-flow\">\n<h4 class=\"wp-block-heading\">De camping<\/h4>\n\n\n\n<ul class=\"wp-block-list\">\n<li><a href=\"https:\/\/www.moulindelagassotte.fr\/nl\/les-emplacements\/\" data-type=\"page\" data-id=\"2125\">Locaties<\/a><\/li>\n\n\n\n<li><a href=\"https:\/\/www.moulindelagassotte.fr\/nl\/lodges\/\" data-type=\"page\" data-id=\"2127\">De lodges<\/a><\/li>\n<\/ul>\n\n\n\n<h4 class=\"wp-block-heading\">De G\u00eetes<\/h4>\n\n\n\n<ul class=\"wp-block-list\">\n<li><a href=\"https:\/\/www.moulindelagassotte.fr\/nl\/les-gistes-de-moulin-de-la-gassotte-saint-savin\/\">De huisjes<\/a><\/li>\n\n\n\n<li><a href=\"https:\/\/www.moulindelagassotte.fr\/nl\/le-gite-detape\/\" data-type=\"page\" data-id=\"2131\">De g\u00eete d\u2019\u00e9tape<\/a><\/li>\n\n\n\n<li><a href=\"https:\/\/www.moulindelagassotte.fr\/nl\/logement-pour-les-groups\/\">Groepsaccommodatie<\/a><\/li>\n<\/ul>\n\n\n\n<h4 class=\"wp-block-heading\">Praktische informatie<\/h4>\n\n\n\n<ul class=\"wp-block-list\">\n<li><a href=\"https:\/\/www.moulindelagassotte.fr\/nl\/situation\/\">Situatie<\/a><\/li>\n\n\n\n<li><a href=\"https:\/\/www.moulindelagassotte.fr\/nl\/plan-du-camping\/\">Kaart van de camping<\/a><\/li>\n\n\n\n<li><a href=\"https:\/\/www.moulindelagassotte.fr\/nl\/location-de-salle\/\">Gemeenschappelijke ruimte<\/a><\/li>\n\n\n\n<li><a href=\"https:\/\/www.moulindelagassotte.fr\/nl\/contact-et-reservation\/\">Contact<\/a><\/li>\n\n\n\n<li><a href=\"https:\/\/www.moulindelagassotte.fr\/nl\/tarifs\/\">Tarieven<\/a><\/li>\n\n\n\n<li><a href=\"https:\/\/www.moulindelagassotte.fr\/nl\/reservation\/\">Voorbehoud<\/a><\/li>\n<\/ul>\n<\/div><\/div>\n<\/div>\n<\/div>\n\n\n\n<p><\/p>","protected":false},"excerpt":{"rendered":"<p>43 staanplaatsen van minimaal 100 m2 zijn afgebakend en open voor kampeerders. In tenten, lodges, caravans of kampeerauto's kan iedereen genieten van het schaduwrijke park...<\/p>","protected":false},"author":2,"featured_media":0,"parent":0,"menu_order":0,"comment_status":"closed","ping_status":"closed","template":"template-full-width-cover.php","meta":{"footnotes":""},"class_list":["post-2125","page","type-page","status-publish","has-post-thumbnail","hentry"],"yoast_head":"<!-- This site is optimized with the Yoast SEO plugin v27.5 - https:\/\/yoast.com\/product\/yoast-seo-wordpress\/ -->\n<title>Les emplacements - Le Moulin de la Gassotte<\/title>\n<meta name=\"description\" content=\"Camping nature tr\u00e8s calme au bord de la Gartempe dans la vall\u00e9e des fresques pr\u00e8s de l&#039;abbaye de Saint Savin (Unesco)\" \/>\n<meta name=\"robots\" content=\"index, follow, max-snippet:-1, max-image-preview:large, max-video-preview:-1\" \/>\n<link rel=\"canonical\" href=\"https:\/\/www.moulindelagassotte.fr\/nl\/les-emplacements-de-camping-saint-savin-moulin-de-la-gassotte\/\" \/>\n<meta property=\"og:locale\" content=\"nl_NL\" \/>\n<meta property=\"og:type\" content=\"article\" \/>\n<meta property=\"og:title\" content=\"Les emplacements - Le Moulin de la Gassotte\" \/>\n<meta property=\"og:description\" content=\"Camping nature tr\u00e8s calme au bord de la Gartempe dans la vall\u00e9e des fresques pr\u00e8s de l&#039;abbaye de Saint Savin (Unesco)\" \/>\n<meta property=\"og:url\" content=\"https:\/\/www.moulindelagassotte.fr\/nl\/les-emplacements-de-camping-saint-savin-moulin-de-la-gassotte\/\" \/>\n<meta property=\"og:site_name\" content=\"Le Moulin de la Gassotte\" \/>\n<meta property=\"article:modified_time\" content=\"2026-05-05T06:09:57+00:00\" \/>\n<meta property=\"og:image\" content=\"https:\/\/www.moulindelagassotte.fr\/2022\/wp-content\/uploads\/2020\/11\/vue-lodge.jpg\" \/>\n\t<meta property=\"og:image:width\" content=\"1920\" \/>\n\t<meta property=\"og:image:height\" content=\"1440\" \/>\n\t<meta property=\"og:image:type\" content=\"image\/jpeg\" \/>\n<meta name=\"twitter:card\" content=\"summary_large_image\" \/>\n<meta name=\"twitter:label1\" content=\"Geschatte leestijd\" \/>\n\t<meta name=\"twitter:data1\" content=\"5 minuten\" \/>\n<script type=\"application\/ld+json\" class=\"yoast-schema-graph\">{\"@context\":\"https:\\\/\\\/schema.org\",\"@graph\":[{\"@type\":\"WebPage\",\"@id\":\"https:\\\/\\\/www.moulindelagassotte.fr\\\/les-emplacements-de-camping-saint-savin-moulin-de-la-gassotte\\\/\",\"url\":\"https:\\\/\\\/www.moulindelagassotte.fr\\\/les-emplacements-de-camping-saint-savin-moulin-de-la-gassotte\\\/\",\"name\":\"Les emplacements - Le Moulin de la Gassotte\",\"isPartOf\":{\"@id\":\"https:\\\/\\\/www.moulindelagassotte.fr\\\/#website\"},\"primaryImageOfPage\":{\"@id\":\"https:\\\/\\\/www.moulindelagassotte.fr\\\/les-emplacements-de-camping-saint-savin-moulin-de-la-gassotte\\\/#primaryimage\"},\"image\":{\"@id\":\"https:\\\/\\\/www.moulindelagassotte.fr\\\/les-emplacements-de-camping-saint-savin-moulin-de-la-gassotte\\\/#primaryimage\"},\"thumbnailUrl\":\"https:\\\/\\\/www.moulindelagassotte.fr\\\/2022\\\/wp-content\\\/uploads\\\/2020\\\/11\\\/vue-lodge.jpg\",\"datePublished\":\"2022-03-17T11:05:50+00:00\",\"dateModified\":\"2026-05-05T06:09:57+00:00\",\"description\":\"Camping nature tr\u00e8s calme au bord de la Gartempe dans la vall\u00e9e des fresques pr\u00e8s de l'abbaye de Saint Savin (Unesco)\",\"breadcrumb\":{\"@id\":\"https:\\\/\\\/www.moulindelagassotte.fr\\\/les-emplacements-de-camping-saint-savin-moulin-de-la-gassotte\\\/#breadcrumb\"},\"inLanguage\":\"nl-NL\",\"potentialAction\":[{\"@type\":\"ReadAction\",\"target\":[\"https:\\\/\\\/www.moulindelagassotte.fr\\\/les-emplacements-de-camping-saint-savin-moulin-de-la-gassotte\\\/\"]}]},{\"@type\":\"ImageObject\",\"inLanguage\":\"nl-NL\",\"@id\":\"https:\\\/\\\/www.moulindelagassotte.fr\\\/les-emplacements-de-camping-saint-savin-moulin-de-la-gassotte\\\/#primaryimage\",\"url\":\"https:\\\/\\\/www.moulindelagassotte.fr\\\/2022\\\/wp-content\\\/uploads\\\/2020\\\/11\\\/vue-lodge.jpg\",\"contentUrl\":\"https:\\\/\\\/www.moulindelagassotte.fr\\\/2022\\\/wp-content\\\/uploads\\\/2020\\\/11\\\/vue-lodge.jpg\"},{\"@type\":\"BreadcrumbList\",\"@id\":\"https:\\\/\\\/www.moulindelagassotte.fr\\\/les-emplacements-de-camping-saint-savin-moulin-de-la-gassotte\\\/#breadcrumb\",\"itemListElement\":[{\"@type\":\"ListItem\",\"position\":1,\"name\":\"Accueil\",\"item\":\"https:\\\/\\\/www.moulindelagassotte.fr\\\/\"},{\"@type\":\"ListItem\",\"position\":2,\"name\":\"Les emplacements\"}]},{\"@type\":\"WebSite\",\"@id\":\"https:\\\/\\\/www.moulindelagassotte.fr\\\/#website\",\"url\":\"https:\\\/\\\/www.moulindelagassotte.fr\\\/\",\"name\":\"Le Moulin de la Gassotte\",\"description\":\"Camping - G\u00eetes - G\u00eete d&#039;\u00c9tape \u00e0 Saint-Savin (86)\",\"publisher\":{\"@id\":\"https:\\\/\\\/www.moulindelagassotte.fr\\\/#organization\"},\"potentialAction\":[{\"@type\":\"SearchAction\",\"target\":{\"@type\":\"EntryPoint\",\"urlTemplate\":\"https:\\\/\\\/www.moulindelagassotte.fr\\\/?s={search_term_string}\"},\"query-input\":{\"@type\":\"PropertyValueSpecification\",\"valueRequired\":true,\"valueName\":\"search_term_string\"}}],\"inLanguage\":\"nl-NL\"},{\"@type\":\"Organization\",\"@id\":\"https:\\\/\\\/www.moulindelagassotte.fr\\\/#organization\",\"name\":\"Le Moulin de la Gassotte\",\"url\":\"https:\\\/\\\/www.moulindelagassotte.fr\\\/\",\"logo\":{\"@type\":\"ImageObject\",\"inLanguage\":\"nl-NL\",\"@id\":\"https:\\\/\\\/www.moulindelagassotte.fr\\\/#\\\/schema\\\/logo\\\/image\\\/\",\"url\":\"https:\\\/\\\/www.moulindelagassotte.fr\\\/2022\\\/wp-content\\\/uploads\\\/2022\\\/04\\\/logo-gassotte-gris.png\",\"contentUrl\":\"https:\\\/\\\/www.moulindelagassotte.fr\\\/2022\\\/wp-content\\\/uploads\\\/2022\\\/04\\\/logo-gassotte-gris.png\",\"width\":300,\"height\":112,\"caption\":\"Le Moulin de la Gassotte\"},\"image\":{\"@id\":\"https:\\\/\\\/www.moulindelagassotte.fr\\\/#\\\/schema\\\/logo\\\/image\\\/\"}}]}<\/script>\n<!-- \/ Yoast SEO plugin. -->","yoast_head_json":{"title":"Les emplacements - Le Moulin de la Gassotte","description":"Camping nature tr\u00e8s calme au bord de la Gartempe dans la vall\u00e9e des fresques pr\u00e8s de l'abbaye de Saint Savin (Unesco)","robots":{"index":"index","follow":"follow","max-snippet":"max-snippet:-1","max-image-preview":"max-image-preview:large","max-video-preview":"max-video-preview:-1"},"canonical":"https:\/\/www.moulindelagassotte.fr\/nl\/les-emplacements-de-camping-saint-savin-moulin-de-la-gassotte\/","og_locale":"nl_NL","og_type":"article","og_title":"Les emplacements - Le Moulin de la Gassotte","og_description":"Camping nature tr\u00e8s calme au bord de la Gartempe dans la vall\u00e9e des fresques pr\u00e8s de l'abbaye de Saint Savin (Unesco)","og_url":"https:\/\/www.moulindelagassotte.fr\/nl\/les-emplacements-de-camping-saint-savin-moulin-de-la-gassotte\/","og_site_name":"Le Moulin de la Gassotte","article_modified_time":"2026-05-05T06:09:57+00:00","og_image":[{"width":1920,"height":1440,"url":"https:\/\/www.moulindelagassotte.fr\/2022\/wp-content\/uploads\/2020\/11\/vue-lodge.jpg","type":"image\/jpeg"}],"twitter_card":"summary_large_image","twitter_misc":{"Geschatte leestijd":"5 minuten"},"schema":{"@context":"https:\/\/schema.org","@graph":[{"@type":"WebPage","@id":"https:\/\/www.moulindelagassotte.fr\/les-emplacements-de-camping-saint-savin-moulin-de-la-gassotte\/","url":"https:\/\/www.moulindelagassotte.fr\/les-emplacements-de-camping-saint-savin-moulin-de-la-gassotte\/","name":"Les emplacements - Le Moulin de la Gassotte","isPartOf":{"@id":"https:\/\/www.moulindelagassotte.fr\/#website"},"primaryImageOfPage":{"@id":"https:\/\/www.moulindelagassotte.fr\/les-emplacements-de-camping-saint-savin-moulin-de-la-gassotte\/#primaryimage"},"image":{"@id":"https:\/\/www.moulindelagassotte.fr\/les-emplacements-de-camping-saint-savin-moulin-de-la-gassotte\/#primaryimage"},"thumbnailUrl":"https:\/\/www.moulindelagassotte.fr\/2022\/wp-content\/uploads\/2020\/11\/vue-lodge.jpg","datePublished":"2022-03-17T11:05:50+00:00","dateModified":"2026-05-05T06:09:57+00:00","description":"Camping nature tr\u00e8s calme au bord de la Gartempe dans la vall\u00e9e des fresques pr\u00e8s de l'abbaye de Saint Savin (Unesco)","breadcrumb":{"@id":"https:\/\/www.moulindelagassotte.fr\/les-emplacements-de-camping-saint-savin-moulin-de-la-gassotte\/#breadcrumb"},"inLanguage":"nl-NL","potentialAction":[{"@type":"ReadAction","target":["https:\/\/www.moulindelagassotte.fr\/les-emplacements-de-camping-saint-savin-moulin-de-la-gassotte\/"]}]},{"@type":"ImageObject","inLanguage":"nl-NL","@id":"https:\/\/www.moulindelagassotte.fr\/les-emplacements-de-camping-saint-savin-moulin-de-la-gassotte\/#primaryimage","url":"https:\/\/www.moulindelagassotte.fr\/2022\/wp-content\/uploads\/2020\/11\/vue-lodge.jpg","contentUrl":"https:\/\/www.moulindelagassotte.fr\/2022\/wp-content\/uploads\/2020\/11\/vue-lodge.jpg"},{"@type":"BreadcrumbList","@id":"https:\/\/www.moulindelagassotte.fr\/les-emplacements-de-camping-saint-savin-moulin-de-la-gassotte\/#breadcrumb","itemListElement":[{"@type":"ListItem","position":1,"name":"Accueil","item":"https:\/\/www.moulindelagassotte.fr\/"},{"@type":"ListItem","position":2,"name":"Les emplacements"}]},{"@type":"WebSite","@id":"https:\/\/www.moulindelagassotte.fr\/#website","url":"https:\/\/www.moulindelagassotte.fr\/","name":"Le Moulin de la Gassotte","description":"Camping - G\u00eetes - G\u00eete d&#039;\u00c9tape \u00e0 Saint-Savin (86)","publisher":{"@id":"https:\/\/www.moulindelagassotte.fr\/#organization"},"potentialAction":[{"@type":"SearchAction","target":{"@type":"EntryPoint","urlTemplate":"https:\/\/www.moulindelagassotte.fr\/?s={search_term_string}"},"query-input":{"@type":"PropertyValueSpecification","valueRequired":true,"valueName":"search_term_string"}}],"inLanguage":"nl-NL"},{"@type":"Organization","@id":"https:\/\/www.moulindelagassotte.fr\/#organization","name":"Le Moulin de la Gassotte","url":"https:\/\/www.moulindelagassotte.fr\/","logo":{"@type":"ImageObject","inLanguage":"nl-NL","@id":"https:\/\/www.moulindelagassotte.fr\/#\/schema\/logo\/image\/","url":"https:\/\/www.moulindelagassotte.fr\/2022\/wp-content\/uploads\/2022\/04\/logo-gassotte-gris.png","contentUrl":"https:\/\/www.moulindelagassotte.fr\/2022\/wp-content\/uploads\/2022\/04\/logo-gassotte-gris.png","width":300,"height":112,"caption":"Le Moulin de la Gassotte"},"image":{"@id":"https:\/\/www.moulindelagassotte.fr\/#\/schema\/logo\/image\/"}}]}},"_links":{"self":[{"href":"https:\/\/www.moulindelagassotte.fr\/nl\/wp-json\/wp\/v2\/pages\/2125","targetHints":{"allow":["GET"]}}],"collection":[{"href":"https:\/\/www.moulindelagassotte.fr\/nl\/wp-json\/wp\/v2\/pages"}],"about":[{"href":"https:\/\/www.moulindelagassotte.fr\/nl\/wp-json\/wp\/v2\/types\/page"}],"author":[{"embeddable":true,"href":"https:\/\/www.moulindelagassotte.fr\/nl\/wp-json\/wp\/v2\/users\/2"}],"replies":[{"embeddable":true,"href":"https:\/\/www.moulindelagassotte.fr\/nl\/wp-json\/wp\/v2\/comments?post=2125"}],"version-history":[{"count":27,"href":"https:\/\/www.moulindelagassotte.fr\/nl\/wp-json\/wp\/v2\/pages\/2125\/revisions"}],"predecessor-version":[{"id":3377,"href":"https:\/\/www.moulindelagassotte.fr\/nl\/wp-json\/wp\/v2\/pages\/2125\/revisions\/3377"}],"wp:attachment":[{"href":"https:\/\/www.moulindelagassotte.fr\/nl\/wp-json\/wp\/v2\/media?parent=2125"}],"curies":[{"name":"wp","href":"https:\/\/api.w.org\/{rel}","templated":true}]}}