{"id":2325,"date":"2022-04-22T14:10:32","date_gmt":"2022-04-22T12:10:32","guid":{"rendered":"https:\/\/www.moulindelagassotte.fr\/2022\/?page_id=2325"},"modified":"2025-06-13T10:25:49","modified_gmt":"2025-06-13T08:25:49","slug":"mentions-legales","status":"publish","type":"page","link":"https:\/\/www.moulindelagassotte.fr\/en\/mentions-legales\/","title":{"rendered":"Legal notice"},"content":{"rendered":"<div class=\"wp-block-cover alignfull is-light\" style=\"min-height:400px;aspect-ratio:unset;\"><span aria-hidden=\"true\" class=\"wp-block-cover__background has-background-dim-40 has-background-dim\"><\/span><img loading=\"lazy\" decoding=\"async\" width=\"1920\" height=\"1440\" class=\"wp-block-cover__image-background wp-image-1930\" alt=\"\" src=\"https:\/\/www.moulindelagassotte.fr\/2022\/wp-content\/uploads\/2020\/11\/vue-lodge.jpg\" style=\"object-position:49% 28%\" data-object-fit=\"cover\" data-object-position=\"49% 28%\" srcset=\"https:\/\/www.moulindelagassotte.fr\/2022\/wp-content\/uploads\/2020\/11\/vue-lodge.jpg 1920w, https:\/\/www.moulindelagassotte.fr\/2022\/wp-content\/uploads\/2020\/11\/vue-lodge-300x225.jpg 300w, https:\/\/www.moulindelagassotte.fr\/2022\/wp-content\/uploads\/2020\/11\/vue-lodge-1024x768.jpg 1024w, https:\/\/www.moulindelagassotte.fr\/2022\/wp-content\/uploads\/2020\/11\/vue-lodge-768x576.jpg 768w, https:\/\/www.moulindelagassotte.fr\/2022\/wp-content\/uploads\/2020\/11\/vue-lodge-1536x1152.jpg 1536w\" sizes=\"auto, (max-width: 1920px) 100vw, 1920px\" \/><div class=\"wp-block-cover__inner-container is-layout-flow wp-block-cover-is-layout-flow\">\n<div style=\"height:60px\" aria-hidden=\"true\" class=\"wp-block-spacer\"><\/div>\n\n\n\n<h2 class=\"wp-block-heading has-text-align-center has-central-palette-6-color has-text-color\">Legal notice<\/h2>\n<\/div><\/div>\n\n\n\n<h3 class=\"wp-block-heading\">PUBLISHER OF THE SITE<\/h3>\n\n\n\n<p>Camping du Moulin de la Gassotte<br>10, rue du 8 May 1945<br>86310 Saint - SavinVienne)<br>Tel: 05 49 48 18 02<br>Email: camping@moulindelagassotte.fr<br>SIRET: 821 322 138 00016<\/p>\n\n\n\n<h3 class=\"wp-block-heading\">DESIGN OF THE WEBSITE<\/h3>\n\n\n\n<p>Creation of the website:\u00a0<a href=\"http:\/\/milaweissweiler.com\/\" target=\"_blank\" rel=\"noreferrer noopener\">Mila Weissweiler<\/a><br>Responsible for content: Luc Oomen &amp; Monique Niehof<br>Preparation of content and drafting: Laetitia Sardet,\u00a0<a href=\"http:\/\/www.ls-com.fr\/\" target=\"_blank\" rel=\"noreferrer noopener\">LS Com\u2019<\/a><br>Pictures: Mila Weissweiler, R\u00e9my Berthon<br>Photos Tourism pages: from the websites of tourist sites (V\u00e9loRail Chauvigny, Futuroscope, etc.)<br>Map: Googlemaps<br>Accommodation: OVH<\/p>\n\n\n\n<h3 class=\"wp-block-heading\">GENERAL CONDITIONS OF USE<\/h3>\n\n\n\n<p>The consultation of this website is authorised for the private use of the user. The information proposed is made available to the public for information purposes and is not guaranteed to be error-free. If you notice an anomaly on this site, we invite you to report it by sending an email to the following address: camping@moulindelagassotte.fr.<br>By accessing this service, you are informed that the use of the Internet requires compliance with a set of laws that you undertake not to infringe, and relating in particular to copyright, computer fraud, the Data Protection Act, the protection of the human person, as well as privacy and respect for privacy.<\/p>\n\n\n\n<p>The links present on the pages of this site may lead the user to sites that do not depend on the Camping du Moulin de la Gassotte. The Camping declines all responsibility for the content of sites for which it is not the publisher and which are accessible via hypertext links. Any site wishing to prohibit or limit its hypertext referencing can ask the Camping du Moulin de la Gassotte to remove all or part of the links that have been created to him by sending his request by email (camping@moulindelagassotte.fr) or by mail.<\/p>\n\n\n\n<h3 class=\"wp-block-heading\">PERSONAL DATA AND NOMINATIVE INFORMATION<\/h3>\n\n\n\n<p>The Camping du Moulin de la Gassotte respects the provisions protecting human rights and fundamental freedoms, the protection of personal data and their free movement, as well as Community Directive No 95\/46 and Law No 78-17 of 6 January 1978 on data processing, files and freedoms.<br>The declaratory procedures relating to the implementation of automated processing of personal data with the Commission Nationale Informatique et Libert\u00e9s (CNIL) are ongoing.<br>In particular, the user is informed that, in accordance with Articles 38, 39 and 40 of Law No 78-17 of 6 January 1978 on data processing, files and freedoms, he has an individual right of access, rectification and deletion of personal information concerning him. Written requests should be sent to the following address:<br>The Camping du Moulin de la Gassotte \/ 10, rue du 8 May 1945 \/ 86310 Saint-Savin (Vienne) \/ Tel: 05 49 48 18 02 \/ camping@moulindelagassotte.fr<\/p>\n\n\n\n<h3 class=\"wp-block-heading\">INTELLECTUAL PROPERTY<\/h3>\n\n\n\n<p>This website is protected by French legislation currently in force, contained in the Intellectual Property Code.<br>In application of the provisions of this Code, any unauthorized reproduction, representation or distribution of all or part of the elements and information of this site is prohibited unless expressly authorized by the owner of the rights.<br>Reproduction and representation on any electronic medium is strictly prohibited unless expressly authorised by the rightholder.<br>Unless expressly authorized by the owner of the rights, it is in particular forbidden to copy, disseminate, extract, reuse, store, reproduce, represent or preserve, directly or indirectly, on any medium, by any means and in any form whatsoever, photos appearing on this site. However, a written request for the use of photos may be sent to the Camping du Moulin de la Gassotte \/ 10, rue du 8 May 1945 \/ 86310 Saint-Savin (Vienne) \/ Tel: 05 49 48 18 02 \/ camping@moulindelagassotte.fr.<\/p>\n\n\n\n<p>The reproduction and representation of the texts on this site on paper is authorised, subject to the following three conditions:<br>\u2013 Free distribution;<br>\u2013 Respect for the integrity of the documents reproduced;<br>\u2013 Clear and legible quotation from the source in the following form: \u2018This document comes from the website \u2018www.moulindelagassotte.fr\u2019. The rights of reproduction and representation are reserved and strictly limited.<\/p>","protected":false},"excerpt":{"rendered":"<p>EDITEUR DU SITE Camping du Moulin de la Gassotte10, rue du 8 Mai 194586310 Saint-Savin (Vienne)T\u00e9l : 05 49 48 18 02Email : camping@moulindelagassotte.frSIRET : 821 322 138&hellip;<\/p>","protected":false},"author":2,"featured_media":0,"parent":0,"menu_order":0,"comment_status":"closed","ping_status":"closed","template":"template-full-width-cover.php","meta":{"footnotes":""},"class_list":["post-2325","page","type-page","status-publish","has-post-thumbnail","hentry"],"yoast_head":"<!-- This site is optimized with the Yoast SEO plugin v27.5 - https:\/\/yoast.com\/product\/yoast-seo-wordpress\/ -->\n<title>Mentions l\u00e9gales - Le Moulin de la Gassotte<\/title>\n<meta name=\"robots\" content=\"index, follow, max-snippet:-1, max-image-preview:large, max-video-preview:-1\" \/>\n<link rel=\"canonical\" href=\"https:\/\/www.moulindelagassotte.fr\/en\/mentions-legales\/\" \/>\n<meta property=\"og:locale\" content=\"en_GB\" \/>\n<meta property=\"og:type\" content=\"article\" \/>\n<meta property=\"og:title\" content=\"Mentions l\u00e9gales - Le Moulin de la Gassotte\" \/>\n<meta property=\"og:description\" content=\"EDITEUR DU SITE Camping du Moulin de la Gassotte10, rue du 8 Mai 194586310 Saint-Savin (Vienne)T\u00e9l : 05 49 48 18 02Email : camping@moulindelagassotte.frSIRET : 821 322 138&hellip;\" \/>\n<meta property=\"og:url\" content=\"https:\/\/www.moulindelagassotte.fr\/en\/mentions-legales\/\" \/>\n<meta property=\"og:site_name\" content=\"Le Moulin de la Gassotte\" \/>\n<meta property=\"article:modified_time\" content=\"2025-06-13T08:25:49+00:00\" \/>\n<meta property=\"og:image\" content=\"https:\/\/www.moulindelagassotte.fr\/2022\/wp-content\/uploads\/2020\/11\/vue-lodge.jpg\" \/>\n\t<meta property=\"og:image:width\" content=\"1920\" \/>\n\t<meta property=\"og:image:height\" content=\"1440\" \/>\n\t<meta property=\"og:image:type\" content=\"image\/jpeg\" \/>\n<meta name=\"twitter:card\" content=\"summary_large_image\" \/>\n<meta name=\"twitter:label1\" content=\"Estimated reading time\" \/>\n\t<meta name=\"twitter:data1\" content=\"4 minutes\" \/>\n<script type=\"application\/ld+json\" class=\"yoast-schema-graph\">{\"@context\":\"https:\\\/\\\/schema.org\",\"@graph\":[{\"@type\":\"WebPage\",\"@id\":\"https:\\\/\\\/www.moulindelagassotte.fr\\\/mentions-legales\\\/\",\"url\":\"https:\\\/\\\/www.moulindelagassotte.fr\\\/mentions-legales\\\/\",\"name\":\"Mentions l\u00e9gales - Le Moulin de la Gassotte\",\"isPartOf\":{\"@id\":\"https:\\\/\\\/www.moulindelagassotte.fr\\\/#website\"},\"primaryImageOfPage\":{\"@id\":\"https:\\\/\\\/www.moulindelagassotte.fr\\\/mentions-legales\\\/#primaryimage\"},\"image\":{\"@id\":\"https:\\\/\\\/www.moulindelagassotte.fr\\\/mentions-legales\\\/#primaryimage\"},\"thumbnailUrl\":\"https:\\\/\\\/www.moulindelagassotte.fr\\\/2022\\\/wp-content\\\/uploads\\\/2020\\\/11\\\/vue-lodge.jpg\",\"datePublished\":\"2022-04-22T12:10:32+00:00\",\"dateModified\":\"2025-06-13T08:25:49+00:00\",\"breadcrumb\":{\"@id\":\"https:\\\/\\\/www.moulindelagassotte.fr\\\/mentions-legales\\\/#breadcrumb\"},\"inLanguage\":\"en-GB\",\"potentialAction\":[{\"@type\":\"ReadAction\",\"target\":[\"https:\\\/\\\/www.moulindelagassotte.fr\\\/mentions-legales\\\/\"]}]},{\"@type\":\"ImageObject\",\"inLanguage\":\"en-GB\",\"@id\":\"https:\\\/\\\/www.moulindelagassotte.fr\\\/mentions-legales\\\/#primaryimage\",\"url\":\"https:\\\/\\\/www.moulindelagassotte.fr\\\/2022\\\/wp-content\\\/uploads\\\/2020\\\/11\\\/vue-lodge.jpg\",\"contentUrl\":\"https:\\\/\\\/www.moulindelagassotte.fr\\\/2022\\\/wp-content\\\/uploads\\\/2020\\\/11\\\/vue-lodge.jpg\"},{\"@type\":\"BreadcrumbList\",\"@id\":\"https:\\\/\\\/www.moulindelagassotte.fr\\\/mentions-legales\\\/#breadcrumb\",\"itemListElement\":[{\"@type\":\"ListItem\",\"position\":1,\"name\":\"Accueil\",\"item\":\"https:\\\/\\\/www.moulindelagassotte.fr\\\/\"},{\"@type\":\"ListItem\",\"position\":2,\"name\":\"Mentions l\u00e9gales\"}]},{\"@type\":\"WebSite\",\"@id\":\"https:\\\/\\\/www.moulindelagassotte.fr\\\/#website\",\"url\":\"https:\\\/\\\/www.moulindelagassotte.fr\\\/\",\"name\":\"Le Moulin de la Gassotte\",\"description\":\"Camping - G\u00eetes - G\u00eete d&#039;\u00c9tape \u00e0 Saint-Savin (86)\",\"publisher\":{\"@id\":\"https:\\\/\\\/www.moulindelagassotte.fr\\\/#organization\"},\"potentialAction\":[{\"@type\":\"SearchAction\",\"target\":{\"@type\":\"EntryPoint\",\"urlTemplate\":\"https:\\\/\\\/www.moulindelagassotte.fr\\\/?s={search_term_string}\"},\"query-input\":{\"@type\":\"PropertyValueSpecification\",\"valueRequired\":true,\"valueName\":\"search_term_string\"}}],\"inLanguage\":\"en-GB\"},{\"@type\":\"Organization\",\"@id\":\"https:\\\/\\\/www.moulindelagassotte.fr\\\/#organization\",\"name\":\"Le Moulin de la Gassotte\",\"url\":\"https:\\\/\\\/www.moulindelagassotte.fr\\\/\",\"logo\":{\"@type\":\"ImageObject\",\"inLanguage\":\"en-GB\",\"@id\":\"https:\\\/\\\/www.moulindelagassotte.fr\\\/#\\\/schema\\\/logo\\\/image\\\/\",\"url\":\"https:\\\/\\\/www.moulindelagassotte.fr\\\/2022\\\/wp-content\\\/uploads\\\/2022\\\/04\\\/logo-gassotte-gris.png\",\"contentUrl\":\"https:\\\/\\\/www.moulindelagassotte.fr\\\/2022\\\/wp-content\\\/uploads\\\/2022\\\/04\\\/logo-gassotte-gris.png\",\"width\":300,\"height\":112,\"caption\":\"Le Moulin de la Gassotte\"},\"image\":{\"@id\":\"https:\\\/\\\/www.moulindelagassotte.fr\\\/#\\\/schema\\\/logo\\\/image\\\/\"}}]}<\/script>\n<!-- \/ Yoast SEO plugin. -->","yoast_head_json":{"title":"Mentions l\u00e9gales - Le Moulin de la Gassotte","robots":{"index":"index","follow":"follow","max-snippet":"max-snippet:-1","max-image-preview":"max-image-preview:large","max-video-preview":"max-video-preview:-1"},"canonical":"https:\/\/www.moulindelagassotte.fr\/en\/mentions-legales\/","og_locale":"en_GB","og_type":"article","og_title":"Mentions l\u00e9gales - Le Moulin de la Gassotte","og_description":"EDITEUR DU SITE Camping du Moulin de la Gassotte10, rue du 8 Mai 194586310 Saint-Savin (Vienne)T\u00e9l : 05 49 48 18 02Email : camping@moulindelagassotte.frSIRET : 821 322 138&hellip;","og_url":"https:\/\/www.moulindelagassotte.fr\/en\/mentions-legales\/","og_site_name":"Le Moulin de la Gassotte","article_modified_time":"2025-06-13T08:25:49+00:00","og_image":[{"width":1920,"height":1440,"url":"https:\/\/www.moulindelagassotte.fr\/2022\/wp-content\/uploads\/2020\/11\/vue-lodge.jpg","type":"image\/jpeg"}],"twitter_card":"summary_large_image","twitter_misc":{"Estimated reading time":"4 minutes"},"schema":{"@context":"https:\/\/schema.org","@graph":[{"@type":"WebPage","@id":"https:\/\/www.moulindelagassotte.fr\/mentions-legales\/","url":"https:\/\/www.moulindelagassotte.fr\/mentions-legales\/","name":"Mentions l\u00e9gales - Le Moulin de la Gassotte","isPartOf":{"@id":"https:\/\/www.moulindelagassotte.fr\/#website"},"primaryImageOfPage":{"@id":"https:\/\/www.moulindelagassotte.fr\/mentions-legales\/#primaryimage"},"image":{"@id":"https:\/\/www.moulindelagassotte.fr\/mentions-legales\/#primaryimage"},"thumbnailUrl":"https:\/\/www.moulindelagassotte.fr\/2022\/wp-content\/uploads\/2020\/11\/vue-lodge.jpg","datePublished":"2022-04-22T12:10:32+00:00","dateModified":"2025-06-13T08:25:49+00:00","breadcrumb":{"@id":"https:\/\/www.moulindelagassotte.fr\/mentions-legales\/#breadcrumb"},"inLanguage":"en-GB","potentialAction":[{"@type":"ReadAction","target":["https:\/\/www.moulindelagassotte.fr\/mentions-legales\/"]}]},{"@type":"ImageObject","inLanguage":"en-GB","@id":"https:\/\/www.moulindelagassotte.fr\/mentions-legales\/#primaryimage","url":"https:\/\/www.moulindelagassotte.fr\/2022\/wp-content\/uploads\/2020\/11\/vue-lodge.jpg","contentUrl":"https:\/\/www.moulindelagassotte.fr\/2022\/wp-content\/uploads\/2020\/11\/vue-lodge.jpg"},{"@type":"BreadcrumbList","@id":"https:\/\/www.moulindelagassotte.fr\/mentions-legales\/#breadcrumb","itemListElement":[{"@type":"ListItem","position":1,"name":"Accueil","item":"https:\/\/www.moulindelagassotte.fr\/"},{"@type":"ListItem","position":2,"name":"Mentions l\u00e9gales"}]},{"@type":"WebSite","@id":"https:\/\/www.moulindelagassotte.fr\/#website","url":"https:\/\/www.moulindelagassotte.fr\/","name":"Le Moulin de la Gassotte","description":"Camping - G\u00eetes - G\u00eete d&#039;\u00c9tape \u00e0 Saint-Savin (86)","publisher":{"@id":"https:\/\/www.moulindelagassotte.fr\/#organization"},"potentialAction":[{"@type":"SearchAction","target":{"@type":"EntryPoint","urlTemplate":"https:\/\/www.moulindelagassotte.fr\/?s={search_term_string}"},"query-input":{"@type":"PropertyValueSpecification","valueRequired":true,"valueName":"search_term_string"}}],"inLanguage":"en-GB"},{"@type":"Organization","@id":"https:\/\/www.moulindelagassotte.fr\/#organization","name":"Le Moulin de la Gassotte","url":"https:\/\/www.moulindelagassotte.fr\/","logo":{"@type":"ImageObject","inLanguage":"en-GB","@id":"https:\/\/www.moulindelagassotte.fr\/#\/schema\/logo\/image\/","url":"https:\/\/www.moulindelagassotte.fr\/2022\/wp-content\/uploads\/2022\/04\/logo-gassotte-gris.png","contentUrl":"https:\/\/www.moulindelagassotte.fr\/2022\/wp-content\/uploads\/2022\/04\/logo-gassotte-gris.png","width":300,"height":112,"caption":"Le Moulin de la Gassotte"},"image":{"@id":"https:\/\/www.moulindelagassotte.fr\/#\/schema\/logo\/image\/"}}]}},"_links":{"self":[{"href":"https:\/\/www.moulindelagassotte.fr\/en\/wp-json\/wp\/v2\/pages\/2325","targetHints":{"allow":["GET"]}}],"collection":[{"href":"https:\/\/www.moulindelagassotte.fr\/en\/wp-json\/wp\/v2\/pages"}],"about":[{"href":"https:\/\/www.moulindelagassotte.fr\/en\/wp-json\/wp\/v2\/types\/page"}],"author":[{"embeddable":true,"href":"https:\/\/www.moulindelagassotte.fr\/en\/wp-json\/wp\/v2\/users\/2"}],"replies":[{"embeddable":true,"href":"https:\/\/www.moulindelagassotte.fr\/en\/wp-json\/wp\/v2\/comments?post=2325"}],"version-history":[{"count":3,"href":"https:\/\/www.moulindelagassotte.fr\/en\/wp-json\/wp\/v2\/pages\/2325\/revisions"}],"predecessor-version":[{"id":2703,"href":"https:\/\/www.moulindelagassotte.fr\/en\/wp-json\/wp\/v2\/pages\/2325\/revisions\/2703"}],"wp:attachment":[{"href":"https:\/\/www.moulindelagassotte.fr\/en\/wp-json\/wp\/v2\/media?parent=2325"}],"curies":[{"name":"wp","href":"https:\/\/api.w.org\/{rel}","templated":true}]}}