{"id":2149,"date":"2022-03-17T12:18:46","date_gmt":"2022-03-17T11:18:46","guid":{"rendered":"https:\/\/www.moulindelagassotte.fr\/2022\/?page_id=2149"},"modified":"2026-03-13T11:08:23","modified_gmt":"2026-03-13T10:08:23","slug":"tarifs","status":"publish","type":"page","link":"https:\/\/www.moulindelagassotte.fr\/en\/tarifs\/","title":{"rendered":"Rates"},"content":{"rendered":"<div class=\"wp-block-cover alignfull\" style=\"min-height:400px;aspect-ratio:unset;\"><img loading=\"lazy\" decoding=\"async\" width=\"2000\" height=\"1400\" class=\"wp-block-cover__image-background wp-image-1477\" alt=\"\" src=\"https:\/\/www.moulindelagassotte.fr\/2022\/wp-content\/uploads\/2018\/02\/accueil-groupes.jpg\" style=\"object-position:51% 57%\" data-object-fit=\"cover\" data-object-position=\"51% 57%\" srcset=\"https:\/\/www.moulindelagassotte.fr\/2022\/wp-content\/uploads\/2018\/02\/accueil-groupes.jpg 2000w, https:\/\/www.moulindelagassotte.fr\/2022\/wp-content\/uploads\/2018\/02\/accueil-groupes-300x210.jpg 300w, https:\/\/www.moulindelagassotte.fr\/2022\/wp-content\/uploads\/2018\/02\/accueil-groupes-1024x717.jpg 1024w, https:\/\/www.moulindelagassotte.fr\/2022\/wp-content\/uploads\/2018\/02\/accueil-groupes-768x538.jpg 768w, https:\/\/www.moulindelagassotte.fr\/2022\/wp-content\/uploads\/2018\/02\/accueil-groupes-1536x1075.jpg 1536w\" sizes=\"auto, (max-width: 2000px) 100vw, 2000px\" \/><span aria-hidden=\"true\" class=\"wp-block-cover__background has-background-dim-40 has-background-dim\"><\/span><div class=\"wp-block-cover__inner-container is-layout-flow wp-block-cover-is-layout-flow\">\n<div style=\"height:60px\" aria-hidden=\"true\" class=\"wp-block-spacer\"><\/div>\n\n\n\n<h2 class=\"wp-block-heading has-text-align-center has-central-palette-6-color has-text-color\">Our rates<\/h2>\n\n\n\n<p class=\"has-text-align-center monter25 has-central-palette-6-color has-text-color has-large-font-size\">Rates for pitches, lodges, mobile tents and g\u00eetes<\/p>\n<\/div><\/div>\n\n\n\n<h2 class=\"wp-block-heading has-text-align-center\">Location rates 2026<\/h2>\n\n\n\n<p class=\"has-text-align-center\">Open from 13 March to 11 October<\/p>\n\n\n\n<div class=\"wp-block-columns is-layout-flex wp-container-core-columns-is-layout-9d6595d7 wp-block-columns-is-layout-flex\">\n<div class=\"wp-block-column is-layout-flow wp-block-column-is-layout-flow\" style=\"flex-basis:100%\">\n<div class=\"wp-block-columns is-layout-flex wp-container-core-columns-is-layout-9d6595d7 wp-block-columns-is-layout-flex\">\n<div class=\"wp-block-column is-layout-flow wp-block-column-is-layout-flow\" style=\"flex-basis:100%\">\n<div class=\"wp-block-columns is-layout-flex wp-container-core-columns-is-layout-9d6595d7 wp-block-columns-is-layout-flex\">\n<div class=\"wp-block-column is-layout-flow wp-block-column-is-layout-flow\" style=\"flex-basis:100%\">\n<figure class=\"wp-block-table alignwide monter50 is-style-stripes\"><table><thead><tr><th><\/th><th class=\"has-text-align-center\" data-align=\"center\"><\/th><th class=\"has-text-align-center\" data-align=\"center\"><\/th><\/tr><\/thead><tbody><tr><td><strong><em>Rates per night<\/em><\/strong><\/td><td class=\"has-text-align-center\" data-align=\"center\"><strong><em>low season<\/em><\/strong><br><\/td><td class=\"has-text-align-center\" data-align=\"center\"><em><strong>high season**<br><\/strong><\/em><\/td><\/tr><tr><td>Location , 2 pers <br>(1 tent, 1 caravan or camping car, one car, electricity)<\/td><td class=\"has-text-align-center\" data-align=\"center\">20 \u20ac<\/td><td class=\"has-text-align-center\" data-align=\"center\">26 \u20ac<\/td><\/tr><tr><td>Without electricity<\/td><td class=\"has-text-align-center\" data-align=\"center\">-\/- 4 \u20ac<\/td><td class=\"has-text-align-center\" data-align=\"center\">-\/- 4 \u20ac<\/td><\/tr><tr><td>Additional person<br>(from 4 years)<\/td><td class=\"has-text-align-center\" data-align=\"center\">5 \u20ac<\/td><td class=\"has-text-align-center\" data-align=\"center\">5 \u20ac<\/td><\/tr><tr><td>Animal<\/td><td class=\"has-text-align-center\" data-align=\"center\">1,75 \u20ac<\/td><td class=\"has-text-align-center\" data-align=\"center\">1,75 \u20ac<\/td><\/tr><tr><td>Additional vehicle<\/td><td class=\"has-text-align-center\" data-align=\"center\">5 \u20ac<\/td><td class=\"has-text-align-center\" data-align=\"center\">5 \u20ac<\/td><\/tr><tr><td>Tourist tax (+ 18 years); per person<\/td><td class=\"has-text-align-center\" data-align=\"center\">0,22 \u20ac<br><\/td><td class=\"has-text-align-center\" data-align=\"center\">0,22  \u20ac<\/td><\/tr><\/tbody><\/table><\/figure>\n<\/div>\n<\/div>\n<\/div>\n<\/div>\n<\/div>\n<\/div>\n\n\n\n<p>** The high season rates apply during the Pentecost weekend and during the summer: 10\/07\/2026 to 27\/09\/2026<\/p>\n\n\n\n<p>\u2047   \u2047 <br>Sanitary buildings open from early April to early October, outside this period, toilets and a shower are available in the mill building.<\/p>\n\n\n\n<p><\/p>\n\n\n\n<p>\u2047   \u2047 <br>Animals are accepted with their vaccination booklet up to date, it is mandatory to keep them on a leash and collect their droppings.<\/p>\n\n\n\n<div class=\"wp-block-buttons is-layout-flex wp-block-buttons-is-layout-flex\">\n<div class=\"wp-block-button has-custom-width wp-block-button__width-100\"><a class=\"wp-block-button__link wp-element-button\" href=\"https:\/\/www.moulindelagassotte.fr\/en\/reserver-emplacement\/\">Book a location<\/a><\/div>\n<\/div>\n\n\n\n<div class=\"wp-block-cover alignfull has-parallax\" style=\"min-height:400px;aspect-ratio:unset;\"><div class=\"wp-block-cover__image-background wp-image-749 has-parallax\" style=\"background-position:50% 50%;background-image:url(https:\/\/www.moulindelagassotte.fr\/2022\/wp-content\/uploads\/2017\/12\/lodge-2pers-ext.jpg)\"><\/div><span aria-hidden=\"true\" class=\"wp-block-cover__background has-background-dim-10 has-background-dim\"><\/span><div class=\"wp-block-cover__inner-container is-layout-flow wp-block-cover-is-layout-flow\">\n<p class=\"has-text-align-center has-large-font-size\"><\/p>\n<\/div><\/div>\n\n\n\n<h2 class=\"wp-block-heading has-text-align-center\">Rates for lodges and mobile tents 2026<\/h2>\n\n\n\n<p class=\"has-text-align-center\"><\/p>\n\n\n\n<figure class=\"wp-block-table alignwide is-style-stripes monter50\"><table class=\"has-fixed-layout\"><thead><tr><th>Rates per night for 2 people<br><strong>High season**(Low referral)<\/strong><\/th><th class=\"has-text-align-center\" data-align=\"center\">1 or 2 nights<\/th><th class=\"has-text-align-center\" data-align=\"center\">3 to 6 nights<\/th><th class=\"has-text-align-center\" data-align=\"center\">7 nights and more<\/th><\/tr><\/thead><tbody><tr><td>Lodge \"baroudeur\", 2 people, 7 m2<\/td><td class=\"has-text-align-center\" data-align=\"center\">40 \u20ac (35 \u20ac)<\/td><td class=\"has-text-align-center\" data-align=\"center\">37,50 \u20ac (32,50 \u20ac)<\/td><td class=\"has-text-align-center\" data-align=\"center\">35 \u20ac (30 \u20ac)<\/td><\/tr><tr><td>Lodge \"Loutre\", max 4 people, 30 m2<\/td><td class=\"has-text-align-center\" data-align=\"center\">60 \u20ac (50 \u20ac)<\/td><td class=\"has-text-align-center\" data-align=\"center\">57,50 \u20ac (47,50 \u20ac)<\/td><td class=\"has-text-align-center\" data-align=\"center\">55 \u20ac (45 \u20ac)<\/td><\/tr><tr><td>Mobile tent, \"Castor\" 4 people, 30 m2, sdb *<\/td><td class=\"has-text-align-center\" data-align=\"center\">75 \u20ac (65 \u20ac)<\/td><td class=\"has-text-align-center\" data-align=\"center\">70 \u20ac (60 \u20ac)<\/td><td class=\"has-text-align-center\" data-align=\"center\">65 \u20ac (55 \u20ac)<\/td><\/tr><tr><td>Mobile tent, \"Blaireau\" 4 persons 30 m2, sdb*<\/td><td class=\"has-text-align-center\" data-align=\"center\">75 \u20ac (65 \u20ac)<\/td><td class=\"has-text-align-center\" data-align=\"center\">70 \u20ac (60 \u20ac)<\/td><td class=\"has-text-align-center\" data-align=\"center\">65 \u20ac (55 \u20ac)<\/td><\/tr><\/tbody><\/table><\/figure>\n\n\n\n<p>*Mobile tent cleaning costs: 25 \u20ac per stay<br> (Lodges Otter and Baroudeur optional cleaning)<\/p>\n\n\n\n<p>** The high season rates apply during the Pentecost weekend and during the summer: 10\/07\/2026 to 27\/09\/2026<\/p>\n\n\n\n<p>Bed linen: 7,50 \u20ac per person optional<\/p>\n\n\n\n<p>Extra person 10 \u20ac per night<\/p>\n\n\n\n<p>Tourist tax (+ 18 years): 0.22 \u20ac per night per person <\/p>\n\n\n\n<div class=\"wp-block-buttons is-layout-flex wp-block-buttons-is-layout-flex\">\n<div class=\"wp-block-button\"><a class=\"wp-block-button__link wp-element-button\" href=\"https:\/\/www.moulindelagassotte.fr\/en\/reserver-une-lodge-ou-mobiltente\/\">Reserve lodge or mobil-tent<\/a><\/div>\n<\/div>\n\n\n\n<p><br>Available for rent from late April to early October, depending on the weather.<\/p>\n\n\n\n<div style=\"height:100px\" aria-hidden=\"true\" class=\"wp-block-spacer\"><\/div>\n\n\n\n<div class=\"wp-block-cover alignfull has-parallax\" style=\"min-height:402px;aspect-ratio:unset;\"><div class=\"wp-block-cover__image-background wp-image-2761 size-large has-parallax\" style=\"background-position:50% 50%;background-image:url(https:\/\/www.moulindelagassotte.fr\/2022\/wp-content\/uploads\/2025\/04\/g3-2-1-1024x768.jpg)\"><\/div><span aria-hidden=\"true\" class=\"wp-block-cover__background has-background-dim-0 has-background-dim\" style=\"background-color:#81736e\"><\/span><div class=\"wp-block-cover__inner-container is-layout-flow wp-block-cover-is-layout-flow\">\n<p class=\"has-text-align-center has-large-font-size\" id=\"tarifsgites\"><\/p>\n<\/div><\/div>\n\n\n\n<h2 class=\"wp-block-heading has-text-align-center\">Rates of gites 2026<\/h2>\n\n\n\n<figure class=\"wp-block-table alignwide is-style-stripes monter50\"><table><thead><tr><th><br><br>Rates per night<br>(2 people)<br><strong>High season**(Low referral)<\/strong><\/th><th class=\"has-text-align-center\" data-align=\"center\">1 or 2 nights<\/th><th class=\"has-text-align-center\" data-align=\"center\">1 or 2 nights<\/th><th class=\"has-text-align-center\" data-align=\"center\">3 to 6 nights<\/th><th class=\"has-text-align-center\" data-align=\"center\">7 nights and more<\/th><th class=\"has-text-align-center\" data-align=\"center\">No one <br>additional*<\/th><\/tr><\/thead><tbody><tr><td>2 people<br><\/td><td class=\"has-text-align-center\" data-align=\"center\">65 \u20ac<\/td><td class=\"has-text-align-center\" data-align=\"center\">60 \u20ac<\/td><td class=\"has-text-align-center\" data-align=\"center\">60 \u20ac (55 \u20ac)<\/td><td class=\"has-text-align-center\" data-align=\"center\">55 \u20ac (50 \u20ac)<\/td><td class=\"has-text-align-center\" data-align=\"center\">maximum 2<br>&gt;3 years 10 \u20ac <br> &lt;3 years 0 \u20ac<\/td><\/tr><\/tbody><\/table><\/figure>\n\n\n\n<p>** The high season rates apply during the Pentecost weekend and during the summer: 10\/07\/2026 to 27\/09\/2026<\/p>\n\n\n\n<p>Tourist tax 5% rental price<\/p>\n\n\n\n<p>Cleaning fee 25 \u20ac per stay<\/p>\n\n\n\n<p>Bed linen and towels: 7,50 \u20ac per person optional<\/p>\n\n\n\n<p><strong>Gite 1<\/strong> \"Le Lis\": 2* persons, ground floor, double bed and sofa bed<\/p>\n\n\n\n<p><strong>Gite 2<\/strong> \"The Rose\": 2* persons, ground floor, double bed and two single sofa beds<\/p>\n\n\n\n<p><strong>Gite 3<\/strong> \"The Tulip\": 2* people, first floor, double bed and two single sofa beds<\/p>\n\n\n\n<p>*If you wish to stay in a cottage with more than 2 people, please send an e-mail.<\/p>\n\n\n\n<div class=\"wp-block-buttons is-layout-flex wp-block-buttons-is-layout-flex\">\n<div class=\"wp-block-button has-custom-width wp-block-button__width-100\" id=\"giteetape\"><a class=\"wp-block-button__link wp-element-button\" href=\"https:\/\/www.moulindelagassotte.fr\/en\/reserver-une-gite\/\">Book a cottage<\/a><\/div>\n<\/div>\n\n\n\n<p><\/p>\n\n\n\n<p class=\"has-text-align-center has-large-font-size\"><strong>Rates of G\u00eete d\u2019step \/ <strong>Family Cottage<\/strong><\/strong> <strong>2026<\/strong><\/p>\n\n\n\n<figure class=\"wp-block-table alignwide is-style-stripes monter50\"><table class=\"has-fixed-layout\"><thead><tr><th><strong>G\u00eete d'\u00e9tape (bunk beds)<\/strong><\/th><th class=\"has-text-align-left\" data-align=\"left\">The night<\/th><\/tr><\/thead><tbody><tr><td>\u2013 Person (bed)<\/td><td class=\"has-text-align-left\" data-align=\"left\">30 \u20ac<\/td><\/tr><tr><td>\u2013 Group max 10 persons<\/td><td class=\"has-text-align-left\" data-align=\"left\">200 \u20ac*<\/td><\/tr><tr><td>\u2013 Bed bedding \u20ac7.5 optional<\/td><td class=\"has-text-align-left\" data-align=\"left\"><\/td><\/tr><tr><td>\u2013 Tourist tax 5% rental price<\/td><td class=\"has-text-align-left\" data-align=\"left\"><\/td><\/tr><tr><td>* Cleaning 35 \u20ac per stay required<\/td><td class=\"has-text-align-left\" data-align=\"left\"><\/td><\/tr><\/tbody><\/table><\/figure>\n\n\n\n<p>You can also rent the entire G\u00eete d\u2019Etape with the large room. Ideal for group activities and classes for several days. Send us an e-mail for more information<\/p>\n\n\n\n<div class=\"wp-block-buttons is-layout-flex wp-block-buttons-is-layout-flex\">\n<div class=\"wp-block-button has-custom-width wp-block-button__width-100\"><a class=\"wp-block-button__link wp-element-button\" href=\"https:\/\/www.moulindelagassotte.fr\/en\/reserver-un-lit\/\">Book a bed<\/a><\/div>\n<\/div>\n\n\n\n<p><\/p>\n\n\n\n<div class=\"wp-block-cover alignfull has-parallax\" style=\"min-height:400px;aspect-ratio:unset;\"><div class=\"wp-block-cover__image-background wp-image-749 has-parallax\" style=\"background-position:50% 50%;background-image:url(https:\/\/www.moulindelagassotte.fr\/2022\/wp-content\/uploads\/2017\/12\/lodge-2pers-ext.jpg)\"><\/div><span aria-hidden=\"true\" class=\"wp-block-cover__background has-background-dim-10 has-background-dim\"><\/span><div class=\"wp-block-cover__inner-container is-layout-flow wp-block-cover-is-layout-flow\">\n<p class=\"has-text-align-center has-large-font-size\"><\/p>\n<\/div><\/div>\n\n\n\n<p class=\"has-text-align-center has-large-font-size\"><\/p>\n\n\n\n<p><\/p>","protected":false},"excerpt":{"rendered":"<p>Rates for pitches 2026 Open from 13 March to 11 October Rates per night low season high season** Location , 2 pers (1 tent, 1 caravan or \u2026<\/p>","protected":false},"author":2,"featured_media":0,"parent":0,"menu_order":0,"comment_status":"closed","ping_status":"closed","template":"template-full-width-cover.php","meta":{"footnotes":""},"class_list":["post-2149","page","type-page","status-publish","has-post-thumbnail","hentry"],"yoast_head":"<!-- This site is optimized with the Yoast SEO plugin v27.4 - https:\/\/yoast.com\/product\/yoast-seo-wordpress\/ -->\n<title>Tarifs - Le Moulin de la Gassotte<\/title>\n<meta name=\"robots\" content=\"index, follow, max-snippet:-1, max-image-preview:large, max-video-preview:-1\" \/>\n<link rel=\"canonical\" href=\"https:\/\/www.moulindelagassotte.fr\/en\/tarifs\/\" \/>\n<meta property=\"og:locale\" content=\"en_GB\" \/>\n<meta property=\"og:type\" content=\"article\" \/>\n<meta property=\"og:title\" content=\"Tarifs - Le Moulin de la Gassotte\" \/>\n<meta property=\"og:description\" content=\"Tarifs des emplacements 2026 Ouvert de 13 mars &#8211; 11 octobre Tarifs \u00e0 la nuit\u00e9e basse saison haute saison** Emplacement , 2 pers (1 tente, 1 caravanne ou&hellip;\" \/>\n<meta property=\"og:url\" content=\"https:\/\/www.moulindelagassotte.fr\/en\/tarifs\/\" \/>\n<meta property=\"og:site_name\" content=\"Le Moulin de la Gassotte\" \/>\n<meta property=\"article:modified_time\" content=\"2026-03-13T10:08:23+00:00\" \/>\n<meta property=\"og:image\" content=\"https:\/\/www.moulindelagassotte.fr\/2022\/wp-content\/uploads\/2018\/02\/accueil-groupes.jpg\" \/>\n\t<meta property=\"og:image:width\" content=\"2000\" \/>\n\t<meta property=\"og:image:height\" content=\"1400\" \/>\n\t<meta property=\"og:image:type\" content=\"image\/jpeg\" \/>\n<meta name=\"twitter:card\" content=\"summary_large_image\" \/>\n<meta name=\"twitter:label1\" content=\"Estimated reading time\" \/>\n\t<meta name=\"twitter:data1\" content=\"4 minutes\" \/>\n<script type=\"application\/ld+json\" class=\"yoast-schema-graph\">{\"@context\":\"https:\\\/\\\/schema.org\",\"@graph\":[{\"@type\":\"WebPage\",\"@id\":\"https:\\\/\\\/www.moulindelagassotte.fr\\\/tarifs\\\/\",\"url\":\"https:\\\/\\\/www.moulindelagassotte.fr\\\/tarifs\\\/\",\"name\":\"Tarifs - Le Moulin de la Gassotte\",\"isPartOf\":{\"@id\":\"https:\\\/\\\/www.moulindelagassotte.fr\\\/#website\"},\"primaryImageOfPage\":{\"@id\":\"https:\\\/\\\/www.moulindelagassotte.fr\\\/tarifs\\\/#primaryimage\"},\"image\":{\"@id\":\"https:\\\/\\\/www.moulindelagassotte.fr\\\/tarifs\\\/#primaryimage\"},\"thumbnailUrl\":\"https:\\\/\\\/www.moulindelagassotte.fr\\\/2022\\\/wp-content\\\/uploads\\\/2018\\\/02\\\/accueil-groupes.jpg\",\"datePublished\":\"2022-03-17T11:18:46+00:00\",\"dateModified\":\"2026-03-13T10:08:23+00:00\",\"breadcrumb\":{\"@id\":\"https:\\\/\\\/www.moulindelagassotte.fr\\\/tarifs\\\/#breadcrumb\"},\"inLanguage\":\"en-GB\",\"potentialAction\":[{\"@type\":\"ReadAction\",\"target\":[\"https:\\\/\\\/www.moulindelagassotte.fr\\\/tarifs\\\/\"]}]},{\"@type\":\"ImageObject\",\"inLanguage\":\"en-GB\",\"@id\":\"https:\\\/\\\/www.moulindelagassotte.fr\\\/tarifs\\\/#primaryimage\",\"url\":\"https:\\\/\\\/www.moulindelagassotte.fr\\\/2022\\\/wp-content\\\/uploads\\\/2018\\\/02\\\/accueil-groupes.jpg\",\"contentUrl\":\"https:\\\/\\\/www.moulindelagassotte.fr\\\/2022\\\/wp-content\\\/uploads\\\/2018\\\/02\\\/accueil-groupes.jpg\"},{\"@type\":\"BreadcrumbList\",\"@id\":\"https:\\\/\\\/www.moulindelagassotte.fr\\\/tarifs\\\/#breadcrumb\",\"itemListElement\":[{\"@type\":\"ListItem\",\"position\":1,\"name\":\"Accueil\",\"item\":\"https:\\\/\\\/www.moulindelagassotte.fr\\\/\"},{\"@type\":\"ListItem\",\"position\":2,\"name\":\"Tarifs\"}]},{\"@type\":\"WebSite\",\"@id\":\"https:\\\/\\\/www.moulindelagassotte.fr\\\/#website\",\"url\":\"https:\\\/\\\/www.moulindelagassotte.fr\\\/\",\"name\":\"Le Moulin de la Gassotte\",\"description\":\"Camping - G\u00eetes - G\u00eete d&#039;\u00c9tape \u00e0 Saint-Savin (86)\",\"publisher\":{\"@id\":\"https:\\\/\\\/www.moulindelagassotte.fr\\\/#organization\"},\"potentialAction\":[{\"@type\":\"SearchAction\",\"target\":{\"@type\":\"EntryPoint\",\"urlTemplate\":\"https:\\\/\\\/www.moulindelagassotte.fr\\\/?s={search_term_string}\"},\"query-input\":{\"@type\":\"PropertyValueSpecification\",\"valueRequired\":true,\"valueName\":\"search_term_string\"}}],\"inLanguage\":\"en-GB\"},{\"@type\":\"Organization\",\"@id\":\"https:\\\/\\\/www.moulindelagassotte.fr\\\/#organization\",\"name\":\"Le Moulin de la Gassotte\",\"url\":\"https:\\\/\\\/www.moulindelagassotte.fr\\\/\",\"logo\":{\"@type\":\"ImageObject\",\"inLanguage\":\"en-GB\",\"@id\":\"https:\\\/\\\/www.moulindelagassotte.fr\\\/#\\\/schema\\\/logo\\\/image\\\/\",\"url\":\"https:\\\/\\\/www.moulindelagassotte.fr\\\/2022\\\/wp-content\\\/uploads\\\/2022\\\/04\\\/logo-gassotte-gris.png\",\"contentUrl\":\"https:\\\/\\\/www.moulindelagassotte.fr\\\/2022\\\/wp-content\\\/uploads\\\/2022\\\/04\\\/logo-gassotte-gris.png\",\"width\":300,\"height\":112,\"caption\":\"Le Moulin de la Gassotte\"},\"image\":{\"@id\":\"https:\\\/\\\/www.moulindelagassotte.fr\\\/#\\\/schema\\\/logo\\\/image\\\/\"}}]}<\/script>\n<!-- \/ Yoast SEO plugin. -->","yoast_head_json":{"title":"Tarifs - Le Moulin de la Gassotte","robots":{"index":"index","follow":"follow","max-snippet":"max-snippet:-1","max-image-preview":"max-image-preview:large","max-video-preview":"max-video-preview:-1"},"canonical":"https:\/\/www.moulindelagassotte.fr\/en\/tarifs\/","og_locale":"en_GB","og_type":"article","og_title":"Tarifs - Le Moulin de la Gassotte","og_description":"Tarifs des emplacements 2026 Ouvert de 13 mars &#8211; 11 octobre Tarifs \u00e0 la nuit\u00e9e basse saison haute saison** Emplacement , 2 pers (1 tente, 1 caravanne ou&hellip;","og_url":"https:\/\/www.moulindelagassotte.fr\/en\/tarifs\/","og_site_name":"Le Moulin de la Gassotte","article_modified_time":"2026-03-13T10:08:23+00:00","og_image":[{"width":2000,"height":1400,"url":"https:\/\/www.moulindelagassotte.fr\/2022\/wp-content\/uploads\/2018\/02\/accueil-groupes.jpg","type":"image\/jpeg"}],"twitter_card":"summary_large_image","twitter_misc":{"Estimated reading time":"4 minutes"},"schema":{"@context":"https:\/\/schema.org","@graph":[{"@type":"WebPage","@id":"https:\/\/www.moulindelagassotte.fr\/tarifs\/","url":"https:\/\/www.moulindelagassotte.fr\/tarifs\/","name":"Tarifs - Le Moulin de la Gassotte","isPartOf":{"@id":"https:\/\/www.moulindelagassotte.fr\/#website"},"primaryImageOfPage":{"@id":"https:\/\/www.moulindelagassotte.fr\/tarifs\/#primaryimage"},"image":{"@id":"https:\/\/www.moulindelagassotte.fr\/tarifs\/#primaryimage"},"thumbnailUrl":"https:\/\/www.moulindelagassotte.fr\/2022\/wp-content\/uploads\/2018\/02\/accueil-groupes.jpg","datePublished":"2022-03-17T11:18:46+00:00","dateModified":"2026-03-13T10:08:23+00:00","breadcrumb":{"@id":"https:\/\/www.moulindelagassotte.fr\/tarifs\/#breadcrumb"},"inLanguage":"en-GB","potentialAction":[{"@type":"ReadAction","target":["https:\/\/www.moulindelagassotte.fr\/tarifs\/"]}]},{"@type":"ImageObject","inLanguage":"en-GB","@id":"https:\/\/www.moulindelagassotte.fr\/tarifs\/#primaryimage","url":"https:\/\/www.moulindelagassotte.fr\/2022\/wp-content\/uploads\/2018\/02\/accueil-groupes.jpg","contentUrl":"https:\/\/www.moulindelagassotte.fr\/2022\/wp-content\/uploads\/2018\/02\/accueil-groupes.jpg"},{"@type":"BreadcrumbList","@id":"https:\/\/www.moulindelagassotte.fr\/tarifs\/#breadcrumb","itemListElement":[{"@type":"ListItem","position":1,"name":"Accueil","item":"https:\/\/www.moulindelagassotte.fr\/"},{"@type":"ListItem","position":2,"name":"Tarifs"}]},{"@type":"WebSite","@id":"https:\/\/www.moulindelagassotte.fr\/#website","url":"https:\/\/www.moulindelagassotte.fr\/","name":"Le Moulin de la Gassotte","description":"Camping - G\u00eetes - G\u00eete d&#039;\u00c9tape \u00e0 Saint-Savin (86)","publisher":{"@id":"https:\/\/www.moulindelagassotte.fr\/#organization"},"potentialAction":[{"@type":"SearchAction","target":{"@type":"EntryPoint","urlTemplate":"https:\/\/www.moulindelagassotte.fr\/?s={search_term_string}"},"query-input":{"@type":"PropertyValueSpecification","valueRequired":true,"valueName":"search_term_string"}}],"inLanguage":"en-GB"},{"@type":"Organization","@id":"https:\/\/www.moulindelagassotte.fr\/#organization","name":"Le Moulin de la Gassotte","url":"https:\/\/www.moulindelagassotte.fr\/","logo":{"@type":"ImageObject","inLanguage":"en-GB","@id":"https:\/\/www.moulindelagassotte.fr\/#\/schema\/logo\/image\/","url":"https:\/\/www.moulindelagassotte.fr\/2022\/wp-content\/uploads\/2022\/04\/logo-gassotte-gris.png","contentUrl":"https:\/\/www.moulindelagassotte.fr\/2022\/wp-content\/uploads\/2022\/04\/logo-gassotte-gris.png","width":300,"height":112,"caption":"Le Moulin de la Gassotte"},"image":{"@id":"https:\/\/www.moulindelagassotte.fr\/#\/schema\/logo\/image\/"}}]}},"_links":{"self":[{"href":"https:\/\/www.moulindelagassotte.fr\/en\/wp-json\/wp\/v2\/pages\/2149","targetHints":{"allow":["GET"]}}],"collection":[{"href":"https:\/\/www.moulindelagassotte.fr\/en\/wp-json\/wp\/v2\/pages"}],"about":[{"href":"https:\/\/www.moulindelagassotte.fr\/en\/wp-json\/wp\/v2\/types\/page"}],"author":[{"embeddable":true,"href":"https:\/\/www.moulindelagassotte.fr\/en\/wp-json\/wp\/v2\/users\/2"}],"replies":[{"embeddable":true,"href":"https:\/\/www.moulindelagassotte.fr\/en\/wp-json\/wp\/v2\/comments?post=2149"}],"version-history":[{"count":82,"href":"https:\/\/www.moulindelagassotte.fr\/en\/wp-json\/wp\/v2\/pages\/2149\/revisions"}],"predecessor-version":[{"id":3346,"href":"https:\/\/www.moulindelagassotte.fr\/en\/wp-json\/wp\/v2\/pages\/2149\/revisions\/3346"}],"wp:attachment":[{"href":"https:\/\/www.moulindelagassotte.fr\/en\/wp-json\/wp\/v2\/media?parent=2149"}],"curies":[{"name":"wp","href":"https:\/\/api.w.org\/{rel}","templated":true}]}}