{"id":2965,"date":"2025-06-10T08:33:17","date_gmt":"2025-06-10T06:33:17","guid":{"rendered":"https:\/\/www.moulindelagassotte.fr\/?page_id=2965"},"modified":"2025-10-07T10:20:37","modified_gmt":"2025-10-07T08:20:37","slug":"logement-pour-les-groups","status":"publish","type":"page","link":"https:\/\/www.moulindelagassotte.fr\/de\/logement-pour-les-groups\/","title":{"rendered":"Gruppenunterkunft"},"content":{"rendered":"<div class=\"wp-block-cover alignfull\" style=\"min-height:500px;aspect-ratio:unset;\"><img loading=\"lazy\" decoding=\"async\" width=\"1280\" height=\"960\" class=\"wp-block-cover__image-background wp-image-3186 size-full\" alt=\"\" src=\"https:\/\/www.moulindelagassotte.fr\/2022\/wp-content\/uploads\/2025\/07\/8ae9c31f-5ede-47e9-8751-19c4b706d8ed-1.jpg\" style=\"object-position:54% 32%\" data-object-fit=\"cover\" data-object-position=\"54% 32%\" srcset=\"https:\/\/www.moulindelagassotte.fr\/2022\/wp-content\/uploads\/2025\/07\/8ae9c31f-5ede-47e9-8751-19c4b706d8ed-1.jpg 1280w, https:\/\/www.moulindelagassotte.fr\/2022\/wp-content\/uploads\/2025\/07\/8ae9c31f-5ede-47e9-8751-19c4b706d8ed-1-300x225.jpg 300w, https:\/\/www.moulindelagassotte.fr\/2022\/wp-content\/uploads\/2025\/07\/8ae9c31f-5ede-47e9-8751-19c4b706d8ed-1-1024x768.jpg 1024w, https:\/\/www.moulindelagassotte.fr\/2022\/wp-content\/uploads\/2025\/07\/8ae9c31f-5ede-47e9-8751-19c4b706d8ed-1-768x576.jpg 768w, https:\/\/www.moulindelagassotte.fr\/2022\/wp-content\/uploads\/2025\/07\/8ae9c31f-5ede-47e9-8751-19c4b706d8ed-1-50x38.jpg 50w, https:\/\/www.moulindelagassotte.fr\/2022\/wp-content\/uploads\/2025\/07\/8ae9c31f-5ede-47e9-8751-19c4b706d8ed-1-16x12.jpg 16w, https:\/\/www.moulindelagassotte.fr\/2022\/wp-content\/uploads\/2025\/07\/8ae9c31f-5ede-47e9-8751-19c4b706d8ed-1-540x405.jpg 540w, https:\/\/www.moulindelagassotte.fr\/2022\/wp-content\/uploads\/2025\/07\/8ae9c31f-5ede-47e9-8751-19c4b706d8ed-1-1080x810.jpg 1080w\" sizes=\"auto, (max-width: 1280px) 100vw, 1280px\" \/><span aria-hidden=\"true\" class=\"wp-block-cover__background has-central-palette-5-background-color has-background-dim-30 has-background-dim\"><\/span><div class=\"wp-block-cover__inner-container is-layout-flow wp-block-cover-is-layout-flow\">\n<div style=\"height:60px\" aria-hidden=\"true\" class=\"wp-block-spacer\"><\/div>\n\n\n\n<h2 class=\"wp-block-heading has-text-align-center has-central-palette-6-color has-text-color\">Gruppenunterkunft<\/h2>\n\n\n\n<p class=\"has-text-align-center monter25 has-central-palette-6-color has-text-color has-large-font-size\">Im zweiten Stock des M\u00fchlengeb\u00e4udes befindet sich die Gruppenunterkunft f\u00fcr maximal 10 Personen.<\/p>\n<\/div><\/div>\n\n\n\n<div class=\"wp-block-columns alignwide is-layout-flex wp-container-core-columns-is-layout-9d6595d7 wp-block-columns-is-layout-flex\">\n<div class=\"wp-block-column is-layout-flow wp-block-column-is-layout-flow\" style=\"flex-basis:66.66%\">\n<p>Im zweiten Stock des M\u00fchlengeb\u00e4udes befindet sich das G\u00e4stehaus, das auch in seiner Gesamtheit als Gruppenunterkunft f\u00fcr bis zu 10 Personen gemietet werden kann. Dieses Ferienhaus verf\u00fcgt \u00fcber drei Schlafzimmer mit insgesamt 10 Etagenbetten. (2,2,6) Es gibt eine Dusche und ein WC sowie einen gro\u00dfen Gemeinschaftsraum mit K\u00fcche und Sitzecke.<\/p>\n\n\n\n<p>Es besteht auch die M\u00f6glichkeit, das gesamte M\u00fchlengeb\u00e4ude zu mieten, um Zugang zum gro\u00dfen Mehrzweckraum mit K\u00fcche und Toilette im ersten Stock zu erhalten. Dieser Raum (100 m2) bietet einen sch\u00f6nen Blick auf den Fluss und ist ideal f\u00fcr Gruppentreffen wie Kurse, Meetings usw.<\/p>\n\n\n\n<p>Wenn Ihre Gruppe aus mehr Personen besteht, k\u00f6nnen wir Ihnen mehr Pl\u00e4tze in unseren Ferienh\u00e4usern, Lodges und Zelten anbieten und nat\u00fcrlich ist auch Camping m\u00f6glich. Sie finden alle Unterk\u00fcnfte auf dieser Website.<\/p>\n\n\n\n<p>Sind Sie interessiert? In diesem Fall senden Sie bitte eine E-Mail mit Ihren Bed\u00fcrfnissen an folgende Adresse:<\/p>\n\n\n\n<p><strong><a href=\"mailto:Camping@moulindelagassotte.fr\">Camping@moulindelagassotte.fr<\/a><\/strong><\/p>\n\n\n\n<figure class=\"wp-block-gallery has-nested-images columns-default is-cropped wp-block-gallery-1 is-layout-flex wp-block-gallery-is-layout-flex\">\n<figure class=\"wp-block-image size-large\"><a href=\"https:\/\/www.moulindelagassotte.fr\/de\/le-gite-detape\/image1-2-2\/\"><img loading=\"lazy\" decoding=\"async\" width=\"640\" height=\"480\" data-id=\"2954\" src=\"https:\/\/www.moulindelagassotte.fr\/2022\/wp-content\/uploads\/2025\/06\/image1-2-1.jpeg\" alt=\"\" class=\"wp-image-2954\" srcset=\"https:\/\/www.moulindelagassotte.fr\/2022\/wp-content\/uploads\/2025\/06\/image1-2-1.jpeg 640w, https:\/\/www.moulindelagassotte.fr\/2022\/wp-content\/uploads\/2025\/06\/image1-2-1-300x225.jpeg 300w, https:\/\/www.moulindelagassotte.fr\/2022\/wp-content\/uploads\/2025\/06\/image1-2-1-50x38.jpeg 50w, https:\/\/www.moulindelagassotte.fr\/2022\/wp-content\/uploads\/2025\/06\/image1-2-1-16x12.jpeg 16w, https:\/\/www.moulindelagassotte.fr\/2022\/wp-content\/uploads\/2025\/06\/image1-2-1-540x405.jpeg 540w\" sizes=\"auto, (max-width: 640px) 100vw, 640px\" \/><\/a><\/figure>\n\n\n\n<figure class=\"wp-block-image size-large\"><a href=\"https:\/\/www.moulindelagassotte.fr\/de\/le-gite-detape\/image3-2\/\"><img loading=\"lazy\" decoding=\"async\" width=\"1024\" height=\"768\" data-id=\"2951\" src=\"https:\/\/www.moulindelagassotte.fr\/2022\/wp-content\/uploads\/2025\/06\/image3-2-1024x768.jpeg\" alt=\"\" class=\"wp-image-2951\" srcset=\"https:\/\/www.moulindelagassotte.fr\/2022\/wp-content\/uploads\/2025\/06\/image3-2-1024x768.jpeg 1024w, https:\/\/www.moulindelagassotte.fr\/2022\/wp-content\/uploads\/2025\/06\/image3-2-300x225.jpeg 300w, https:\/\/www.moulindelagassotte.fr\/2022\/wp-content\/uploads\/2025\/06\/image3-2-768x576.jpeg 768w, https:\/\/www.moulindelagassotte.fr\/2022\/wp-content\/uploads\/2025\/06\/image3-2-50x38.jpeg 50w, https:\/\/www.moulindelagassotte.fr\/2022\/wp-content\/uploads\/2025\/06\/image3-2-1600x1200.jpeg 1600w, https:\/\/www.moulindelagassotte.fr\/2022\/wp-content\/uploads\/2025\/06\/image3-2-1536x1152.jpeg 1536w, https:\/\/www.moulindelagassotte.fr\/2022\/wp-content\/uploads\/2025\/06\/image3-2-16x12.jpeg 16w, https:\/\/www.moulindelagassotte.fr\/2022\/wp-content\/uploads\/2025\/06\/image3-2-540x405.jpeg 540w, https:\/\/www.moulindelagassotte.fr\/2022\/wp-content\/uploads\/2025\/06\/image3-2-1080x810.jpeg 1080w, https:\/\/www.moulindelagassotte.fr\/2022\/wp-content\/uploads\/2025\/06\/image3-2.jpeg 1920w\" sizes=\"auto, (max-width: 1024px) 100vw, 1024px\" \/><\/a><\/figure>\n\n\n\n<figure class=\"wp-block-image size-large\"><a href=\"https:\/\/www.moulindelagassotte.fr\/de\/le-gite-detape\/image0-5\/\"><img loading=\"lazy\" decoding=\"async\" width=\"1024\" height=\"768\" data-id=\"2955\" src=\"https:\/\/www.moulindelagassotte.fr\/2022\/wp-content\/uploads\/2025\/06\/image0-5-1024x768.jpeg\" alt=\"\" class=\"wp-image-2955\" srcset=\"https:\/\/www.moulindelagassotte.fr\/2022\/wp-content\/uploads\/2025\/06\/image0-5-1024x768.jpeg 1024w, https:\/\/www.moulindelagassotte.fr\/2022\/wp-content\/uploads\/2025\/06\/image0-5-300x225.jpeg 300w, https:\/\/www.moulindelagassotte.fr\/2022\/wp-content\/uploads\/2025\/06\/image0-5-768x576.jpeg 768w, https:\/\/www.moulindelagassotte.fr\/2022\/wp-content\/uploads\/2025\/06\/image0-5-50x38.jpeg 50w, https:\/\/www.moulindelagassotte.fr\/2022\/wp-content\/uploads\/2025\/06\/image0-5-1600x1200.jpeg 1600w, https:\/\/www.moulindelagassotte.fr\/2022\/wp-content\/uploads\/2025\/06\/image0-5-1536x1152.jpeg 1536w, https:\/\/www.moulindelagassotte.fr\/2022\/wp-content\/uploads\/2025\/06\/image0-5-16x12.jpeg 16w, https:\/\/www.moulindelagassotte.fr\/2022\/wp-content\/uploads\/2025\/06\/image0-5-540x405.jpeg 540w, https:\/\/www.moulindelagassotte.fr\/2022\/wp-content\/uploads\/2025\/06\/image0-5-1080x810.jpeg 1080w, https:\/\/www.moulindelagassotte.fr\/2022\/wp-content\/uploads\/2025\/06\/image0-5.jpeg 1920w\" sizes=\"auto, (max-width: 1024px) 100vw, 1024px\" \/><\/a><\/figure>\n\n\n\n<figure class=\"wp-block-image size-large\"><a href=\"https:\/\/www.moulindelagassotte.fr\/de\/logement-pour-les-groups\/8ae9c31f-5ede-47e9-8751-19c4b706d8ed\/\"><img loading=\"lazy\" decoding=\"async\" width=\"1024\" height=\"768\" data-id=\"3184\" src=\"https:\/\/www.moulindelagassotte.fr\/2022\/wp-content\/uploads\/2025\/07\/8ae9c31f-5ede-47e9-8751-19c4b706d8ed-1024x768.jpg\" alt=\"\" class=\"wp-image-3184\" srcset=\"https:\/\/www.moulindelagassotte.fr\/2022\/wp-content\/uploads\/2025\/07\/8ae9c31f-5ede-47e9-8751-19c4b706d8ed-1024x768.jpg 1024w, https:\/\/www.moulindelagassotte.fr\/2022\/wp-content\/uploads\/2025\/07\/8ae9c31f-5ede-47e9-8751-19c4b706d8ed-300x225.jpg 300w, https:\/\/www.moulindelagassotte.fr\/2022\/wp-content\/uploads\/2025\/07\/8ae9c31f-5ede-47e9-8751-19c4b706d8ed-768x576.jpg 768w, https:\/\/www.moulindelagassotte.fr\/2022\/wp-content\/uploads\/2025\/07\/8ae9c31f-5ede-47e9-8751-19c4b706d8ed-50x38.jpg 50w, https:\/\/www.moulindelagassotte.fr\/2022\/wp-content\/uploads\/2025\/07\/8ae9c31f-5ede-47e9-8751-19c4b706d8ed-16x12.jpg 16w, https:\/\/www.moulindelagassotte.fr\/2022\/wp-content\/uploads\/2025\/07\/8ae9c31f-5ede-47e9-8751-19c4b706d8ed-540x405.jpg 540w, https:\/\/www.moulindelagassotte.fr\/2022\/wp-content\/uploads\/2025\/07\/8ae9c31f-5ede-47e9-8751-19c4b706d8ed-1080x810.jpg 1080w, https:\/\/www.moulindelagassotte.fr\/2022\/wp-content\/uploads\/2025\/07\/8ae9c31f-5ede-47e9-8751-19c4b706d8ed.jpg 1280w\" sizes=\"auto, (max-width: 1024px) 100vw, 1024px\" \/><\/a><\/figure>\n<\/figure>\n\n\n\n<p><\/p>\n\n\n\n<p><\/p>\n\n\n\n<p><\/p>\n<\/div>\n\n\n\n<div class=\"wp-block-column is-layout-flow wp-block-column-is-layout-flow\" style=\"flex-basis:33.33%\">\n<div class=\"wp-block-group has-central-palette-7-background-color has-background\"><div class=\"wp-block-group__inner-container is-layout-flow wp-block-group-is-layout-flow\">\n<h4 class=\"wp-block-heading\">Der Campingplatz<\/h4>\n\n\n\n<ul class=\"wp-block-list\">\n<li><a href=\"https:\/\/www.moulindelagassotte.fr\/de\/les-emplacements\/\" data-type=\"page\" data-id=\"2125\">Standorte<\/a><\/li>\n\n\n\n<li><a href=\"https:\/\/www.moulindelagassotte.fr\/de\/lodges\/\" data-type=\"page\" data-id=\"2127\">Die Lodges<\/a><\/li>\n<\/ul>\n\n\n\n<h4 class=\"wp-block-heading\">Die H\u00fctten<\/h4>\n\n\n\n<ul class=\"wp-block-list\">\n<li><a href=\"https:\/\/www.moulindelagassotte.fr\/de\/les-gistes-de-moulin-de-la-gassotte-saint-savin\/\">Die G\u00eetes<\/a><\/li>\n\n\n\n<li><a href=\"https:\/\/www.moulindelagassotte.fr\/de\/le-gite-detape\/\" data-type=\"page\" data-id=\"2131\">Die Etappenunterkunft<\/a><\/li>\n\n\n\n<li><a href=\"https:\/\/www.moulindelagassotte.fr\/de\/logement-pour-les-groups\/\">Gruppenunterkunft<\/a><\/li>\n<\/ul>\n\n\n\n<h4 class=\"wp-block-heading\">Praktische Informationen<\/h4>\n\n\n\n<ul class=\"wp-block-list\">\n<li><a href=\"https:\/\/www.moulindelagassotte.fr\/de\/situation\/\">Stand der Dinge<\/a><\/li>\n\n\n\n<li><a href=\"https:\/\/www.moulindelagassotte.fr\/de\/plan-du-camping\/\">Lageplan des Campingplatzes<\/a><\/li>\n\n\n\n<li><a href=\"https:\/\/www.moulindelagassotte.fr\/de\/location-de-salle\/\">Gemeinschaftsraum<\/a><\/li>\n\n\n\n<li><a href=\"https:\/\/www.moulindelagassotte.fr\/de\/contact-et-reservation\/\">Kontakt<\/a><\/li>\n\n\n\n<li><a href=\"https:\/\/www.moulindelagassotte.fr\/de\/tarifs\/\">Preise<\/a><\/li>\n\n\n\n<li><a href=\"https:\/\/www.moulindelagassotte.fr\/de\/reservation\/\">Reservierung<\/a><\/li>\n<\/ul>\n<\/div><\/div>\n<\/div>\n<\/div>\n\n\n\n<p>Gruppenunterkunft<\/p>\n\n\n\n<p><\/p>\n\n\n\n<p><\/p>","protected":false},"excerpt":{"rendered":"<p>Auf der zweiten Etage des M\u00fchlengeb\u00e4udes befindet sich die Etappenunterkunft, die auch vollst\u00e4ndig als Gruppenunterkunft f\u00fcr bis zu ... gemietet werden kann.<\/p>","protected":false},"author":4,"featured_media":0,"parent":0,"menu_order":0,"comment_status":"closed","ping_status":"closed","template":"template-full-width-cover.php","meta":{"footnotes":""},"class_list":["post-2965","page","type-page","status-publish","has-post-thumbnail","hentry"],"yoast_head":"<!-- This site is optimized with the Yoast SEO plugin v27.5 - https:\/\/yoast.com\/product\/yoast-seo-wordpress\/ -->\n<title>H\u00e9bergement de groupes - Le Moulin de la Gassotte<\/title>\n<meta name=\"robots\" content=\"index, follow, max-snippet:-1, max-image-preview:large, max-video-preview:-1\" \/>\n<link rel=\"canonical\" href=\"https:\/\/www.moulindelagassotte.fr\/de\/logement-pour-les-groups\/\" \/>\n<meta property=\"og:locale\" content=\"de_DE\" \/>\n<meta property=\"og:type\" content=\"article\" \/>\n<meta property=\"og:title\" content=\"H\u00e9bergement de groupes - Le Moulin de la Gassotte\" \/>\n<meta property=\"og:description\" content=\"Au deuxi\u00e8me \u00e9tage du b\u00e2timent du moulin se trouve le g\u00eete d&rsquo;\u00e9tape, qui peut \u00e9galement \u00eatre lou\u00e9 dans son int\u00e9gralit\u00e9 comme h\u00e9bergement de groupe pour un maximum de&hellip;\" \/>\n<meta property=\"og:url\" content=\"https:\/\/www.moulindelagassotte.fr\/de\/logement-pour-les-groups\/\" \/>\n<meta property=\"og:site_name\" content=\"Le Moulin de la Gassotte\" \/>\n<meta property=\"article:modified_time\" content=\"2025-10-07T08:20:37+00:00\" \/>\n<meta property=\"og:image\" content=\"https:\/\/www.moulindelagassotte.fr\/2022\/wp-content\/uploads\/2025\/07\/8ae9c31f-5ede-47e9-8751-19c4b706d8ed-1.jpg\" \/>\n\t<meta property=\"og:image:width\" content=\"1280\" \/>\n\t<meta property=\"og:image:height\" content=\"960\" \/>\n\t<meta property=\"og:image:type\" content=\"image\/jpeg\" \/>\n<meta name=\"twitter:card\" content=\"summary_large_image\" \/>\n<meta name=\"twitter:label1\" content=\"Gesch\u00e4tzte Lesezeit\" \/>\n\t<meta name=\"twitter:data1\" content=\"4\u00a0Minuten\" \/>\n<script type=\"application\/ld+json\" class=\"yoast-schema-graph\">{\"@context\":\"https:\\\/\\\/schema.org\",\"@graph\":[{\"@type\":\"WebPage\",\"@id\":\"https:\\\/\\\/www.moulindelagassotte.fr\\\/logement-pour-les-groups\\\/\",\"url\":\"https:\\\/\\\/www.moulindelagassotte.fr\\\/logement-pour-les-groups\\\/\",\"name\":\"H\u00e9bergement de groupes - Le Moulin de la Gassotte\",\"isPartOf\":{\"@id\":\"https:\\\/\\\/www.moulindelagassotte.fr\\\/#website\"},\"primaryImageOfPage\":{\"@id\":\"https:\\\/\\\/www.moulindelagassotte.fr\\\/logement-pour-les-groups\\\/#primaryimage\"},\"image\":{\"@id\":\"https:\\\/\\\/www.moulindelagassotte.fr\\\/logement-pour-les-groups\\\/#primaryimage\"},\"thumbnailUrl\":\"https:\\\/\\\/www.moulindelagassotte.fr\\\/2022\\\/wp-content\\\/uploads\\\/2025\\\/07\\\/8ae9c31f-5ede-47e9-8751-19c4b706d8ed-1.jpg\",\"datePublished\":\"2025-06-10T06:33:17+00:00\",\"dateModified\":\"2025-10-07T08:20:37+00:00\",\"breadcrumb\":{\"@id\":\"https:\\\/\\\/www.moulindelagassotte.fr\\\/logement-pour-les-groups\\\/#breadcrumb\"},\"inLanguage\":\"de\",\"potentialAction\":[{\"@type\":\"ReadAction\",\"target\":[\"https:\\\/\\\/www.moulindelagassotte.fr\\\/logement-pour-les-groups\\\/\"]}]},{\"@type\":\"ImageObject\",\"inLanguage\":\"de\",\"@id\":\"https:\\\/\\\/www.moulindelagassotte.fr\\\/logement-pour-les-groups\\\/#primaryimage\",\"url\":\"https:\\\/\\\/www.moulindelagassotte.fr\\\/2022\\\/wp-content\\\/uploads\\\/2025\\\/07\\\/8ae9c31f-5ede-47e9-8751-19c4b706d8ed-1.jpg\",\"contentUrl\":\"https:\\\/\\\/www.moulindelagassotte.fr\\\/2022\\\/wp-content\\\/uploads\\\/2025\\\/07\\\/8ae9c31f-5ede-47e9-8751-19c4b706d8ed-1.jpg\"},{\"@type\":\"BreadcrumbList\",\"@id\":\"https:\\\/\\\/www.moulindelagassotte.fr\\\/logement-pour-les-groups\\\/#breadcrumb\",\"itemListElement\":[{\"@type\":\"ListItem\",\"position\":1,\"name\":\"Accueil\",\"item\":\"https:\\\/\\\/www.moulindelagassotte.fr\\\/\"},{\"@type\":\"ListItem\",\"position\":2,\"name\":\"H\u00e9bergement de groupes\"}]},{\"@type\":\"WebSite\",\"@id\":\"https:\\\/\\\/www.moulindelagassotte.fr\\\/#website\",\"url\":\"https:\\\/\\\/www.moulindelagassotte.fr\\\/\",\"name\":\"Le Moulin de la Gassotte\",\"description\":\"Camping - G\u00eetes - G\u00eete d&#039;\u00c9tape \u00e0 Saint-Savin (86)\",\"publisher\":{\"@id\":\"https:\\\/\\\/www.moulindelagassotte.fr\\\/#organization\"},\"potentialAction\":[{\"@type\":\"SearchAction\",\"target\":{\"@type\":\"EntryPoint\",\"urlTemplate\":\"https:\\\/\\\/www.moulindelagassotte.fr\\\/?s={search_term_string}\"},\"query-input\":{\"@type\":\"PropertyValueSpecification\",\"valueRequired\":true,\"valueName\":\"search_term_string\"}}],\"inLanguage\":\"de\"},{\"@type\":\"Organization\",\"@id\":\"https:\\\/\\\/www.moulindelagassotte.fr\\\/#organization\",\"name\":\"Le Moulin de la Gassotte\",\"url\":\"https:\\\/\\\/www.moulindelagassotte.fr\\\/\",\"logo\":{\"@type\":\"ImageObject\",\"inLanguage\":\"de\",\"@id\":\"https:\\\/\\\/www.moulindelagassotte.fr\\\/#\\\/schema\\\/logo\\\/image\\\/\",\"url\":\"https:\\\/\\\/www.moulindelagassotte.fr\\\/2022\\\/wp-content\\\/uploads\\\/2022\\\/04\\\/logo-gassotte-gris.png\",\"contentUrl\":\"https:\\\/\\\/www.moulindelagassotte.fr\\\/2022\\\/wp-content\\\/uploads\\\/2022\\\/04\\\/logo-gassotte-gris.png\",\"width\":300,\"height\":112,\"caption\":\"Le Moulin de la Gassotte\"},\"image\":{\"@id\":\"https:\\\/\\\/www.moulindelagassotte.fr\\\/#\\\/schema\\\/logo\\\/image\\\/\"}}]}<\/script>\n<!-- \/ Yoast SEO plugin. -->","yoast_head_json":{"title":"H\u00e9bergement de groupes - Le Moulin de la Gassotte","robots":{"index":"index","follow":"follow","max-snippet":"max-snippet:-1","max-image-preview":"max-image-preview:large","max-video-preview":"max-video-preview:-1"},"canonical":"https:\/\/www.moulindelagassotte.fr\/de\/logement-pour-les-groups\/","og_locale":"de_DE","og_type":"article","og_title":"H\u00e9bergement de groupes - Le Moulin de la Gassotte","og_description":"Au deuxi\u00e8me \u00e9tage du b\u00e2timent du moulin se trouve le g\u00eete d&rsquo;\u00e9tape, qui peut \u00e9galement \u00eatre lou\u00e9 dans son int\u00e9gralit\u00e9 comme h\u00e9bergement de groupe pour un maximum de&hellip;","og_url":"https:\/\/www.moulindelagassotte.fr\/de\/logement-pour-les-groups\/","og_site_name":"Le Moulin de la Gassotte","article_modified_time":"2025-10-07T08:20:37+00:00","og_image":[{"width":1280,"height":960,"url":"https:\/\/www.moulindelagassotte.fr\/2022\/wp-content\/uploads\/2025\/07\/8ae9c31f-5ede-47e9-8751-19c4b706d8ed-1.jpg","type":"image\/jpeg"}],"twitter_card":"summary_large_image","twitter_misc":{"Gesch\u00e4tzte Lesezeit":"4\u00a0Minuten"},"schema":{"@context":"https:\/\/schema.org","@graph":[{"@type":"WebPage","@id":"https:\/\/www.moulindelagassotte.fr\/logement-pour-les-groups\/","url":"https:\/\/www.moulindelagassotte.fr\/logement-pour-les-groups\/","name":"H\u00e9bergement de groupes - Le Moulin de la Gassotte","isPartOf":{"@id":"https:\/\/www.moulindelagassotte.fr\/#website"},"primaryImageOfPage":{"@id":"https:\/\/www.moulindelagassotte.fr\/logement-pour-les-groups\/#primaryimage"},"image":{"@id":"https:\/\/www.moulindelagassotte.fr\/logement-pour-les-groups\/#primaryimage"},"thumbnailUrl":"https:\/\/www.moulindelagassotte.fr\/2022\/wp-content\/uploads\/2025\/07\/8ae9c31f-5ede-47e9-8751-19c4b706d8ed-1.jpg","datePublished":"2025-06-10T06:33:17+00:00","dateModified":"2025-10-07T08:20:37+00:00","breadcrumb":{"@id":"https:\/\/www.moulindelagassotte.fr\/logement-pour-les-groups\/#breadcrumb"},"inLanguage":"de","potentialAction":[{"@type":"ReadAction","target":["https:\/\/www.moulindelagassotte.fr\/logement-pour-les-groups\/"]}]},{"@type":"ImageObject","inLanguage":"de","@id":"https:\/\/www.moulindelagassotte.fr\/logement-pour-les-groups\/#primaryimage","url":"https:\/\/www.moulindelagassotte.fr\/2022\/wp-content\/uploads\/2025\/07\/8ae9c31f-5ede-47e9-8751-19c4b706d8ed-1.jpg","contentUrl":"https:\/\/www.moulindelagassotte.fr\/2022\/wp-content\/uploads\/2025\/07\/8ae9c31f-5ede-47e9-8751-19c4b706d8ed-1.jpg"},{"@type":"BreadcrumbList","@id":"https:\/\/www.moulindelagassotte.fr\/logement-pour-les-groups\/#breadcrumb","itemListElement":[{"@type":"ListItem","position":1,"name":"Accueil","item":"https:\/\/www.moulindelagassotte.fr\/"},{"@type":"ListItem","position":2,"name":"H\u00e9bergement de groupes"}]},{"@type":"WebSite","@id":"https:\/\/www.moulindelagassotte.fr\/#website","url":"https:\/\/www.moulindelagassotte.fr\/","name":"Le Moulin de la Gassotte","description":"Camping - G\u00eetes - G\u00eete d&#039;\u00c9tape \u00e0 Saint-Savin (86)","publisher":{"@id":"https:\/\/www.moulindelagassotte.fr\/#organization"},"potentialAction":[{"@type":"SearchAction","target":{"@type":"EntryPoint","urlTemplate":"https:\/\/www.moulindelagassotte.fr\/?s={search_term_string}"},"query-input":{"@type":"PropertyValueSpecification","valueRequired":true,"valueName":"search_term_string"}}],"inLanguage":"de"},{"@type":"Organization","@id":"https:\/\/www.moulindelagassotte.fr\/#organization","name":"Le Moulin de la Gassotte","url":"https:\/\/www.moulindelagassotte.fr\/","logo":{"@type":"ImageObject","inLanguage":"de","@id":"https:\/\/www.moulindelagassotte.fr\/#\/schema\/logo\/image\/","url":"https:\/\/www.moulindelagassotte.fr\/2022\/wp-content\/uploads\/2022\/04\/logo-gassotte-gris.png","contentUrl":"https:\/\/www.moulindelagassotte.fr\/2022\/wp-content\/uploads\/2022\/04\/logo-gassotte-gris.png","width":300,"height":112,"caption":"Le Moulin de la Gassotte"},"image":{"@id":"https:\/\/www.moulindelagassotte.fr\/#\/schema\/logo\/image\/"}}]}},"_links":{"self":[{"href":"https:\/\/www.moulindelagassotte.fr\/de\/wp-json\/wp\/v2\/pages\/2965","targetHints":{"allow":["GET"]}}],"collection":[{"href":"https:\/\/www.moulindelagassotte.fr\/de\/wp-json\/wp\/v2\/pages"}],"about":[{"href":"https:\/\/www.moulindelagassotte.fr\/de\/wp-json\/wp\/v2\/types\/page"}],"author":[{"embeddable":true,"href":"https:\/\/www.moulindelagassotte.fr\/de\/wp-json\/wp\/v2\/users\/4"}],"replies":[{"embeddable":true,"href":"https:\/\/www.moulindelagassotte.fr\/de\/wp-json\/wp\/v2\/comments?post=2965"}],"version-history":[{"count":18,"href":"https:\/\/www.moulindelagassotte.fr\/de\/wp-json\/wp\/v2\/pages\/2965\/revisions"}],"predecessor-version":[{"id":3230,"href":"https:\/\/www.moulindelagassotte.fr\/de\/wp-json\/wp\/v2\/pages\/2965\/revisions\/3230"}],"wp:attachment":[{"href":"https:\/\/www.moulindelagassotte.fr\/de\/wp-json\/wp\/v2\/media?parent=2965"}],"curies":[{"name":"wp","href":"https:\/\/api.w.org\/{rel}","templated":true}]}}