{"id":2325,"date":"2022-04-22T14:10:32","date_gmt":"2022-04-22T12:10:32","guid":{"rendered":"https:\/\/www.moulindelagassotte.fr\/2022\/?page_id=2325"},"modified":"2025-06-13T10:25:49","modified_gmt":"2025-06-13T08:25:49","slug":"mentions-legales","status":"publish","type":"page","link":"https:\/\/www.moulindelagassotte.fr\/de\/mentions-legales\/","title":{"rendered":"Impressum"},"content":{"rendered":"<div class=\"wp-block-cover alignfull is-light\" style=\"min-height:400px;aspect-ratio:unset;\"><span aria-hidden=\"true\" class=\"wp-block-cover__background has-background-dim-40 has-background-dim\"><\/span><img loading=\"lazy\" decoding=\"async\" width=\"1920\" height=\"1440\" class=\"wp-block-cover__image-background wp-image-1930\" alt=\"\" src=\"https:\/\/www.moulindelagassotte.fr\/2022\/wp-content\/uploads\/2020\/11\/vue-lodge.jpg\" style=\"object-position:49% 28%\" data-object-fit=\"cover\" data-object-position=\"49% 28%\" srcset=\"https:\/\/www.moulindelagassotte.fr\/2022\/wp-content\/uploads\/2020\/11\/vue-lodge.jpg 1920w, https:\/\/www.moulindelagassotte.fr\/2022\/wp-content\/uploads\/2020\/11\/vue-lodge-300x225.jpg 300w, https:\/\/www.moulindelagassotte.fr\/2022\/wp-content\/uploads\/2020\/11\/vue-lodge-1024x768.jpg 1024w, https:\/\/www.moulindelagassotte.fr\/2022\/wp-content\/uploads\/2020\/11\/vue-lodge-768x576.jpg 768w, https:\/\/www.moulindelagassotte.fr\/2022\/wp-content\/uploads\/2020\/11\/vue-lodge-1536x1152.jpg 1536w\" sizes=\"auto, (max-width: 1920px) 100vw, 1920px\" \/><div class=\"wp-block-cover__inner-container is-layout-flow wp-block-cover-is-layout-flow\">\n<div style=\"height:60px\" aria-hidden=\"true\" class=\"wp-block-spacer\"><\/div>\n\n\n\n<h2 class=\"wp-block-heading has-text-align-center has-central-palette-6-color has-text-color\">Impressum<\/h2>\n<\/div><\/div>\n\n\n\n<h3 class=\"wp-block-heading\">BETREIBER DER WEBSITE<\/h3>\n\n\n\n<p>Camping du Moulin de la Gassotte<br>10, rue du 8 Mai 1945<br>86310 Saint-Savin (Vienne)<br>Tel.: 05 49 48 18 02<br>E-Mail: camping@moulindelagassotte.fr<br>SIRET: 821 322 138 00016<\/p>\n\n\n\n<h3 class=\"wp-block-heading\">ENTWURF DER WEBSITE<\/h3>\n\n\n\n<p>Erstellung der Website:\u00a0<a href=\"http:\/\/milaweissweiler.com\/\" target=\"_blank\" rel=\"noreferrer noopener\">Mila Weissweiler<\/a><br>Verantwortlich f\u00fcr die Inhalte: Luc Oomen &amp; Monique Niehof<br>Ausarbeitung der Inhalte und Abfassung: Laetitia Sardet,\u00a0<a href=\"http:\/\/www.ls-com.fr\/\" target=\"_blank\" rel=\"noreferrer noopener\">LS Com\u2019<\/a><br>Fotos: Mila Weissweiler, R\u00e9my Berthon<br>Fotos Tourismus-Seiten: von den Internetseiten der Sehensw\u00fcrdigkeiten (V\u00e9loRail Chauvigny, Futuroscope, etc.)<br>Karte: Googlemaps<br>Unterkunft: OVH<\/p>\n\n\n\n<h3 class=\"wp-block-heading\">ALLGEMEINE NUTZUNGSBEDINGUNGEN<\/h3>\n\n\n\n<p>Der Zugriff auf diese Website ist f\u00fcr den privaten Gebrauch des Nutzers gestattet. Die vorgeschlagenen Informationen werden der \u00d6ffentlichkeit zu Informationszwecken zur Verf\u00fcgung gestellt und sind nicht garantiert fehlerfrei. Sollten Sie auf dieser Website eine Anomalie feststellen, bitten wir Sie, diese per E-Mail an folgende Adresse zu melden: camping@moulindelagassotte.fr.<br>Durch den Zugriff auf diesen Dienst werden Sie dar\u00fcber informiert, dass die Nutzung des Internets die Einhaltung einer Reihe von Rechtsvorschriften erfordert, gegen die Sie sich verpflichten, nicht zu versto\u00dfen, insbesondere in Bezug auf das Urheberrecht, den Computerbetrug, das Datenschutzgesetz, den Schutz der menschlichen Person sowie die Privatsph\u00e4re und den Schutz der Privatsph\u00e4re.<\/p>\n\n\n\n<p>Die Links auf den Seiten dieser Website k\u00f6nnen den Nutzer zu Websites f\u00fchren, die nicht vom Campingplatz des Moulin de la Gassotte. Der Campingplatz \u00fcbernimmt keine Verantwortung f\u00fcr den Inhalt von Websites, deren Herausgeber er nicht ist und die \u00fcber Hyperlinks zug\u00e4nglich sind. Jede Website, die ihre Hypertext-SEO verbieten oder einschr\u00e4nken m\u00f6chte, kann beim Camping du Moulin de la Gassotte alle oder einen Teil der Links zu entfernen, die zu ihm erstellt wurden, indem er seine Anfrage per E-Mail (camping@moulindelagassotte.fr) oder per Post sendet.<\/p>\n\n\n\n<h3 class=\"wp-block-heading\">PERSONENBEZOGENE DATEN UND NOMINATIVE INFORMATIONEN<\/h3>\n\n\n\n<p>Der Campingplatz des Moulin de la Gassotte beachtet die Bestimmungen zum Schutz der Menschenrechte und Grundfreiheiten, den Schutz personenbezogener Daten und deren freien Verkehr sowie die Gemeinschaftsrichtlinie Nr. 95\/46 und das Gesetz Nr. 78-17 vom 6. Januar 1978 \u00fcber Datenverarbeitung, Dateien und Freiheiten.<br>Die Meldeverfahren f\u00fcr die Durchf\u00fchrung der automatisierten Verarbeitung personenbezogener Daten bei der Commission Nationale Informatique et Libert\u00e9s (CNIL) sind im Gange.<br>Der Nutzer wird insbesondere darauf hingewiesen, dass er gem\u00e4\u00df den Artikeln 38, 39 und 40 des Gesetzes Nr. 78-17 vom 6. Januar 1978 \u00fcber Informatik, Dateien und Freiheiten ein individuelles Recht auf Zugang, Berichtigung und L\u00f6schung der ihn betreffenden personenbezogenen Daten hat. Schriftliche Antr\u00e4ge sind an folgende Anschrift zu richten:<br>Der Campingplatz des Moulin de la Gassotte \/ 10, rue du 8 Mai 1945 \/ 86310 Saint-Savin (Vienne) \/ Tel.: 05 49 48 18 02 \/ camping@moulindelagassotte.fr<\/p>\n\n\n\n<h3 class=\"wp-block-heading\">GEISTIGES EIGENTUM<\/h3>\n\n\n\n<p>Diese Website ist durch die derzeit geltende franz\u00f6sische Gesetzgebung gesch\u00fctzt, die im Code de la propri\u00e9t\u00e9 intellectuelle (Gesetzbuch \u00fcber geistiges Eigentum) enthalten ist.<br>Gem\u00e4\u00df den Bestimmungen dieses Kodex ist jede unbefugte Vervielf\u00e4ltigung, Darstellung oder Verbreitung aller oder eines Teils der Elemente und Informationen dieser Website ohne ausdr\u00fcckliche Genehmigung des Rechteinhabers untersagt.<br>Die Vervielf\u00e4ltigung und Darstellung auf einem beliebigen elektronischen Datentr\u00e4ger ist ohne ausdr\u00fcckliche Zustimmung des Rechtsinhabers ausdr\u00fccklich untersagt.<br>Ohne ausdr\u00fcckliche Genehmigung des Rechteinhabers ist es insbesondere verboten, Fotos auf dieser Website direkt oder indirekt zu kopieren, zu verbreiten, zu extrahieren, wiederzuverwenden, zu speichern, zu reproduzieren, darzustellen oder in irgendeiner Form auf irgendeinem Medium zu speichern. Ein schriftlicher Antrag auf Verwendung von Fotos kann jedoch an den Campingplatz des Moulin de la Gassotte \/ 10, rue du 8 Mai 1945 \/ 86310 Saint-Savin (Vienne) \/ Tel.: 05 49 48 18 02 \/ camping@moulindelagassotte.fr.<\/p>\n\n\n\n<p>Die Vervielf\u00e4ltigung und Darstellung der Texte dieser Website in Papierform ist unter folgenden drei Bedingungen gestattet:<br>\u2013 Kostenfreie Verbreitung;<br>\u2013 Wahrung der Unversehrtheit der reproduzierten Dokumente;<br>\u2013 Klare und lesbare Quellenangabe in folgender Form: Dieses Dokument stammt von der Website \"www.moulindelagassotte.fr\". Die Vervielf\u00e4ltigungs- und Auff\u00fchrungsrechte sind vorbehalten und streng beschr\u00e4nkt.\u201c<\/p>","protected":false},"excerpt":{"rendered":"<p>EDITEUR DU SITE Camping du Moulin de la Gassotte10, rue du 8 Mai 194586310 Saint-Savin (Vienne)T\u00e9l : 05 49 48 18 02Email : camping@moulindelagassotte.frSIRET : 821 322 138&hellip;<\/p>","protected":false},"author":2,"featured_media":0,"parent":0,"menu_order":0,"comment_status":"closed","ping_status":"closed","template":"template-full-width-cover.php","meta":{"footnotes":""},"class_list":["post-2325","page","type-page","status-publish","has-post-thumbnail","hentry"],"yoast_head":"<!-- This site is optimized with the Yoast SEO plugin v27.5 - https:\/\/yoast.com\/product\/yoast-seo-wordpress\/ -->\n<title>Mentions l\u00e9gales - Le Moulin de la Gassotte<\/title>\n<meta name=\"robots\" content=\"index, follow, max-snippet:-1, max-image-preview:large, max-video-preview:-1\" \/>\n<link rel=\"canonical\" href=\"https:\/\/www.moulindelagassotte.fr\/de\/mentions-legales\/\" \/>\n<meta property=\"og:locale\" content=\"de_DE\" \/>\n<meta property=\"og:type\" content=\"article\" \/>\n<meta property=\"og:title\" content=\"Mentions l\u00e9gales - Le Moulin de la Gassotte\" \/>\n<meta property=\"og:description\" content=\"EDITEUR DU SITE Camping du Moulin de la Gassotte10, rue du 8 Mai 194586310 Saint-Savin (Vienne)T\u00e9l : 05 49 48 18 02Email : camping@moulindelagassotte.frSIRET : 821 322 138&hellip;\" \/>\n<meta property=\"og:url\" content=\"https:\/\/www.moulindelagassotte.fr\/de\/mentions-legales\/\" \/>\n<meta property=\"og:site_name\" content=\"Le Moulin de la Gassotte\" \/>\n<meta property=\"article:modified_time\" content=\"2025-06-13T08:25:49+00:00\" \/>\n<meta property=\"og:image\" content=\"https:\/\/www.moulindelagassotte.fr\/2022\/wp-content\/uploads\/2020\/11\/vue-lodge.jpg\" \/>\n\t<meta property=\"og:image:width\" content=\"1920\" \/>\n\t<meta property=\"og:image:height\" content=\"1440\" \/>\n\t<meta property=\"og:image:type\" content=\"image\/jpeg\" \/>\n<meta name=\"twitter:card\" content=\"summary_large_image\" \/>\n<meta name=\"twitter:label1\" content=\"Gesch\u00e4tzte Lesezeit\" \/>\n\t<meta name=\"twitter:data1\" content=\"4\u00a0Minuten\" \/>\n<script type=\"application\/ld+json\" class=\"yoast-schema-graph\">{\"@context\":\"https:\\\/\\\/schema.org\",\"@graph\":[{\"@type\":\"WebPage\",\"@id\":\"https:\\\/\\\/www.moulindelagassotte.fr\\\/mentions-legales\\\/\",\"url\":\"https:\\\/\\\/www.moulindelagassotte.fr\\\/mentions-legales\\\/\",\"name\":\"Mentions l\u00e9gales - Le Moulin de la Gassotte\",\"isPartOf\":{\"@id\":\"https:\\\/\\\/www.moulindelagassotte.fr\\\/#website\"},\"primaryImageOfPage\":{\"@id\":\"https:\\\/\\\/www.moulindelagassotte.fr\\\/mentions-legales\\\/#primaryimage\"},\"image\":{\"@id\":\"https:\\\/\\\/www.moulindelagassotte.fr\\\/mentions-legales\\\/#primaryimage\"},\"thumbnailUrl\":\"https:\\\/\\\/www.moulindelagassotte.fr\\\/2022\\\/wp-content\\\/uploads\\\/2020\\\/11\\\/vue-lodge.jpg\",\"datePublished\":\"2022-04-22T12:10:32+00:00\",\"dateModified\":\"2025-06-13T08:25:49+00:00\",\"breadcrumb\":{\"@id\":\"https:\\\/\\\/www.moulindelagassotte.fr\\\/mentions-legales\\\/#breadcrumb\"},\"inLanguage\":\"de\",\"potentialAction\":[{\"@type\":\"ReadAction\",\"target\":[\"https:\\\/\\\/www.moulindelagassotte.fr\\\/mentions-legales\\\/\"]}]},{\"@type\":\"ImageObject\",\"inLanguage\":\"de\",\"@id\":\"https:\\\/\\\/www.moulindelagassotte.fr\\\/mentions-legales\\\/#primaryimage\",\"url\":\"https:\\\/\\\/www.moulindelagassotte.fr\\\/2022\\\/wp-content\\\/uploads\\\/2020\\\/11\\\/vue-lodge.jpg\",\"contentUrl\":\"https:\\\/\\\/www.moulindelagassotte.fr\\\/2022\\\/wp-content\\\/uploads\\\/2020\\\/11\\\/vue-lodge.jpg\"},{\"@type\":\"BreadcrumbList\",\"@id\":\"https:\\\/\\\/www.moulindelagassotte.fr\\\/mentions-legales\\\/#breadcrumb\",\"itemListElement\":[{\"@type\":\"ListItem\",\"position\":1,\"name\":\"Accueil\",\"item\":\"https:\\\/\\\/www.moulindelagassotte.fr\\\/\"},{\"@type\":\"ListItem\",\"position\":2,\"name\":\"Mentions l\u00e9gales\"}]},{\"@type\":\"WebSite\",\"@id\":\"https:\\\/\\\/www.moulindelagassotte.fr\\\/#website\",\"url\":\"https:\\\/\\\/www.moulindelagassotte.fr\\\/\",\"name\":\"Le Moulin de la Gassotte\",\"description\":\"Camping - G\u00eetes - G\u00eete d&#039;\u00c9tape \u00e0 Saint-Savin (86)\",\"publisher\":{\"@id\":\"https:\\\/\\\/www.moulindelagassotte.fr\\\/#organization\"},\"potentialAction\":[{\"@type\":\"SearchAction\",\"target\":{\"@type\":\"EntryPoint\",\"urlTemplate\":\"https:\\\/\\\/www.moulindelagassotte.fr\\\/?s={search_term_string}\"},\"query-input\":{\"@type\":\"PropertyValueSpecification\",\"valueRequired\":true,\"valueName\":\"search_term_string\"}}],\"inLanguage\":\"de\"},{\"@type\":\"Organization\",\"@id\":\"https:\\\/\\\/www.moulindelagassotte.fr\\\/#organization\",\"name\":\"Le Moulin de la Gassotte\",\"url\":\"https:\\\/\\\/www.moulindelagassotte.fr\\\/\",\"logo\":{\"@type\":\"ImageObject\",\"inLanguage\":\"de\",\"@id\":\"https:\\\/\\\/www.moulindelagassotte.fr\\\/#\\\/schema\\\/logo\\\/image\\\/\",\"url\":\"https:\\\/\\\/www.moulindelagassotte.fr\\\/2022\\\/wp-content\\\/uploads\\\/2022\\\/04\\\/logo-gassotte-gris.png\",\"contentUrl\":\"https:\\\/\\\/www.moulindelagassotte.fr\\\/2022\\\/wp-content\\\/uploads\\\/2022\\\/04\\\/logo-gassotte-gris.png\",\"width\":300,\"height\":112,\"caption\":\"Le Moulin de la Gassotte\"},\"image\":{\"@id\":\"https:\\\/\\\/www.moulindelagassotte.fr\\\/#\\\/schema\\\/logo\\\/image\\\/\"}}]}<\/script>\n<!-- \/ Yoast SEO plugin. -->","yoast_head_json":{"title":"Mentions l\u00e9gales - Le Moulin de la Gassotte","robots":{"index":"index","follow":"follow","max-snippet":"max-snippet:-1","max-image-preview":"max-image-preview:large","max-video-preview":"max-video-preview:-1"},"canonical":"https:\/\/www.moulindelagassotte.fr\/de\/mentions-legales\/","og_locale":"de_DE","og_type":"article","og_title":"Mentions l\u00e9gales - Le Moulin de la Gassotte","og_description":"EDITEUR DU SITE Camping du Moulin de la Gassotte10, rue du 8 Mai 194586310 Saint-Savin (Vienne)T\u00e9l : 05 49 48 18 02Email : camping@moulindelagassotte.frSIRET : 821 322 138&hellip;","og_url":"https:\/\/www.moulindelagassotte.fr\/de\/mentions-legales\/","og_site_name":"Le Moulin de la Gassotte","article_modified_time":"2025-06-13T08:25:49+00:00","og_image":[{"width":1920,"height":1440,"url":"https:\/\/www.moulindelagassotte.fr\/2022\/wp-content\/uploads\/2020\/11\/vue-lodge.jpg","type":"image\/jpeg"}],"twitter_card":"summary_large_image","twitter_misc":{"Gesch\u00e4tzte Lesezeit":"4\u00a0Minuten"},"schema":{"@context":"https:\/\/schema.org","@graph":[{"@type":"WebPage","@id":"https:\/\/www.moulindelagassotte.fr\/mentions-legales\/","url":"https:\/\/www.moulindelagassotte.fr\/mentions-legales\/","name":"Mentions l\u00e9gales - Le Moulin de la Gassotte","isPartOf":{"@id":"https:\/\/www.moulindelagassotte.fr\/#website"},"primaryImageOfPage":{"@id":"https:\/\/www.moulindelagassotte.fr\/mentions-legales\/#primaryimage"},"image":{"@id":"https:\/\/www.moulindelagassotte.fr\/mentions-legales\/#primaryimage"},"thumbnailUrl":"https:\/\/www.moulindelagassotte.fr\/2022\/wp-content\/uploads\/2020\/11\/vue-lodge.jpg","datePublished":"2022-04-22T12:10:32+00:00","dateModified":"2025-06-13T08:25:49+00:00","breadcrumb":{"@id":"https:\/\/www.moulindelagassotte.fr\/mentions-legales\/#breadcrumb"},"inLanguage":"de","potentialAction":[{"@type":"ReadAction","target":["https:\/\/www.moulindelagassotte.fr\/mentions-legales\/"]}]},{"@type":"ImageObject","inLanguage":"de","@id":"https:\/\/www.moulindelagassotte.fr\/mentions-legales\/#primaryimage","url":"https:\/\/www.moulindelagassotte.fr\/2022\/wp-content\/uploads\/2020\/11\/vue-lodge.jpg","contentUrl":"https:\/\/www.moulindelagassotte.fr\/2022\/wp-content\/uploads\/2020\/11\/vue-lodge.jpg"},{"@type":"BreadcrumbList","@id":"https:\/\/www.moulindelagassotte.fr\/mentions-legales\/#breadcrumb","itemListElement":[{"@type":"ListItem","position":1,"name":"Accueil","item":"https:\/\/www.moulindelagassotte.fr\/"},{"@type":"ListItem","position":2,"name":"Mentions l\u00e9gales"}]},{"@type":"WebSite","@id":"https:\/\/www.moulindelagassotte.fr\/#website","url":"https:\/\/www.moulindelagassotte.fr\/","name":"Le Moulin de la Gassotte","description":"Camping - G\u00eetes - G\u00eete d&#039;\u00c9tape \u00e0 Saint-Savin (86)","publisher":{"@id":"https:\/\/www.moulindelagassotte.fr\/#organization"},"potentialAction":[{"@type":"SearchAction","target":{"@type":"EntryPoint","urlTemplate":"https:\/\/www.moulindelagassotte.fr\/?s={search_term_string}"},"query-input":{"@type":"PropertyValueSpecification","valueRequired":true,"valueName":"search_term_string"}}],"inLanguage":"de"},{"@type":"Organization","@id":"https:\/\/www.moulindelagassotte.fr\/#organization","name":"Le Moulin de la Gassotte","url":"https:\/\/www.moulindelagassotte.fr\/","logo":{"@type":"ImageObject","inLanguage":"de","@id":"https:\/\/www.moulindelagassotte.fr\/#\/schema\/logo\/image\/","url":"https:\/\/www.moulindelagassotte.fr\/2022\/wp-content\/uploads\/2022\/04\/logo-gassotte-gris.png","contentUrl":"https:\/\/www.moulindelagassotte.fr\/2022\/wp-content\/uploads\/2022\/04\/logo-gassotte-gris.png","width":300,"height":112,"caption":"Le Moulin de la Gassotte"},"image":{"@id":"https:\/\/www.moulindelagassotte.fr\/#\/schema\/logo\/image\/"}}]}},"_links":{"self":[{"href":"https:\/\/www.moulindelagassotte.fr\/de\/wp-json\/wp\/v2\/pages\/2325","targetHints":{"allow":["GET"]}}],"collection":[{"href":"https:\/\/www.moulindelagassotte.fr\/de\/wp-json\/wp\/v2\/pages"}],"about":[{"href":"https:\/\/www.moulindelagassotte.fr\/de\/wp-json\/wp\/v2\/types\/page"}],"author":[{"embeddable":true,"href":"https:\/\/www.moulindelagassotte.fr\/de\/wp-json\/wp\/v2\/users\/2"}],"replies":[{"embeddable":true,"href":"https:\/\/www.moulindelagassotte.fr\/de\/wp-json\/wp\/v2\/comments?post=2325"}],"version-history":[{"count":3,"href":"https:\/\/www.moulindelagassotte.fr\/de\/wp-json\/wp\/v2\/pages\/2325\/revisions"}],"predecessor-version":[{"id":2703,"href":"https:\/\/www.moulindelagassotte.fr\/de\/wp-json\/wp\/v2\/pages\/2325\/revisions\/2703"}],"wp:attachment":[{"href":"https:\/\/www.moulindelagassotte.fr\/de\/wp-json\/wp\/v2\/media?parent=2325"}],"curies":[{"name":"wp","href":"https:\/\/api.w.org\/{rel}","templated":true}]}}