{"id":2151,"date":"2022-03-17T12:20:35","date_gmt":"2022-03-17T11:20:35","guid":{"rendered":"https:\/\/www.moulindelagassotte.fr\/2022\/?page_id=2151"},"modified":"2025-07-07T11:45:18","modified_gmt":"2025-07-07T09:45:18","slug":"contact-et-reservation","status":"publish","type":"page","link":"https:\/\/www.moulindelagassotte.fr\/de\/contact-et-reservation\/","title":{"rendered":"Kontakt &amp; Reservierung"},"content":{"rendered":"<div class=\"wp-block-cover alignfull is-light\" style=\"min-height:400px;aspect-ratio:unset;\"><img loading=\"lazy\" decoding=\"async\" width=\"640\" height=\"480\" class=\"wp-block-cover__image-background wp-image-3004 size-full\" alt=\"\" src=\"https:\/\/www.moulindelagassotte.fr\/2022\/wp-content\/uploads\/2025\/06\/img-6562.jpg\" style=\"object-position:45% 21%\" data-object-fit=\"cover\" data-object-position=\"45% 21%\" srcset=\"https:\/\/www.moulindelagassotte.fr\/2022\/wp-content\/uploads\/2025\/06\/img-6562.jpg 640w, https:\/\/www.moulindelagassotte.fr\/2022\/wp-content\/uploads\/2025\/06\/img-6562-300x225.jpg 300w, https:\/\/www.moulindelagassotte.fr\/2022\/wp-content\/uploads\/2025\/06\/img-6562-50x38.jpg 50w, https:\/\/www.moulindelagassotte.fr\/2022\/wp-content\/uploads\/2025\/06\/img-6562-16x12.jpg 16w, https:\/\/www.moulindelagassotte.fr\/2022\/wp-content\/uploads\/2025\/06\/img-6562-540x405.jpg 540w\" sizes=\"auto, (max-width: 640px) 100vw, 640px\" \/><span aria-hidden=\"true\" class=\"wp-block-cover__background has-background-dim-40 has-background-dim\" style=\"background-color:#a89381\"><\/span><div class=\"wp-block-cover__inner-container is-layout-flow wp-block-cover-is-layout-flow\">\n<div style=\"height:60px\" aria-hidden=\"true\" class=\"wp-block-spacer\"><\/div>\n\n\n\n<h2 class=\"wp-block-heading has-text-align-center has-central-palette-6-color has-text-color\">Kontakt &amp; Reservierung<\/h2>\n<\/div><\/div>\n\n\n\n<div class=\"wp-block-columns alignwide is-layout-flex wp-container-core-columns-is-layout-9d6595d7 wp-block-columns-is-layout-flex\">\n<div class=\"wp-block-column is-layout-flow wp-block-column-is-layout-flow\" style=\"flex-basis:66.66%\">\n<div class=\"wp-block-group\"><div class=\"wp-block-group__inner-container is-layout-flow wp-block-group-is-layout-flow\">\n<p class=\"has-large-font-size\"><em>\u201eSaint-Savin ist ein freundliches Dorf, in dem wir sehr gut aufgenommen wurden, dieser Ort ist ein kleines Paradies, das wir Urlaubern oder Sommerg\u00e4sten auf der Durchreise \u00f6ffnen und w\u00fcnschen, dass sie dort die gleiche Gelassenheit finden wie wir.\u201c<\/em>.<\/p>\n\n\n\n<p>Verliebt in Saint-Savin, Monique und Luc beschlossen, die Niederlande zu verlassen. Ein Neuanfang in der N\u00e4he der Gartempe, wo das Paar den Campingplatz \u00fcbernahm, verf\u00fchrt durch den Park, die M\u00fchle und den Fluss. Im M\u00e4rz 2025 \u00fcbernahmen sie den Campingplatz und begannen sofort mit der Renovierung des Sanit\u00e4rblocks (er\u00f6ffnet am 1. Juni 2025) und der Modernisierung der Ferienh\u00e4user. Sie sprechen Franz\u00f6sisch, Englisch, Deutsch und Niederl\u00e4ndisch, sodass jeder willkommen ist.<\/p>\n\n\n\n<figure class=\"wp-block-image size-full\"><img loading=\"lazy\" decoding=\"async\" width=\"640\" height=\"480\" src=\"https:\/\/www.moulindelagassotte.fr\/2022\/wp-content\/uploads\/2025\/06\/img-6562.jpg\" alt=\"\" class=\"wp-image-3004\" srcset=\"https:\/\/www.moulindelagassotte.fr\/2022\/wp-content\/uploads\/2025\/06\/img-6562.jpg 640w, https:\/\/www.moulindelagassotte.fr\/2022\/wp-content\/uploads\/2025\/06\/img-6562-300x225.jpg 300w, https:\/\/www.moulindelagassotte.fr\/2022\/wp-content\/uploads\/2025\/06\/img-6562-50x38.jpg 50w, https:\/\/www.moulindelagassotte.fr\/2022\/wp-content\/uploads\/2025\/06\/img-6562-16x12.jpg 16w, https:\/\/www.moulindelagassotte.fr\/2022\/wp-content\/uploads\/2025\/06\/img-6562-540x405.jpg 540w\" sizes=\"auto, (max-width: 640px) 100vw, 640px\" \/><\/figure>\n\n\n\n<div class=\"wp-block-group alignwide has-central-palette-11-background-color has-background\"><div class=\"wp-block-group__inner-container is-layout-flow wp-block-group-is-layout-flow\">\n<h1 class=\"wp-block-heading\">M\u00f6chten Sie mitkommen?<\/h1>\n\n\n\n<p class=\"has-large-font-size\"><\/p>\n\n\n\n<p>Wenn Sie eine Reservierung w\u00fcnschen, senden Sie uns bitte eine E-Mail an&nbsp;<a href=\"mailto:reservation@moulindelagassotte.fr\">reservation@moulindelagassotte.fr<\/a>. Sie k\u00f6nnen auch das Kontaktformular verwenden. Oder klicken Sie<a href=\"https:\/\/www.moulindelagassotte.fr\/de\/reservation\/\" data-type=\"page\" data-id=\"2711\"> hier <\/a>um direkt eine Unterkunft zu buchen<\/p>\n\n\n\n<div class=\"wpcf7 no-js\" id=\"wpcf7-f2551-o1\" lang=\"fr-FR\" dir=\"ltr\" data-wpcf7-id=\"2551\">\n<div class=\"screen-reader-response\"><p role=\"status\" aria-live=\"polite\" aria-atomic=\"true\"><\/p> <ul><\/ul><\/div>\n<form action=\"\/de\/wp-json\/wp\/v2\/pages\/2151#wpcf7-f2551-o1\" method=\"post\" class=\"wpcf7-form init\" aria-label=\"Kontaktformular\" novalidate=\"novalidate\" data-status=\"init\" data-etm-original-action=\"\/de\/wp-json\/wp\/v2\/pages\/2151#wpcf7-f2551-o1\">\n<fieldset class=\"hidden-fields-container\"><input type=\"hidden\" name=\"_wpcf7\" value=\"2551\" \/><input type=\"hidden\" name=\"_wpcf7_version\" value=\"6.1.5\" \/><input type=\"hidden\" name=\"_wpcf7_locale\" value=\"fr_FR\" \/><input type=\"hidden\" name=\"_wpcf7_unit_tag\" value=\"wpcf7-f2551-o1\" \/><input type=\"hidden\" name=\"_wpcf7_container_post\" value=\"0\" \/><input type=\"hidden\" name=\"_wpcf7_posted_data_hash\" value=\"\" \/><input type=\"hidden\" name=\"_wpcf7_recaptcha_response\" value=\"\" \/>\n<\/fieldset>\n<p><label> Ihr Name<br \/>\n<span class=\"wpcf7-form-control-wrap\" data-name=\"your-name\"><input size=\"40\" maxlength=\"400\" class=\"wpcf7-form-control wpcf7-text wpcf7-validates-as-required\" aria-required=\"true\" aria-invalid=\"false\" value=\"\" type=\"text\" name=\"your-name\" \/><\/span> <\/label>\n<\/p>\n<p><label> Ihre E-Mail-Adresse<br \/>\n<span class=\"wpcf7-form-control-wrap\" data-name=\"your-email\"><input size=\"40\" maxlength=\"400\" class=\"wpcf7-form-control wpcf7-email wpcf7-validates-as-required wpcf7-text wpcf7-validates-as-email\" aria-required=\"true\" aria-invalid=\"false\" value=\"\" type=\"email\" name=\"your-email\" \/><\/span> <\/label>\n<\/p>\n<p><label> Gegenstand<br \/>\n<span class=\"wpcf7-form-control-wrap\" data-name=\"your-subject\"><input size=\"40\" maxlength=\"400\" class=\"wpcf7-form-control wpcf7-text wpcf7-validates-as-required\" aria-required=\"true\" aria-invalid=\"false\" value=\"\" type=\"text\" name=\"your-subject\" \/><\/span> <\/label>\n<\/p>\n<p><label> Ihre Nachricht (optional)<br \/>\n<span class=\"wpcf7-form-control-wrap\" data-name=\"your-message\"><textarea cols=\"40\" rows=\"10\" maxlength=\"2000\" class=\"wpcf7-form-control wpcf7-textarea\" aria-invalid=\"false\" name=\"your-message\"><\/textarea><\/span> <\/label>\n<\/p>\n<p><input class=\"wpcf7-form-control wpcf7-submit has-spinner\" type=\"submit\" value=\"Senden\" \/>\n<\/p><div class=\"wpcf7-response-output\" aria-hidden=\"true\"><\/div>\n<input type=\"hidden\" name=\"etm-form-language\" value=\"de\"\/><\/form>\n<\/div>\n\n\n\n\n<p>Der Moulin de la Gassotte<br>10, rue du 8 Mai 1945<br>86310 Saint-Savin (Vienne)<\/p>\n\n\n\n<h2 class=\"wp-block-heading\">Anfahrtsplan<\/h2>\n\n\n\n<p>Saint-Savin liegt 45 Minuten \u00f6stlich von Poitiers an der Grenze zu den Departements Vienne und Indre.<\/p>\n<\/div><\/div>\n\n\n\n<iframe loading=\"lazy\" src=\"https:\/\/www.uwboeking.com\/class\/class.SearchBook2.php?userModuleID=d59811e24fa5f27cd7a5129523ebc6b4&#038;typeModule=getModule2&#038;showall=yes&#038;houses=19548,19545,19546,19547,19782,19550,19551,19751,19630,19801,19802\" width=\"100%\" height=\"4750\" marginwidth=\"0\" marginheight=\"0\" hspace=\"0\" vspace=\"0\" frameborder=\"0\" scrolling=\"no\" allowtransparency=\"true\"><\/iframe>\n<\/div><\/div>\n<\/div>\n\n\n\n<div class=\"wp-block-column is-layout-flow wp-block-column-is-layout-flow\" style=\"flex-basis:33.33%\">\n<div class=\"wp-block-group has-central-palette-7-background-color has-background\"><div class=\"wp-block-group__inner-container is-layout-flow wp-block-group-is-layout-flow\">\n<h4 class=\"wp-block-heading\">Der Campingplatz<\/h4>\n\n\n\n<ul class=\"wp-block-list\">\n<li><a href=\"https:\/\/www.moulindelagassotte.fr\/de\/les-emplacements\/\" data-type=\"page\" data-id=\"2125\">Standorte<\/a><\/li>\n\n\n\n<li><a href=\"https:\/\/www.moulindelagassotte.fr\/de\/lodges\/\" data-type=\"page\" data-id=\"2127\">Die Lodges<\/a><\/li>\n<\/ul>\n\n\n\n<h4 class=\"wp-block-heading\">Die H\u00fctten<\/h4>\n\n\n\n<ul class=\"wp-block-list\">\n<li><a href=\"https:\/\/www.moulindelagassotte.fr\/de\/les-gistes-de-moulin-de-la-gassotte-saint-savin\/\">Die G\u00eetes<\/a><\/li>\n\n\n\n<li><a href=\"https:\/\/www.moulindelagassotte.fr\/de\/le-gite-detape\/\" data-type=\"page\" data-id=\"2131\">Die Etappenunterkunft<\/a><\/li>\n\n\n\n<li><a href=\"https:\/\/www.moulindelagassotte.fr\/de\/logement-pour-les-groups\/\">Gruppenunterkunft<\/a><\/li>\n<\/ul>\n\n\n\n<h4 class=\"wp-block-heading\">Praktische Informationen<\/h4>\n\n\n\n<ul class=\"wp-block-list\">\n<li><a href=\"https:\/\/www.moulindelagassotte.fr\/de\/situation\/\">Stand der Dinge<\/a><\/li>\n\n\n\n<li><a href=\"https:\/\/www.moulindelagassotte.fr\/de\/plan-du-camping\/\">Lageplan des Campingplatzes<\/a><\/li>\n\n\n\n<li><a href=\"https:\/\/www.moulindelagassotte.fr\/de\/location-de-salle\/\">Gemeinschaftsraum<\/a><\/li>\n\n\n\n<li><a href=\"https:\/\/www.moulindelagassotte.fr\/de\/contact-et-reservation\/\">Kontakt<\/a><\/li>\n\n\n\n<li><a href=\"https:\/\/www.moulindelagassotte.fr\/de\/tarifs\/\">Preise<\/a><\/li>\n\n\n\n<li><a href=\"https:\/\/www.moulindelagassotte.fr\/de\/reservation\/\">Reservierung<\/a><\/li>\n<\/ul>\n<\/div><\/div>\n<\/div>\n<\/div>\n\n\n\n<div class=\"wp-block-group\"><div class=\"wp-block-group__inner-container is-layout-constrained wp-block-group-is-layout-constrained\">\n<div class=\"wp-block-buttons is-layout-flex wp-block-buttons-is-layout-flex\">\n<div class=\"wp-block-button has-custom-width wp-block-button__width-100\"><a class=\"wp-block-button__link wp-element-button\" href=\"https:\/\/www.moulindelagassotte.fr\/de\/reservation\/\">Reservieren<\/a><\/div>\n<\/div>\n<\/div><\/div>\n\n\n\n<p><\/p>","protected":false},"excerpt":{"rendered":"<p>\u00ab Saint-Savin est un village convivial ou nous avons \u00e9t\u00e9 tr\u00e8s bien accueilli , ce lieu est un petit paradis que nous ouvrons aux vacanciers ou estivants de&hellip;<\/p>","protected":false},"author":2,"featured_media":0,"parent":0,"menu_order":0,"comment_status":"closed","ping_status":"closed","template":"template-full-width-cover.php","meta":{"footnotes":""},"class_list":["post-2151","page","type-page","status-publish","has-post-thumbnail","hentry"],"yoast_head":"<!-- This site is optimized with the Yoast SEO plugin v27.5 - https:\/\/yoast.com\/product\/yoast-seo-wordpress\/ -->\n<title>Contact &amp; R\u00e9servation - Le Moulin de la Gassotte<\/title>\n<meta name=\"description\" content=\"Camping nature tr\u00e8s calme au bord de la Gartempe dans la vall\u00e9e des fresques pr\u00e8s de l&#039;abbaye de Saint Savin (Unesco)\" \/>\n<meta name=\"robots\" content=\"index, follow, max-snippet:-1, max-image-preview:large, max-video-preview:-1\" \/>\n<link rel=\"canonical\" href=\"https:\/\/www.moulindelagassotte.fr\/de\/contact-et-reservation\/\" \/>\n<meta property=\"og:locale\" content=\"de_DE\" \/>\n<meta property=\"og:type\" content=\"article\" \/>\n<meta property=\"og:title\" content=\"Contact &amp; R\u00e9servation - Le Moulin de la Gassotte\" \/>\n<meta property=\"og:description\" content=\"Camping nature tr\u00e8s calme au bord de la Gartempe dans la vall\u00e9e des fresques pr\u00e8s de l&#039;abbaye de Saint Savin (Unesco)\" \/>\n<meta property=\"og:url\" content=\"https:\/\/www.moulindelagassotte.fr\/de\/contact-et-reservation\/\" \/>\n<meta property=\"og:site_name\" content=\"Le Moulin de la Gassotte\" \/>\n<meta property=\"article:modified_time\" content=\"2025-07-07T09:45:18+00:00\" \/>\n<meta property=\"og:image\" content=\"https:\/\/www.moulindelagassotte.fr\/2022\/wp-content\/uploads\/2025\/06\/img-6562.jpg\" \/>\n\t<meta property=\"og:image:width\" content=\"640\" \/>\n\t<meta property=\"og:image:height\" content=\"480\" \/>\n\t<meta property=\"og:image:type\" content=\"image\/jpeg\" \/>\n<meta name=\"twitter:card\" content=\"summary_large_image\" \/>\n<meta name=\"twitter:label1\" content=\"Gesch\u00e4tzte Lesezeit\" \/>\n\t<meta name=\"twitter:data1\" content=\"3\u00a0Minuten\" \/>\n<script type=\"application\/ld+json\" class=\"yoast-schema-graph\">{\"@context\":\"https:\\\/\\\/schema.org\",\"@graph\":[{\"@type\":\"WebPage\",\"@id\":\"https:\\\/\\\/www.moulindelagassotte.fr\\\/contact-et-reservation\\\/\",\"url\":\"https:\\\/\\\/www.moulindelagassotte.fr\\\/contact-et-reservation\\\/\",\"name\":\"Contact & R\u00e9servation - Le Moulin de la Gassotte\",\"isPartOf\":{\"@id\":\"https:\\\/\\\/www.moulindelagassotte.fr\\\/#website\"},\"primaryImageOfPage\":{\"@id\":\"https:\\\/\\\/www.moulindelagassotte.fr\\\/contact-et-reservation\\\/#primaryimage\"},\"image\":{\"@id\":\"https:\\\/\\\/www.moulindelagassotte.fr\\\/contact-et-reservation\\\/#primaryimage\"},\"thumbnailUrl\":\"https:\\\/\\\/www.moulindelagassotte.fr\\\/2022\\\/wp-content\\\/uploads\\\/2025\\\/06\\\/img-6562.jpg\",\"datePublished\":\"2022-03-17T11:20:35+00:00\",\"dateModified\":\"2025-07-07T09:45:18+00:00\",\"description\":\"Camping nature tr\u00e8s calme au bord de la Gartempe dans la vall\u00e9e des fresques pr\u00e8s de l'abbaye de Saint Savin (Unesco)\",\"breadcrumb\":{\"@id\":\"https:\\\/\\\/www.moulindelagassotte.fr\\\/contact-et-reservation\\\/#breadcrumb\"},\"inLanguage\":\"de\",\"potentialAction\":[{\"@type\":\"ReadAction\",\"target\":[\"https:\\\/\\\/www.moulindelagassotte.fr\\\/contact-et-reservation\\\/\"]}]},{\"@type\":\"ImageObject\",\"inLanguage\":\"de\",\"@id\":\"https:\\\/\\\/www.moulindelagassotte.fr\\\/contact-et-reservation\\\/#primaryimage\",\"url\":\"https:\\\/\\\/www.moulindelagassotte.fr\\\/2022\\\/wp-content\\\/uploads\\\/2025\\\/06\\\/img-6562.jpg\",\"contentUrl\":\"https:\\\/\\\/www.moulindelagassotte.fr\\\/2022\\\/wp-content\\\/uploads\\\/2025\\\/06\\\/img-6562.jpg\"},{\"@type\":\"BreadcrumbList\",\"@id\":\"https:\\\/\\\/www.moulindelagassotte.fr\\\/contact-et-reservation\\\/#breadcrumb\",\"itemListElement\":[{\"@type\":\"ListItem\",\"position\":1,\"name\":\"Accueil\",\"item\":\"https:\\\/\\\/www.moulindelagassotte.fr\\\/\"},{\"@type\":\"ListItem\",\"position\":2,\"name\":\"Contact &#038; R\u00e9servation\"}]},{\"@type\":\"WebSite\",\"@id\":\"https:\\\/\\\/www.moulindelagassotte.fr\\\/#website\",\"url\":\"https:\\\/\\\/www.moulindelagassotte.fr\\\/\",\"name\":\"Le Moulin de la Gassotte\",\"description\":\"Camping - G\u00eetes - G\u00eete d&#039;\u00c9tape \u00e0 Saint-Savin (86)\",\"publisher\":{\"@id\":\"https:\\\/\\\/www.moulindelagassotte.fr\\\/#organization\"},\"potentialAction\":[{\"@type\":\"SearchAction\",\"target\":{\"@type\":\"EntryPoint\",\"urlTemplate\":\"https:\\\/\\\/www.moulindelagassotte.fr\\\/?s={search_term_string}\"},\"query-input\":{\"@type\":\"PropertyValueSpecification\",\"valueRequired\":true,\"valueName\":\"search_term_string\"}}],\"inLanguage\":\"de\"},{\"@type\":\"Organization\",\"@id\":\"https:\\\/\\\/www.moulindelagassotte.fr\\\/#organization\",\"name\":\"Le Moulin de la Gassotte\",\"url\":\"https:\\\/\\\/www.moulindelagassotte.fr\\\/\",\"logo\":{\"@type\":\"ImageObject\",\"inLanguage\":\"de\",\"@id\":\"https:\\\/\\\/www.moulindelagassotte.fr\\\/#\\\/schema\\\/logo\\\/image\\\/\",\"url\":\"https:\\\/\\\/www.moulindelagassotte.fr\\\/2022\\\/wp-content\\\/uploads\\\/2022\\\/04\\\/logo-gassotte-gris.png\",\"contentUrl\":\"https:\\\/\\\/www.moulindelagassotte.fr\\\/2022\\\/wp-content\\\/uploads\\\/2022\\\/04\\\/logo-gassotte-gris.png\",\"width\":300,\"height\":112,\"caption\":\"Le Moulin de la Gassotte\"},\"image\":{\"@id\":\"https:\\\/\\\/www.moulindelagassotte.fr\\\/#\\\/schema\\\/logo\\\/image\\\/\"}}]}<\/script>\n<!-- \/ Yoast SEO plugin. -->","yoast_head_json":{"title":"Contact & R\u00e9servation - Le Moulin de la Gassotte","description":"Camping nature tr\u00e8s calme au bord de la Gartempe dans la vall\u00e9e des fresques pr\u00e8s de l'abbaye de Saint Savin (Unesco)","robots":{"index":"index","follow":"follow","max-snippet":"max-snippet:-1","max-image-preview":"max-image-preview:large","max-video-preview":"max-video-preview:-1"},"canonical":"https:\/\/www.moulindelagassotte.fr\/de\/contact-et-reservation\/","og_locale":"de_DE","og_type":"article","og_title":"Contact & R\u00e9servation - Le Moulin de la Gassotte","og_description":"Camping nature tr\u00e8s calme au bord de la Gartempe dans la vall\u00e9e des fresques pr\u00e8s de l'abbaye de Saint Savin (Unesco)","og_url":"https:\/\/www.moulindelagassotte.fr\/de\/contact-et-reservation\/","og_site_name":"Le Moulin de la Gassotte","article_modified_time":"2025-07-07T09:45:18+00:00","og_image":[{"width":640,"height":480,"url":"https:\/\/www.moulindelagassotte.fr\/2022\/wp-content\/uploads\/2025\/06\/img-6562.jpg","type":"image\/jpeg"}],"twitter_card":"summary_large_image","twitter_misc":{"Gesch\u00e4tzte Lesezeit":"3\u00a0Minuten"},"schema":{"@context":"https:\/\/schema.org","@graph":[{"@type":"WebPage","@id":"https:\/\/www.moulindelagassotte.fr\/contact-et-reservation\/","url":"https:\/\/www.moulindelagassotte.fr\/contact-et-reservation\/","name":"Contact & R\u00e9servation - Le Moulin de la Gassotte","isPartOf":{"@id":"https:\/\/www.moulindelagassotte.fr\/#website"},"primaryImageOfPage":{"@id":"https:\/\/www.moulindelagassotte.fr\/contact-et-reservation\/#primaryimage"},"image":{"@id":"https:\/\/www.moulindelagassotte.fr\/contact-et-reservation\/#primaryimage"},"thumbnailUrl":"https:\/\/www.moulindelagassotte.fr\/2022\/wp-content\/uploads\/2025\/06\/img-6562.jpg","datePublished":"2022-03-17T11:20:35+00:00","dateModified":"2025-07-07T09:45:18+00:00","description":"Camping nature tr\u00e8s calme au bord de la Gartempe dans la vall\u00e9e des fresques pr\u00e8s de l'abbaye de Saint Savin (Unesco)","breadcrumb":{"@id":"https:\/\/www.moulindelagassotte.fr\/contact-et-reservation\/#breadcrumb"},"inLanguage":"de","potentialAction":[{"@type":"ReadAction","target":["https:\/\/www.moulindelagassotte.fr\/contact-et-reservation\/"]}]},{"@type":"ImageObject","inLanguage":"de","@id":"https:\/\/www.moulindelagassotte.fr\/contact-et-reservation\/#primaryimage","url":"https:\/\/www.moulindelagassotte.fr\/2022\/wp-content\/uploads\/2025\/06\/img-6562.jpg","contentUrl":"https:\/\/www.moulindelagassotte.fr\/2022\/wp-content\/uploads\/2025\/06\/img-6562.jpg"},{"@type":"BreadcrumbList","@id":"https:\/\/www.moulindelagassotte.fr\/contact-et-reservation\/#breadcrumb","itemListElement":[{"@type":"ListItem","position":1,"name":"Accueil","item":"https:\/\/www.moulindelagassotte.fr\/"},{"@type":"ListItem","position":2,"name":"Contact &#038; R\u00e9servation"}]},{"@type":"WebSite","@id":"https:\/\/www.moulindelagassotte.fr\/#website","url":"https:\/\/www.moulindelagassotte.fr\/","name":"Le Moulin de la Gassotte","description":"Camping - G\u00eetes - G\u00eete d&#039;\u00c9tape \u00e0 Saint-Savin (86)","publisher":{"@id":"https:\/\/www.moulindelagassotte.fr\/#organization"},"potentialAction":[{"@type":"SearchAction","target":{"@type":"EntryPoint","urlTemplate":"https:\/\/www.moulindelagassotte.fr\/?s={search_term_string}"},"query-input":{"@type":"PropertyValueSpecification","valueRequired":true,"valueName":"search_term_string"}}],"inLanguage":"de"},{"@type":"Organization","@id":"https:\/\/www.moulindelagassotte.fr\/#organization","name":"Le Moulin de la Gassotte","url":"https:\/\/www.moulindelagassotte.fr\/","logo":{"@type":"ImageObject","inLanguage":"de","@id":"https:\/\/www.moulindelagassotte.fr\/#\/schema\/logo\/image\/","url":"https:\/\/www.moulindelagassotte.fr\/2022\/wp-content\/uploads\/2022\/04\/logo-gassotte-gris.png","contentUrl":"https:\/\/www.moulindelagassotte.fr\/2022\/wp-content\/uploads\/2022\/04\/logo-gassotte-gris.png","width":300,"height":112,"caption":"Le Moulin de la Gassotte"},"image":{"@id":"https:\/\/www.moulindelagassotte.fr\/#\/schema\/logo\/image\/"}}]}},"_links":{"self":[{"href":"https:\/\/www.moulindelagassotte.fr\/de\/wp-json\/wp\/v2\/pages\/2151","targetHints":{"allow":["GET"]}}],"collection":[{"href":"https:\/\/www.moulindelagassotte.fr\/de\/wp-json\/wp\/v2\/pages"}],"about":[{"href":"https:\/\/www.moulindelagassotte.fr\/de\/wp-json\/wp\/v2\/types\/page"}],"author":[{"embeddable":true,"href":"https:\/\/www.moulindelagassotte.fr\/de\/wp-json\/wp\/v2\/users\/2"}],"replies":[{"embeddable":true,"href":"https:\/\/www.moulindelagassotte.fr\/de\/wp-json\/wp\/v2\/comments?post=2151"}],"version-history":[{"count":20,"href":"https:\/\/www.moulindelagassotte.fr\/de\/wp-json\/wp\/v2\/pages\/2151\/revisions"}],"predecessor-version":[{"id":3158,"href":"https:\/\/www.moulindelagassotte.fr\/de\/wp-json\/wp\/v2\/pages\/2151\/revisions\/3158"}],"wp:attachment":[{"href":"https:\/\/www.moulindelagassotte.fr\/de\/wp-json\/wp\/v2\/media?parent=2151"}],"curies":[{"name":"wp","href":"https:\/\/api.w.org\/{rel}","templated":true}]}}