{"id":2149,"date":"2022-03-17T12:18:46","date_gmt":"2022-03-17T11:18:46","guid":{"rendered":"https:\/\/www.moulindelagassotte.fr\/2022\/?page_id=2149"},"modified":"2026-03-13T11:08:23","modified_gmt":"2026-03-13T10:08:23","slug":"tarifs","status":"publish","type":"page","link":"https:\/\/www.moulindelagassotte.fr\/de\/tarifs\/","title":{"rendered":"Preise"},"content":{"rendered":"<div class=\"wp-block-cover alignfull\" style=\"min-height:400px;aspect-ratio:unset;\"><img loading=\"lazy\" decoding=\"async\" width=\"2000\" height=\"1400\" class=\"wp-block-cover__image-background wp-image-1477\" alt=\"\" src=\"https:\/\/www.moulindelagassotte.fr\/2022\/wp-content\/uploads\/2018\/02\/accueil-groupes.jpg\" style=\"object-position:51% 57%\" data-object-fit=\"cover\" data-object-position=\"51% 57%\" srcset=\"https:\/\/www.moulindelagassotte.fr\/2022\/wp-content\/uploads\/2018\/02\/accueil-groupes.jpg 2000w, https:\/\/www.moulindelagassotte.fr\/2022\/wp-content\/uploads\/2018\/02\/accueil-groupes-300x210.jpg 300w, https:\/\/www.moulindelagassotte.fr\/2022\/wp-content\/uploads\/2018\/02\/accueil-groupes-1024x717.jpg 1024w, https:\/\/www.moulindelagassotte.fr\/2022\/wp-content\/uploads\/2018\/02\/accueil-groupes-768x538.jpg 768w, https:\/\/www.moulindelagassotte.fr\/2022\/wp-content\/uploads\/2018\/02\/accueil-groupes-1536x1075.jpg 1536w\" sizes=\"auto, (max-width: 2000px) 100vw, 2000px\" \/><span aria-hidden=\"true\" class=\"wp-block-cover__background has-background-dim-40 has-background-dim\"><\/span><div class=\"wp-block-cover__inner-container is-layout-flow wp-block-cover-is-layout-flow\">\n<div style=\"height:60px\" aria-hidden=\"true\" class=\"wp-block-spacer\"><\/div>\n\n\n\n<h2 class=\"wp-block-heading has-text-align-center has-central-palette-6-color has-text-color\">Unsere Tarife<\/h2>\n\n\n\n<p class=\"has-text-align-center monter25 has-central-palette-6-color has-text-color has-large-font-size\">Preise f\u00fcr Stellpl\u00e4tze, Lodges, Mobilheime und Ferienwohnungen<\/p>\n<\/div><\/div>\n\n\n\n<h2 class=\"wp-block-heading has-text-align-center\">Preise f\u00fcr Stellpl\u00e4tze 2026<\/h2>\n\n\n\n<p class=\"has-text-align-center\">Ge\u00f6ffnet vom 13. M\u00e4rz bis 11. Oktober<\/p>\n\n\n\n<div class=\"wp-block-columns is-layout-flex wp-container-core-columns-is-layout-9d6595d7 wp-block-columns-is-layout-flex\">\n<div class=\"wp-block-column is-layout-flow wp-block-column-is-layout-flow\" style=\"flex-basis:100%\">\n<div class=\"wp-block-columns is-layout-flex wp-container-core-columns-is-layout-9d6595d7 wp-block-columns-is-layout-flex\">\n<div class=\"wp-block-column is-layout-flow wp-block-column-is-layout-flow\" style=\"flex-basis:100%\">\n<div class=\"wp-block-columns is-layout-flex wp-container-core-columns-is-layout-9d6595d7 wp-block-columns-is-layout-flex\">\n<div class=\"wp-block-column is-layout-flow wp-block-column-is-layout-flow\" style=\"flex-basis:100%\">\n<figure class=\"wp-block-table alignwide monter50 is-style-stripes\"><table><thead><tr><th><\/th><th class=\"has-text-align-center\" data-align=\"center\"><\/th><th class=\"has-text-align-center\" data-align=\"center\"><\/th><\/tr><\/thead><tbody><tr><td><strong><em>Preise pro Nacht<\/em><\/strong><\/td><td class=\"has-text-align-center\" data-align=\"center\"><strong><em>Nebensaison<\/em><\/strong><br><\/td><td class=\"has-text-align-center\" data-align=\"center\"><em><strong>Hochsaison**<br><\/strong><\/em><\/td><\/tr><tr><td>Stellplatz , 2 Pers. <br>(1 Zelt, 1 Wohnwagen oder Wohnmobil, ein Auto, Strom)<\/td><td class=\"has-text-align-center\" data-align=\"center\">20 \u20ac<\/td><td class=\"has-text-align-center\" data-align=\"center\">26 \u20ac<\/td><\/tr><tr><td>Ohne Strom<\/td><td class=\"has-text-align-center\" data-align=\"center\">-\/- 4 \u20ac<\/td><td class=\"has-text-align-center\" data-align=\"center\">-\/- 4 \u20ac<\/td><\/tr><tr><td>Zus\u00e4tzliche Person<br>(ab 4 Jahren)<\/td><td class=\"has-text-align-center\" data-align=\"center\">5 \u20ac<\/td><td class=\"has-text-align-center\" data-align=\"center\">5 \u20ac<\/td><\/tr><tr><td>Tier<\/td><td class=\"has-text-align-center\" data-align=\"center\">1,75 \u20ac<\/td><td class=\"has-text-align-center\" data-align=\"center\">1,75 \u20ac<\/td><\/tr><tr><td>Zus\u00e4tzliches Fahrzeug<\/td><td class=\"has-text-align-center\" data-align=\"center\">5 \u20ac<\/td><td class=\"has-text-align-center\" data-align=\"center\">5 \u20ac<\/td><\/tr><tr><td>Kurtaxe (+ 18 Jahre); pro Person<\/td><td class=\"has-text-align-center\" data-align=\"center\">0,22 \u20ac<br><\/td><td class=\"has-text-align-center\" data-align=\"center\">0,22  \u20ac<\/td><\/tr><\/tbody><\/table><\/figure>\n<\/div>\n<\/div>\n<\/div>\n<\/div>\n<\/div>\n<\/div>\n\n\n\n<p>** Hochsaison-Tarife gelten am Pfingstwochenende und im Sommer: 10\/07\/2026 bis 27\/09\/2026<\/p>\n\n\n\n<p>\u2047   \u2047 <br>Sanit\u00e4rgeb\u00e4ude ge\u00f6ffnet von Anfang April bis Anfang Oktober, au\u00dferhalb dieser Zeit stehen Toiletten und Duschen im M\u00fchlengeb\u00e4ude zur Verf\u00fcgung.<\/p>\n\n\n\n<p><\/p>\n\n\n\n<p>\u2047   \u2047 <br>Tiere werden mit ihrem aktuellen Impfausweis akzeptiert, es ist obligatorisch, sie an der Leine zu f\u00fchren und ihren Kot zu sammeln.<\/p>\n\n\n\n<div class=\"wp-block-buttons is-layout-flex wp-block-buttons-is-layout-flex\">\n<div class=\"wp-block-button has-custom-width wp-block-button__width-100\"><a class=\"wp-block-button__link wp-element-button\" href=\"https:\/\/www.moulindelagassotte.fr\/de\/reserver-emplacement\/\">Speichern eines Standorts<\/a><\/div>\n<\/div>\n\n\n\n<div class=\"wp-block-cover alignfull has-parallax\" style=\"min-height:400px;aspect-ratio:unset;\"><div class=\"wp-block-cover__image-background wp-image-749 has-parallax\" style=\"background-position:50% 50%;background-image:url(https:\/\/www.moulindelagassotte.fr\/2022\/wp-content\/uploads\/2017\/12\/lodge-2pers-ext.jpg)\"><\/div><span aria-hidden=\"true\" class=\"wp-block-cover__background has-background-dim-10 has-background-dim\"><\/span><div class=\"wp-block-cover__inner-container is-layout-flow wp-block-cover-is-layout-flow\">\n<p class=\"has-text-align-center has-large-font-size\"><\/p>\n<\/div><\/div>\n\n\n\n<h2 class=\"wp-block-heading has-text-align-center\">Preise f\u00fcr Lodges und Mobilzelte 2026<\/h2>\n\n\n\n<p class=\"has-text-align-center\"><\/p>\n\n\n\n<figure class=\"wp-block-table alignwide is-style-stripes monter50\"><table class=\"has-fixed-layout\"><thead><tr><th>\u00dcbernachtungspreise f\u00fcr 2 Personen<br><strong>Hochsaison**(Niedere Befassung)<\/strong><\/th><th class=\"has-text-align-center\" data-align=\"center\">1 oder 2 N\u00e4chte<\/th><th class=\"has-text-align-center\" data-align=\"center\">3 bis 6 N\u00e4chte<\/th><th class=\"has-text-align-center\" data-align=\"center\">7 N\u00e4chte und mehr<\/th><\/tr><\/thead><tbody><tr><td>Lodge \"baroudeur\", 2 Personen, 7 m2<\/td><td class=\"has-text-align-center\" data-align=\"center\">40 \u20ac (35 \u20ac)<\/td><td class=\"has-text-align-center\" data-align=\"center\">37,50 \u20ac (32,50 \u20ac)<\/td><td class=\"has-text-align-center\" data-align=\"center\">35 \u20ac (30 \u20ac)<\/td><\/tr><tr><td>Lodge \"Lotte\", max 4 Personen, 30 m2<\/td><td class=\"has-text-align-center\" data-align=\"center\">60 \u20ac (50 \u20ac)<\/td><td class=\"has-text-align-center\" data-align=\"center\">57,50 \u20ac (47,50 \u20ac)<\/td><td class=\"has-text-align-center\" data-align=\"center\">55 \u20ac (45 \u20ac)<\/td><\/tr><tr><td>Mobilzelt, \"Castor\" 4 Personen, 30 m2, Bad *<\/td><td class=\"has-text-align-center\" data-align=\"center\">75 \u20ac (65 \u20ac)<\/td><td class=\"has-text-align-center\" data-align=\"center\">70 \u20ac (60 \u20ac)<\/td><td class=\"has-text-align-center\" data-align=\"center\">65 \u20ac (55 \u20ac)<\/td><\/tr><tr><td>Mobilzelt, \"Blaireau\" 4 Personen 30 m2, Bad*<\/td><td class=\"has-text-align-center\" data-align=\"center\">75 \u20ac (65 \u20ac)<\/td><td class=\"has-text-align-center\" data-align=\"center\">70 \u20ac (60 \u20ac)<\/td><td class=\"has-text-align-center\" data-align=\"center\">65 \u20ac (55 \u20ac)<\/td><\/tr><\/tbody><\/table><\/figure>\n\n\n\n<p>*Kosten f\u00fcr die Reinigung von Mobilzelten: 25 \u20ac pro Aufenthalt<br> (Lodges Otter und Schwei\u00dfer Reinigung optional)<\/p>\n\n\n\n<p>** Hochsaison-Tarife gelten am Pfingstwochenende und im Sommer: 10\/07\/2026 bis 27\/09\/2026<\/p>\n\n\n\n<p>Bettw\u00e4sche: 7,50 \u20ac pro Person optional<\/p>\n\n\n\n<p>Zus\u00e4tzliche Person 10 \u20ac pro Nacht<\/p>\n\n\n\n<p>Kurtaxe (+18 Jahre): 0.22 \u20ac pro Nacht pro Person <\/p>\n\n\n\n<div class=\"wp-block-buttons is-layout-flex wp-block-buttons-is-layout-flex\">\n<div class=\"wp-block-button\"><a class=\"wp-block-button__link wp-element-button\" href=\"https:\/\/www.moulindelagassotte.fr\/de\/reserver-une-lodge-ou-mobiltente\/\">Buchen Sie Lodge oder Mobil-Tent<\/a><\/div>\n<\/div>\n\n\n\n<p><br>Verf\u00fcgbar zur Miete von Ende April bis Anfang Oktober, je nach Wetterlage.<\/p>\n\n\n\n<div style=\"height:100px\" aria-hidden=\"true\" class=\"wp-block-spacer\"><\/div>\n\n\n\n<div class=\"wp-block-cover alignfull has-parallax\" style=\"min-height:402px;aspect-ratio:unset;\"><div class=\"wp-block-cover__image-background wp-image-2761 size-large has-parallax\" style=\"background-position:50% 50%;background-image:url(https:\/\/www.moulindelagassotte.fr\/2022\/wp-content\/uploads\/2025\/04\/g3-2-1-1024x768.jpg)\"><\/div><span aria-hidden=\"true\" class=\"wp-block-cover__background has-background-dim-0 has-background-dim\" style=\"background-color:#81736e\"><\/span><div class=\"wp-block-cover__inner-container is-layout-flow wp-block-cover-is-layout-flow\">\n<p class=\"has-text-align-center has-large-font-size\" id=\"tarifsgites\"><\/p>\n<\/div><\/div>\n\n\n\n<h2 class=\"wp-block-heading has-text-align-center\">Preise der Unterk\u00fcnfte 2026<\/h2>\n\n\n\n<figure class=\"wp-block-table alignwide is-style-stripes monter50\"><table><thead><tr><th><br><br>Preise pro Nacht<br>(2 Personen)<br><strong>Hochsaison**(Niedere Befassung)<\/strong><\/th><th class=\"has-text-align-center\" data-align=\"center\">1 oder 2 N\u00e4chte<\/th><th class=\"has-text-align-center\" data-align=\"center\">1 oder 2 N\u00e4chte<\/th><th class=\"has-text-align-center\" data-align=\"center\">3 bis 6 N\u00e4chte<\/th><th class=\"has-text-align-center\" data-align=\"center\">7 N\u00e4chte und mehr<\/th><th class=\"has-text-align-center\" data-align=\"center\">Niemand <br>Zus\u00e4tzlich*<\/th><\/tr><\/thead><tbody><tr><td>2 Personen<br><\/td><td class=\"has-text-align-center\" data-align=\"center\">65 \u20ac<\/td><td class=\"has-text-align-center\" data-align=\"center\">60 \u20ac<\/td><td class=\"has-text-align-center\" data-align=\"center\">60 \u20ac (55 \u20ac)<\/td><td class=\"has-text-align-center\" data-align=\"center\">55 \u20ac (50 \u20ac)<\/td><td class=\"has-text-align-center\" data-align=\"center\">maximal 2<br>&gt;3 Jahre 10 \u20ac <br> &lt;3 Jahre 0 \u20ac<\/td><\/tr><\/tbody><\/table><\/figure>\n\n\n\n<p>** Hochsaison-Tarife gelten am Pfingstwochenende und im Sommer: 10\/07\/2026 bis 27\/09\/2026<\/p>\n\n\n\n<p>Kurtaxe 5% Mietpreis<\/p>\n\n\n\n<p>Reinigungsgeb\u00fchr 25 \u20ac pro Aufenthalt<\/p>\n\n\n\n<p>Bettw\u00e4sche und Handt\u00fccher: 7,50 \u20ac pro Person optional<\/p>\n\n\n\n<p><strong>Gite 1<\/strong> \"Die Lilie\": 2* Personen, Erdgeschoss, Doppelbett und Schlafsofa<\/p>\n\n\n\n<p><strong>Gite 2<\/strong> \"Die Rose\": 2* Personen, Erdgeschoss, Doppelbett und zwei Einzelschlafsofas<\/p>\n\n\n\n<p><strong>Gite 3<\/strong> \"Die Tulpe\": 2* Personen, erste Etage, Doppelbett und zwei Einzelschlafsofas<\/p>\n\n\n\n<p>*Wenn Sie in einem Ferienhaus mit mehr als 2 Personen \u00fcbernachten m\u00f6chten, senden Sie bitte eine E-Mail.<\/p>\n\n\n\n<div class=\"wp-block-buttons is-layout-flex wp-block-buttons-is-layout-flex\">\n<div class=\"wp-block-button has-custom-width wp-block-button__width-100\" id=\"giteetape\"><a class=\"wp-block-button__link wp-element-button\" href=\"https:\/\/www.moulindelagassotte.fr\/de\/reserver-une-gite\/\">Buchen Sie ein Ferienhaus<\/a><\/div>\n<\/div>\n\n\n\n<p><\/p>\n\n\n\n<p class=\"has-text-align-center has-large-font-size\"><strong>Preise f\u00fcr die Etappenunterkunft \/ <strong>Familienunterkunft<\/strong><\/strong> <strong>2026<\/strong><\/p>\n\n\n\n<figure class=\"wp-block-table alignwide is-style-stripes monter50\"><table class=\"has-fixed-layout\"><thead><tr><th><strong>Etappenhaus (Etagenbetten)<\/strong><\/th><th class=\"has-text-align-left\" data-align=\"left\">Nachts<\/th><\/tr><\/thead><tbody><tr><td>\u2013 Person (Bett)<\/td><td class=\"has-text-align-left\" data-align=\"left\">30 \u20ac<\/td><\/tr><tr><td>\u2013 Gruppe max. 10 Personen<\/td><td class=\"has-text-align-left\" data-align=\"left\">200 \u20ac*<\/td><\/tr><tr><td>\u2013 Bettw\u00e4sche pro Bett 7,5 \u20ac optional<\/td><td class=\"has-text-align-left\" data-align=\"left\"><\/td><\/tr><tr><td>\u2013 Kurtaxe 5% Mietpreis<\/td><td class=\"has-text-align-left\" data-align=\"left\"><\/td><\/tr><tr><td>* Reinigung 35 \u20ac pro Aufenthalt obligatorisch<\/td><td class=\"has-text-align-left\" data-align=\"left\"><\/td><\/tr><\/tbody><\/table><\/figure>\n\n\n\n<p>Sie k\u00f6nnen auch das gesamte G\u00eete d'Etape mit dem gro\u00dfen Saal mieten. Ideal f\u00fcr Gruppenaktivit\u00e4ten und Kurse f\u00fcr mehrere Tage. Senden Sie uns eine E-Mail f\u00fcr weitere Informationen<\/p>\n\n\n\n<div class=\"wp-block-buttons is-layout-flex wp-block-buttons-is-layout-flex\">\n<div class=\"wp-block-button has-custom-width wp-block-button__width-100\"><a class=\"wp-block-button__link wp-element-button\" href=\"https:\/\/www.moulindelagassotte.fr\/de\/reserver-un-lit\/\">Buchen Sie ein Bett<\/a><\/div>\n<\/div>\n\n\n\n<p><\/p>\n\n\n\n<div class=\"wp-block-cover alignfull has-parallax\" style=\"min-height:400px;aspect-ratio:unset;\"><div class=\"wp-block-cover__image-background wp-image-749 has-parallax\" style=\"background-position:50% 50%;background-image:url(https:\/\/www.moulindelagassotte.fr\/2022\/wp-content\/uploads\/2017\/12\/lodge-2pers-ext.jpg)\"><\/div><span aria-hidden=\"true\" class=\"wp-block-cover__background has-background-dim-10 has-background-dim\"><\/span><div class=\"wp-block-cover__inner-container is-layout-flow wp-block-cover-is-layout-flow\">\n<p class=\"has-text-align-center has-large-font-size\"><\/p>\n<\/div><\/div>\n\n\n\n<p class=\"has-text-align-center has-large-font-size\"><\/p>\n\n\n\n<p><\/p>","protected":false},"excerpt":{"rendered":"<p>Tarifs des emplacements 2026 Ouvert de 13 mars &#8211; 11 octobre Tarifs \u00e0 la nuit\u00e9e basse saison haute saison** Emplacement , 2 pers (1 tente, 1 caravanne ou&hellip;<\/p>","protected":false},"author":2,"featured_media":0,"parent":0,"menu_order":0,"comment_status":"closed","ping_status":"closed","template":"template-full-width-cover.php","meta":{"footnotes":""},"class_list":["post-2149","page","type-page","status-publish","has-post-thumbnail","hentry"],"yoast_head":"<!-- This site is optimized with the Yoast SEO plugin v27.4 - https:\/\/yoast.com\/product\/yoast-seo-wordpress\/ -->\n<title>Tarifs - Le Moulin de la Gassotte<\/title>\n<meta name=\"robots\" content=\"index, follow, max-snippet:-1, max-image-preview:large, max-video-preview:-1\" \/>\n<link rel=\"canonical\" href=\"https:\/\/www.moulindelagassotte.fr\/de\/tarifs\/\" \/>\n<meta property=\"og:locale\" content=\"de_DE\" \/>\n<meta property=\"og:type\" content=\"article\" \/>\n<meta property=\"og:title\" content=\"Tarifs - Le Moulin de la Gassotte\" \/>\n<meta property=\"og:description\" content=\"Tarifs des emplacements 2026 Ouvert de 13 mars &#8211; 11 octobre Tarifs \u00e0 la nuit\u00e9e basse saison haute saison** Emplacement , 2 pers (1 tente, 1 caravanne ou&hellip;\" \/>\n<meta property=\"og:url\" content=\"https:\/\/www.moulindelagassotte.fr\/de\/tarifs\/\" \/>\n<meta property=\"og:site_name\" content=\"Le Moulin de la Gassotte\" \/>\n<meta property=\"article:modified_time\" content=\"2026-03-13T10:08:23+00:00\" \/>\n<meta property=\"og:image\" content=\"https:\/\/www.moulindelagassotte.fr\/2022\/wp-content\/uploads\/2018\/02\/accueil-groupes.jpg\" \/>\n\t<meta property=\"og:image:width\" content=\"2000\" \/>\n\t<meta property=\"og:image:height\" content=\"1400\" \/>\n\t<meta property=\"og:image:type\" content=\"image\/jpeg\" \/>\n<meta name=\"twitter:card\" content=\"summary_large_image\" \/>\n<meta name=\"twitter:label1\" content=\"Gesch\u00e4tzte Lesezeit\" \/>\n\t<meta name=\"twitter:data1\" content=\"4\u00a0Minuten\" \/>\n<script type=\"application\/ld+json\" class=\"yoast-schema-graph\">{\"@context\":\"https:\\\/\\\/schema.org\",\"@graph\":[{\"@type\":\"WebPage\",\"@id\":\"https:\\\/\\\/www.moulindelagassotte.fr\\\/tarifs\\\/\",\"url\":\"https:\\\/\\\/www.moulindelagassotte.fr\\\/tarifs\\\/\",\"name\":\"Tarifs - Le Moulin de la Gassotte\",\"isPartOf\":{\"@id\":\"https:\\\/\\\/www.moulindelagassotte.fr\\\/#website\"},\"primaryImageOfPage\":{\"@id\":\"https:\\\/\\\/www.moulindelagassotte.fr\\\/tarifs\\\/#primaryimage\"},\"image\":{\"@id\":\"https:\\\/\\\/www.moulindelagassotte.fr\\\/tarifs\\\/#primaryimage\"},\"thumbnailUrl\":\"https:\\\/\\\/www.moulindelagassotte.fr\\\/2022\\\/wp-content\\\/uploads\\\/2018\\\/02\\\/accueil-groupes.jpg\",\"datePublished\":\"2022-03-17T11:18:46+00:00\",\"dateModified\":\"2026-03-13T10:08:23+00:00\",\"breadcrumb\":{\"@id\":\"https:\\\/\\\/www.moulindelagassotte.fr\\\/tarifs\\\/#breadcrumb\"},\"inLanguage\":\"de\",\"potentialAction\":[{\"@type\":\"ReadAction\",\"target\":[\"https:\\\/\\\/www.moulindelagassotte.fr\\\/tarifs\\\/\"]}]},{\"@type\":\"ImageObject\",\"inLanguage\":\"de\",\"@id\":\"https:\\\/\\\/www.moulindelagassotte.fr\\\/tarifs\\\/#primaryimage\",\"url\":\"https:\\\/\\\/www.moulindelagassotte.fr\\\/2022\\\/wp-content\\\/uploads\\\/2018\\\/02\\\/accueil-groupes.jpg\",\"contentUrl\":\"https:\\\/\\\/www.moulindelagassotte.fr\\\/2022\\\/wp-content\\\/uploads\\\/2018\\\/02\\\/accueil-groupes.jpg\"},{\"@type\":\"BreadcrumbList\",\"@id\":\"https:\\\/\\\/www.moulindelagassotte.fr\\\/tarifs\\\/#breadcrumb\",\"itemListElement\":[{\"@type\":\"ListItem\",\"position\":1,\"name\":\"Accueil\",\"item\":\"https:\\\/\\\/www.moulindelagassotte.fr\\\/\"},{\"@type\":\"ListItem\",\"position\":2,\"name\":\"Tarifs\"}]},{\"@type\":\"WebSite\",\"@id\":\"https:\\\/\\\/www.moulindelagassotte.fr\\\/#website\",\"url\":\"https:\\\/\\\/www.moulindelagassotte.fr\\\/\",\"name\":\"Le Moulin de la Gassotte\",\"description\":\"Camping - G\u00eetes - G\u00eete d&#039;\u00c9tape \u00e0 Saint-Savin (86)\",\"publisher\":{\"@id\":\"https:\\\/\\\/www.moulindelagassotte.fr\\\/#organization\"},\"potentialAction\":[{\"@type\":\"SearchAction\",\"target\":{\"@type\":\"EntryPoint\",\"urlTemplate\":\"https:\\\/\\\/www.moulindelagassotte.fr\\\/?s={search_term_string}\"},\"query-input\":{\"@type\":\"PropertyValueSpecification\",\"valueRequired\":true,\"valueName\":\"search_term_string\"}}],\"inLanguage\":\"de\"},{\"@type\":\"Organization\",\"@id\":\"https:\\\/\\\/www.moulindelagassotte.fr\\\/#organization\",\"name\":\"Le Moulin de la Gassotte\",\"url\":\"https:\\\/\\\/www.moulindelagassotte.fr\\\/\",\"logo\":{\"@type\":\"ImageObject\",\"inLanguage\":\"de\",\"@id\":\"https:\\\/\\\/www.moulindelagassotte.fr\\\/#\\\/schema\\\/logo\\\/image\\\/\",\"url\":\"https:\\\/\\\/www.moulindelagassotte.fr\\\/2022\\\/wp-content\\\/uploads\\\/2022\\\/04\\\/logo-gassotte-gris.png\",\"contentUrl\":\"https:\\\/\\\/www.moulindelagassotte.fr\\\/2022\\\/wp-content\\\/uploads\\\/2022\\\/04\\\/logo-gassotte-gris.png\",\"width\":300,\"height\":112,\"caption\":\"Le Moulin de la Gassotte\"},\"image\":{\"@id\":\"https:\\\/\\\/www.moulindelagassotte.fr\\\/#\\\/schema\\\/logo\\\/image\\\/\"}}]}<\/script>\n<!-- \/ Yoast SEO plugin. -->","yoast_head_json":{"title":"Tarifs - Le Moulin de la Gassotte","robots":{"index":"index","follow":"follow","max-snippet":"max-snippet:-1","max-image-preview":"max-image-preview:large","max-video-preview":"max-video-preview:-1"},"canonical":"https:\/\/www.moulindelagassotte.fr\/de\/tarifs\/","og_locale":"de_DE","og_type":"article","og_title":"Tarifs - Le Moulin de la Gassotte","og_description":"Tarifs des emplacements 2026 Ouvert de 13 mars &#8211; 11 octobre Tarifs \u00e0 la nuit\u00e9e basse saison haute saison** Emplacement , 2 pers (1 tente, 1 caravanne ou&hellip;","og_url":"https:\/\/www.moulindelagassotte.fr\/de\/tarifs\/","og_site_name":"Le Moulin de la Gassotte","article_modified_time":"2026-03-13T10:08:23+00:00","og_image":[{"width":2000,"height":1400,"url":"https:\/\/www.moulindelagassotte.fr\/2022\/wp-content\/uploads\/2018\/02\/accueil-groupes.jpg","type":"image\/jpeg"}],"twitter_card":"summary_large_image","twitter_misc":{"Gesch\u00e4tzte Lesezeit":"4\u00a0Minuten"},"schema":{"@context":"https:\/\/schema.org","@graph":[{"@type":"WebPage","@id":"https:\/\/www.moulindelagassotte.fr\/tarifs\/","url":"https:\/\/www.moulindelagassotte.fr\/tarifs\/","name":"Tarifs - Le Moulin de la Gassotte","isPartOf":{"@id":"https:\/\/www.moulindelagassotte.fr\/#website"},"primaryImageOfPage":{"@id":"https:\/\/www.moulindelagassotte.fr\/tarifs\/#primaryimage"},"image":{"@id":"https:\/\/www.moulindelagassotte.fr\/tarifs\/#primaryimage"},"thumbnailUrl":"https:\/\/www.moulindelagassotte.fr\/2022\/wp-content\/uploads\/2018\/02\/accueil-groupes.jpg","datePublished":"2022-03-17T11:18:46+00:00","dateModified":"2026-03-13T10:08:23+00:00","breadcrumb":{"@id":"https:\/\/www.moulindelagassotte.fr\/tarifs\/#breadcrumb"},"inLanguage":"de","potentialAction":[{"@type":"ReadAction","target":["https:\/\/www.moulindelagassotte.fr\/tarifs\/"]}]},{"@type":"ImageObject","inLanguage":"de","@id":"https:\/\/www.moulindelagassotte.fr\/tarifs\/#primaryimage","url":"https:\/\/www.moulindelagassotte.fr\/2022\/wp-content\/uploads\/2018\/02\/accueil-groupes.jpg","contentUrl":"https:\/\/www.moulindelagassotte.fr\/2022\/wp-content\/uploads\/2018\/02\/accueil-groupes.jpg"},{"@type":"BreadcrumbList","@id":"https:\/\/www.moulindelagassotte.fr\/tarifs\/#breadcrumb","itemListElement":[{"@type":"ListItem","position":1,"name":"Accueil","item":"https:\/\/www.moulindelagassotte.fr\/"},{"@type":"ListItem","position":2,"name":"Tarifs"}]},{"@type":"WebSite","@id":"https:\/\/www.moulindelagassotte.fr\/#website","url":"https:\/\/www.moulindelagassotte.fr\/","name":"Le Moulin de la Gassotte","description":"Camping - G\u00eetes - G\u00eete d&#039;\u00c9tape \u00e0 Saint-Savin (86)","publisher":{"@id":"https:\/\/www.moulindelagassotte.fr\/#organization"},"potentialAction":[{"@type":"SearchAction","target":{"@type":"EntryPoint","urlTemplate":"https:\/\/www.moulindelagassotte.fr\/?s={search_term_string}"},"query-input":{"@type":"PropertyValueSpecification","valueRequired":true,"valueName":"search_term_string"}}],"inLanguage":"de"},{"@type":"Organization","@id":"https:\/\/www.moulindelagassotte.fr\/#organization","name":"Le Moulin de la Gassotte","url":"https:\/\/www.moulindelagassotte.fr\/","logo":{"@type":"ImageObject","inLanguage":"de","@id":"https:\/\/www.moulindelagassotte.fr\/#\/schema\/logo\/image\/","url":"https:\/\/www.moulindelagassotte.fr\/2022\/wp-content\/uploads\/2022\/04\/logo-gassotte-gris.png","contentUrl":"https:\/\/www.moulindelagassotte.fr\/2022\/wp-content\/uploads\/2022\/04\/logo-gassotte-gris.png","width":300,"height":112,"caption":"Le Moulin de la Gassotte"},"image":{"@id":"https:\/\/www.moulindelagassotte.fr\/#\/schema\/logo\/image\/"}}]}},"_links":{"self":[{"href":"https:\/\/www.moulindelagassotte.fr\/de\/wp-json\/wp\/v2\/pages\/2149","targetHints":{"allow":["GET"]}}],"collection":[{"href":"https:\/\/www.moulindelagassotte.fr\/de\/wp-json\/wp\/v2\/pages"}],"about":[{"href":"https:\/\/www.moulindelagassotte.fr\/de\/wp-json\/wp\/v2\/types\/page"}],"author":[{"embeddable":true,"href":"https:\/\/www.moulindelagassotte.fr\/de\/wp-json\/wp\/v2\/users\/2"}],"replies":[{"embeddable":true,"href":"https:\/\/www.moulindelagassotte.fr\/de\/wp-json\/wp\/v2\/comments?post=2149"}],"version-history":[{"count":82,"href":"https:\/\/www.moulindelagassotte.fr\/de\/wp-json\/wp\/v2\/pages\/2149\/revisions"}],"predecessor-version":[{"id":3346,"href":"https:\/\/www.moulindelagassotte.fr\/de\/wp-json\/wp\/v2\/pages\/2149\/revisions\/3346"}],"wp:attachment":[{"href":"https:\/\/www.moulindelagassotte.fr\/de\/wp-json\/wp\/v2\/media?parent=2149"}],"curies":[{"name":"wp","href":"https:\/\/api.w.org\/{rel}","templated":true}]}}